{"id":11977,"date":"2023-06-21T15:00:37","date_gmt":"2023-06-21T13:00:37","guid":{"rendered":"https:\/\/unitedprint.info\/?page_id=11977"},"modified":"2024-05-14T14:48:44","modified_gmt":"2024-05-14T12:48:44","slug":"news-slide-1-neu","status":"publish","type":"page","link":"https:\/\/unitedprint.com\/de\/news-slide-1-neu\/","title":{"rendered":"News Slide 1 &#8211; neu"},"content":{"rendered":"<p>[et_pb_section fb_built=&#8220;1&#8243; _builder_version=&#8220;4.16.0&#8243; _module_preset=&#8220;default&#8220; custom_margin=&#8220;0px||||false|false&#8220; custom_padding=&#8220;0px||||false|false&#8220; locked=&#8220;off&#8220; global_colors_info=&#8220;{}&#8220;][et_pb_row column_structure=&#8220;1_3,1_3,1_3&#8243; use_custom_gutter=&#8220;on&#8220; gutter_width=&#8220;3&#8243; custom_padding_last_edited=&#8220;on|desktop&#8220; _builder_version=&#8220;4.16.0&#8243; custom_margin=&#8220;0px||||false|false&#8220; custom_padding=&#8220;7px||20px|&#8220; custom_padding_tablet=&#8220;7px|0px|0px|0px&#8220; custom_padding_phone=&#8220;&#8220; collapsed=&#8220;off&#8220; global_colors_info=&#8220;{}&#8220;][et_pb_column type=&#8220;1_3&#8243; _builder_version=&#8220;4.16&#8243; custom_padding=&#8220;|||&#8220; global_colors_info=&#8220;{}&#8220; custom_padding__hover=&#8220;|||&#8220;][et_pb_image src=&#8220;https:\/\/unitedprint.com\/wp-content\/uploads\/2018\/09\/shoppartner-werden-team-small.jpg&#8220; title_text=&#8220;shoppartner-werden-team-small&#8220; url=&#8220;\/de\/shoppartner\/&#8220; align_tablet=&#8220;center&#8220; align_phone=&#8220;&#8220; align_last_edited=&#8220;on|desktop&#8220; module_class=&#8220;sliderelement&#8220; _builder_version=&#8220;4.16.0&#8243; custom_margin=&#8220;35px||15px||false|false&#8220; custom_margin_tablet=&#8220;35px||15px||false|false&#8220; custom_margin_phone=&#8220;35px||15px||false|false&#8220; custom_margin_last_edited=&#8220;on|desktop&#8220; custom_padding=&#8220;0px||||false|false&#8220; global_colors_info=&#8220;{}&#8220;][\/et_pb_image][et_pb_text _builder_version=&#8220;4.16.0&#8243; header_2_font_size=&#8220;20px&#8220; header_2_line_height=&#8220;24px&#8220; custom_margin=&#8220;||15px|&#8220; custom_margin_tablet=&#8220;||0px|&#8220; custom_margin_phone=&#8220;&#8220; custom_margin_last_edited=&#8220;on|desktop&#8220; global_colors_info=&#8220;{}&#8220;]<\/p>\n<h2><a href=\"\/de\/shoppartner\/\">MIT DEM EIGENEN WEBSHOP M\u00c4RKTE EROBERN: EINFACH \u2013 KOSTENLOS \u2013 SOFORT<\/a><\/h2>\n<p>Verkaufen Sie mit Ihrem eigenen Web-to-Print Shop und nutzen Sie die Erfahrung und Leistungsf\u00e4higkeit eines der erfolgreichsten Web-to-Print-Unternehmen Europas. Erobern Sie Ihren lokalen \/ regionalen Markt \u2013 ganz ohne Risiko!<\/p>\n<p>[\/et_pb_text][et_pb_code admin_label=&#8220;Link&#8220; _builder_version=&#8220;4.16.0&#8243; text_orientation=&#8220;left&#8220; custom_margin_tablet=&#8220;&#8220; custom_margin_phone=&#8220;&#8220; custom_margin_last_edited=&#8220;on|phone&#8220; custom_css_main_element=&#8220;font-weight: 600;&#8220; global_colors_info=&#8220;{}&#8220;]<a href=\"\/de\/shoppartner\/\">MEHR LESEN<\/a>[\/et_pb_code][\/et_pb_column][et_pb_column type=&#8220;1_3&#8243; _builder_version=&#8220;4.16&#8243; custom_padding=&#8220;|||&#8220; global_colors_info=&#8220;{}&#8220; custom_padding__hover=&#8220;|||&#8220;][et_pb_image src=&#8220;https:\/\/unitedprint.com\/wp-content\/uploads\/2019\/09\/1-1.png&#8220; title_text=&#8220;Partnertag 2019 war ein voller Erfolg!&#8220; url=&#8220;\/de\/infowerk-materials\/&#8220; align_tablet=&#8220;center&#8220; align_phone=&#8220;&#8220; align_last_edited=&#8220;on|desktop&#8220; module_class=&#8220;sliderelement&#8220; _builder_version=&#8220;4.16.0&#8243; custom_margin=&#8220;35px||15px||false|false&#8220; custom_margin_tablet=&#8220;35px||15px||false|false&#8220; custom_margin_phone=&#8220;35px||15px||false|false&#8220; custom_margin_last_edited=&#8220;on|desktop&#8220; custom_padding=&#8220;0px|||&#8220; locked=&#8220;off&#8220; global_colors_info=&#8220;{}&#8220;][\/et_pb_image][et_pb_text _builder_version=&#8220;4.16.0&#8243; link_text_color=&#8220;#003764&#8243; header_2_font_size=&#8220;20px&#8220; header_2_line_height=&#8220;24px&#8220; custom_margin=&#8220;||15px|&#8220; custom_margin_tablet=&#8220;||0px|&#8220; custom_margin_phone=&#8220;&#8220; custom_margin_last_edited=&#8220;on|phone&#8220; hover_enabled=&#8220;0&#8243; locked=&#8220;off&#8220; global_colors_info=&#8220;{}&#8220; sticky_enabled=&#8220;0&#8243;]<\/p>\n<h2><a href=\"\/de\/infowerk-materials\/\">PAPIER UND PLATTEN VOM DRUCKER F\u00dcR DRUCKER<\/a><\/h2>\n<p>Mit bis zu 50% niedrigeren Einkaufspreisen und unlimitierter Verf\u00fcgbarkeit von hochwertigem Papier und erstklassigen Druckplatten erm\u00f6glicht Unitedprint Druckereien aus ganz Europa einen markt- und wettbewerbsgerechten Zugang f\u00fcr ihre wichtigsten Materialien.<\/p>\n<p>[\/et_pb_text][et_pb_code admin_label=&#8220;Link&#8220; _builder_version=&#8220;4.16.0&#8243; text_orientation=&#8220;left&#8220; custom_margin_tablet=&#8220;&#8220; custom_margin_phone=&#8220;&#8220; custom_margin_last_edited=&#8220;on|phone&#8220; custom_css_main_element=&#8220;font-weight: 600;&#8220; locked=&#8220;off&#8220; global_colors_info=&#8220;{}&#8220;]<a href=\"\/de\/infowerk-materials\/\">MEHR LESEN<\/a>[\/et_pb_code][\/et_pb_column][et_pb_column type=&#8220;1_3&#8243; _builder_version=&#8220;4.16&#8243; custom_padding=&#8220;|||&#8220; global_colors_info=&#8220;{}&#8220; custom_padding__hover=&#8220;|||&#8220;][et_pb_image src=&#8220;https:\/\/unitedprint.com\/wp-content\/uploads\/2018\/09\/produktionspartner-werden-small.jpg&#8220; title_text=&#8220;produktionspartner-werden-small&#8220; url=&#8220;\/de\/produktionspartner-werden\/&#8220; align_tablet=&#8220;center&#8220; align_phone=&#8220;&#8220; align_last_edited=&#8220;on|desktop&#8220; module_class=&#8220;sliderelement&#8220; _builder_version=&#8220;4.16.0&#8243; custom_margin=&#8220;35px||15px||false|false&#8220; custom_margin_tablet=&#8220;35px||15px||false|false&#8220; custom_margin_phone=&#8220;35px||15px||false|false&#8220; custom_margin_last_edited=&#8220;on|desktop&#8220; custom_padding=&#8220;0px|||&#8220; global_colors_info=&#8220;{}&#8220;][\/et_pb_image][et_pb_text _builder_version=&#8220;4.16.0&#8243; link_text_color=&#8220;#003764&#8243; header_2_font_size=&#8220;20px&#8220; header_2_line_height=&#8220;24px&#8220; custom_margin=&#8220;||15px|&#8220; custom_margin_tablet=&#8220;||0px|&#8220; custom_margin_phone=&#8220;&#8220; custom_margin_last_edited=&#8220;on|phone&#8220; global_colors_info=&#8220;{}&#8220;]<\/p>\n<h2 class=\"entry-title\"><a href=\"\/de\/produktionspartner-werden\/\">ALS PRODUKTIONSPARTNER AM WACHSTUM VON UNITEDPRINT TEILHABEN<\/a><\/h2>\n<p>Konnten gestern nur einfachste Produkte online bestellt werden, sind es heute bereits viele Millionen von Konfigurationen. Die M\u00f6glichkeiten im Web-to-Print von morgen sind nahezu unbegrenzt. Werden Sie und Ihre Produktion dabei sein? Unitedprint nimmt Sie gerne mit!<\/p>\n<p>[\/et_pb_text][et_pb_code admin_label=&#8220;Link&#8220; _builder_version=&#8220;4.16.0&#8243; text_orientation=&#8220;left&#8220; custom_margin_tablet=&#8220;||20px|&#8220; custom_margin_phone=&#8220;&#8220; custom_margin_last_edited=&#8220;on|tablet&#8220; custom_css_main_element=&#8220;font-weight: 600;&#8220; global_colors_info=&#8220;{}&#8220;]<a href=\"\/de\/produktionspartner-werden\/\">MEHR LESEN<\/a>[\/et_pb_code][\/et_pb_column][\/et_pb_row][\/et_pb_section]<\/p>\n","protected":false},"excerpt":{"rendered":"<p>MIT DEM EIGENEN WEBSHOP M\u00c4RKTE EROBERN: EINFACH \u2013 KOSTENLOS \u2013 SOFORT Verkaufen Sie mit Ihrem eigenen Web-to-Print Shop und nutzen Sie die Erfahrung und Leistungsf\u00e4higkeit eines der erfolgreichsten Web-to-Print-Unternehmen Europas. Erobern Sie Ihren lokalen \/ regionalen Markt \u2013 ganz ohne Risiko!PAPIER UND PLATTEN VOM DRUCKER F\u00dcR DRUCKER Mit bis zu 50% niedrigeren Einkaufspreisen und unlimitierter [&hellip;]<\/p>\n","protected":false},"author":24,"featured_media":0,"parent":0,"menu_order":0,"comment_status":"closed","ping_status":"closed","template":"","meta":{"_et_pb_use_builder":"on","_et_pb_old_content":"","_et_gb_content_width":"","_expiration-date-status":"","_expiration-date":0,"_expiration-date-type":"","_expiration-date-categories":[],"_expiration-date-options":[]},"aioseo_notices":[],"_links":{"self":[{"href":"https:\/\/unitedprint.com\/de\/wp-json\/wp\/v2\/pages\/11977"}],"collection":[{"href":"https:\/\/unitedprint.com\/de\/wp-json\/wp\/v2\/pages"}],"about":[{"href":"https:\/\/unitedprint.com\/de\/wp-json\/wp\/v2\/types\/page"}],"author":[{"embeddable":true,"href":"https:\/\/unitedprint.com\/de\/wp-json\/wp\/v2\/users\/24"}],"replies":[{"embeddable":true,"href":"https:\/\/unitedprint.com\/de\/wp-json\/wp\/v2\/comments?post=11977"}],"version-history":[{"count":16,"href":"https:\/\/unitedprint.com\/de\/wp-json\/wp\/v2\/pages\/11977\/revisions"}],"predecessor-version":[{"id":14052,"href":"https:\/\/unitedprint.com\/de\/wp-json\/wp\/v2\/pages\/11977\/revisions\/14052"}],"wp:attachment":[{"href":"https:\/\/unitedprint.com\/de\/wp-json\/wp\/v2\/media?parent=11977"}],"curies":[{"name":"wp","href":"https:\/\/api.w.org\/{rel}","templated":true}]}}