{"id":16059,"date":"2025-03-19T12:56:53","date_gmt":"2025-03-19T11:56:53","guid":{"rendered":"https:\/\/unitedprint.com\/?page_id=16059"},"modified":"2025-03-19T13:35:15","modified_gmt":"2025-03-19T12:35:15","slug":"easyprint","status":"publish","type":"page","link":"https:\/\/unitedprint.com\/de\/easyprint\/","title":{"rendered":"Easyprint"},"content":{"rendered":"<p>[et_pb_section fb_built=&#8220;1&#8243; custom_padding_last_edited=&#8220;on|desktop&#8220; disabled_on=&#8220;on|on|&#8220; _builder_version=&#8220;4.16.0&#8243; use_background_color_gradient=&#8220;on&#8220; background_color_gradient_direction=&#8220;45deg&#8220; background_color_gradient_stops=&#8220;#f6f6f7 30%|#909cae 100%&#8220; background_color_gradient_start=&#8220;#f6f6f7&#8243; background_color_gradient_start_position=&#8220;30%&#8220; background_color_gradient_end=&#8220;#909cae&#8220; background_image=&#8220;https:\/\/unitedprint.com\/wp-content\/uploads\/2025\/03\/portal-easyprint.png&#8220; background_size=&#8220;initial&#8220; background_position=&#8220;bottom_right&#8220; max_width=&#8220;1400px&#8220; max_width_last_edited=&#8220;off|&#8220; module_alignment=&#8220;center&#8220; custom_padding=&#8220;0px||0px|&#8220; custom_padding_tablet=&#8220;&#8220; custom_padding_phone=&#8220;&#8220; custom_css_main_element=&#8220;height:292px;&#8220; global_colors_info=&#8220;{}&#8220;][et_pb_row column_structure=&#8220;1_2,1_2&#8243; custom_padding_last_edited=&#8220;on|tablet&#8220; _builder_version=&#8220;4.16.0&#8243; custom_padding=&#8220;0px||0px|&#8220; custom_padding_tablet=&#8220;&#8220; custom_padding_phone=&#8220;&#8220; use_custom_width=&#8220;on&#8220; global_colors_info=&#8220;{}&#8220;][et_pb_column type=&#8220;1_2&#8243; _builder_version=&#8220;4.16&#8243; custom_padding=&#8220;|||&#8220; global_colors_info=&#8220;{}&#8220; custom_padding__hover=&#8220;|||&#8220;][et_pb_image src=&#8220;https:\/\/unitedprint.com\/wp-content\/uploads\/2025\/03\/Easyprint-Logo_Easyprint-Logo.png&#8220; title_text=&#8220;Easyprint-Logo_Easyprint-Logo&#8220; align_tablet=&#8220;center&#8220; align_phone=&#8220;center&#8220; align_last_edited=&#8220;on|desktop&#8220; admin_label=&#8220;Easyprint Logo&#8220; _builder_version=&#8220;4.16.0&#8243; max_width=&#8220;20rem&#8220; custom_margin=&#8220;110px|||0px|false|false&#8220; custom_margin_tablet=&#8220;10%||10%|0px&#8220; custom_margin_phone=&#8220;&#8220; custom_margin_last_edited=&#8220;on|desktop&#8220; global_colors_info=&#8220;{}&#8220;][\/et_pb_image][\/et_pb_column][et_pb_column type=&#8220;1_2&#8243; _builder_version=&#8220;4.16&#8243; background_position=&#8220;bottom_right&#8220; custom_padding=&#8220;|||&#8220; global_colors_info=&#8220;{}&#8220; custom_padding__hover=&#8220;|||&#8220;][\/et_pb_column][\/et_pb_row][\/et_pb_section][et_pb_section fb_built=&#8220;1&#8243; disabled_on=&#8220;off|off|on&#8220; _builder_version=&#8220;4.16.0&#8243; use_background_color_gradient=&#8220;on&#8220; background_color_gradient_direction=&#8220;45deg&#8220; background_color_gradient_stops=&#8220;#f6f6f7 30%|#909cae 100%&#8220; background_color_gradient_start=&#8220;#f6f6f7&#8243; background_color_gradient_start_position=&#8220;30%&#8220; background_color_gradient_end=&#8220;#909cae&#8220; max_width=&#8220;1400px&#8220; max_width_last_edited=&#8220;off|&#8220; module_alignment=&#8220;center&#8220; custom_padding=&#8220;20px||20px|&#8220; global_colors_info=&#8220;{}&#8220;][et_pb_row column_structure=&#8220;1_2,1_2&#8243; _builder_version=&#8220;4.16.0&#8243; custom_padding=&#8220;20px||20px|&#8220; global_colors_info=&#8220;{}&#8220;][et_pb_column type=&#8220;1_2&#8243; _builder_version=&#8220;4.16&#8243; custom_padding=&#8220;|||&#8220; global_colors_info=&#8220;{}&#8220; custom_padding__hover=&#8220;|||&#8220;][et_pb_image src=&#8220;https:\/\/unitedprint.com\/wp-content\/uploads\/2025\/03\/Easyprint-Logo_Easyprint-Logo.png&#8220; title_text=&#8220;Easyprint-Logo_Easyprint-Logo&#8220; align_tablet=&#8220;center&#8220; align_phone=&#8220;center&#8220; align_last_edited=&#8220;on|desktop&#8220; admin_label=&#8220;Easyprint Logo&#8220; _builder_version=&#8220;4.16.0&#8243; max_width=&#8220;15rem&#8220; custom_margin=&#8220;10%|||&#8220; custom_margin_tablet=&#8220;0px||10%|&#8220; custom_margin_phone=&#8220;&#8220; custom_margin_last_edited=&#8220;on|desktop&#8220; global_colors_info=&#8220;{}&#8220;][\/et_pb_image][\/et_pb_column][et_pb_column type=&#8220;1_2&#8243; _builder_version=&#8220;4.16&#8243; background_position=&#8220;top_right&#8220; custom_padding=&#8220;|||&#8220; global_colors_info=&#8220;{}&#8220; custom_padding__hover=&#8220;|||&#8220;][et_pb_image src=&#8220;https:\/\/unitedprint.com\/wp-content\/uploads\/2025\/03\/Easyprint.png&#8220; title_text=&#8220;Easyprint&#8220; align=&#8220;center&#8220; align_tablet=&#8220;center&#8220; align_phone=&#8220;center&#8220; align_last_edited=&#8220;on|desktop&#8220; _builder_version=&#8220;4.16.0&#8243; global_colors_info=&#8220;{}&#8220;][\/et_pb_image][\/et_pb_column][\/et_pb_row][\/et_pb_section][et_pb_section fb_built=&#8220;1&#8243; _builder_version=&#8220;4.16&#8243; background_color=&#8220;#ffffff&#8220; custom_padding=&#8220;20px||20px|&#8220; global_colors_info=&#8220;{}&#8220;][et_pb_row _builder_version=&#8220;4.16&#8243; custom_padding=&#8220;7px||0px|&#8220; global_colors_info=&#8220;{}&#8220;][et_pb_column type=&#8220;4_4&#8243; _builder_version=&#8220;4.16&#8243; custom_padding=&#8220;|||&#8220; global_colors_info=&#8220;{}&#8220; custom_padding__hover=&#8220;|||&#8220;][et_pb_text _builder_version=&#8220;4.16.0&#8243; global_colors_info=&#8220;{}&#8220;]<\/p>\n<h1>Easyprint<\/h1>\n<p>[\/et_pb_text][\/et_pb_column][\/et_pb_row][et_pb_row column_structure=&#8220;1_2,1_2&#8243; use_custom_gutter=&#8220;on&#8220; gutter_width=&#8220;3&#8243; _builder_version=&#8220;4.16&#8243; custom_padding=&#8220;7px||20px|&#8220; global_colors_info=&#8220;{}&#8220;][et_pb_column type=&#8220;1_2&#8243; _builder_version=&#8220;4.16&#8243; custom_padding=&#8220;|||&#8220; global_colors_info=&#8220;{}&#8220; custom_padding__hover=&#8220;|||&#8220;][et_pb_text _builder_version=&#8220;4.16.0&#8243; global_colors_info=&#8220;{}&#8220;]<\/p>\n<p><b>Easyprint<\/b><span style=\"font-weight: 400;\"> bietet mit \u201eEasyprint Druckerpapier \/ Kopierpapier\u201c g\u00fcnstigen und nachhaltigen Zugang zum wichtigsten B\u00fcromittel. Kunden profitieren von einem optimierten Nutzererlebnis, g\u00fcnstigen Online-Preisen, PEFC-zertifizierten Lieferketten und h\u00f6chster Materialqualit\u00e4t. Mit innovativen Funktionen wie dem Liefer-Abo automatisieren Kunden ihre Materialfl\u00fcsse und sparen dabei Kosten.<\/span><\/p>\n<p>[\/et_pb_text][\/et_pb_column][et_pb_column type=&#8220;1_2&#8243; _builder_version=&#8220;4.16&#8243; custom_padding=&#8220;|||&#8220; global_colors_info=&#8220;{}&#8220; custom_padding__hover=&#8220;|||&#8220;][et_pb_text _builder_version=&#8220;4.16.0&#8243; global_colors_info=&#8220;{}&#8220;]<\/p>\n<p><b>Niedrigster Preis: <\/b><span style=\"font-weight: 400;\">Deutlich unter dem \u00fcblichen Marktgef\u00fcge<br \/><\/span><b>H\u00f6chste Qualit\u00e4t: <\/b><span style=\"font-weight: 400;\">\u00dcberlegene Dicke, au\u00dfergew\u00f6hnliche Wei\u00dfe (CIE 160), brillante Druckergebnisse, widerstandsf\u00e4hig und ideal abgestimmt<br \/><\/span><b>Umweltzertifiziert:<\/b><span style=\"font-weight: 400;\"> Aus nachhaltig bewirtschafteten W\u00e4ldern gewonnen und mit PEFC Umweltzertifikat ausgezeichnet<\/span><\/p>\n<p>[\/et_pb_text][\/et_pb_column][\/et_pb_row][et_pb_row custom_padding_last_edited=&#8220;off|desktop&#8220; _builder_version=&#8220;4.16&#8243; module_alignment=&#8220;center&#8220; custom_padding=&#8220;10px||0px|&#8220; custom_padding_tablet=&#8220;10px||20px|&#8220; custom_css_main_element=&#8220;text-align:center;&#8220; global_colors_info=&#8220;{}&#8220;][et_pb_column type=&#8220;4_4&#8243; _builder_version=&#8220;4.16&#8243; custom_padding=&#8220;|||&#8220; global_colors_info=&#8220;{}&#8220; custom_padding__hover=&#8220;|||&#8220;][et_pb_button button_url=&#8220;http:\/\/Easyprint.com&#8220; url_new_window=&#8220;on&#8220; button_text=&#8220;Zu Easyprint.com&#8220; button_alignment=&#8220;center&#8220; admin_label=&#8220;Button&#8220; _builder_version=&#8220;4.16.0&#8243; custom_button=&#8220;on&#8220; button_use_icon=&#8220;off&#8220; background_layout=&#8220;dark&#8220; button_border_radius_hover=&#8220;0&#8243; saved_tabs=&#8220;all&#8220; global_colors_info=&#8220;{}&#8220; button_text_size__hover_enabled=&#8220;off&#8220; button_one_text_size__hover_enabled=&#8220;off&#8220; button_two_text_size__hover_enabled=&#8220;off&#8220; button_text_color__hover_enabled=&#8220;off&#8220; button_one_text_color__hover_enabled=&#8220;off&#8220; button_two_text_color__hover_enabled=&#8220;off&#8220; button_border_width__hover_enabled=&#8220;off&#8220; button_one_border_width__hover_enabled=&#8220;off&#8220; button_two_border_width__hover_enabled=&#8220;off&#8220; button_border_color__hover_enabled=&#8220;off&#8220; button_one_border_color__hover_enabled=&#8220;off&#8220; button_two_border_color__hover_enabled=&#8220;off&#8220; button_border_radius__hover_enabled=&#8220;on&#8220; button_border_radius__hover=&#8220;0&#8243; button_one_border_radius__hover_enabled=&#8220;off&#8220; button_two_border_radius__hover_enabled=&#8220;off&#8220; button_letter_spacing__hover_enabled=&#8220;off&#8220; button_one_letter_spacing__hover_enabled=&#8220;off&#8220; button_two_letter_spacing__hover_enabled=&#8220;off&#8220; button_bg_color__hover_enabled=&#8220;off&#8220; button_one_bg_color__hover_enabled=&#8220;off&#8220; button_two_bg_color__hover_enabled=&#8220;off&#8220;][\/et_pb_button][\/et_pb_column][\/et_pb_row][\/et_pb_section][et_pb_section fb_built=&#8220;1&#8243; _builder_version=&#8220;4.16&#8243; background_color=&#8220;#ffffff&#8220; custom_padding=&#8220;20px||20px|&#8220; global_colors_info=&#8220;{}&#8220;][et_pb_row column_structure=&#8220;1_4,1_4,1_4,1_4&#8243; _builder_version=&#8220;4.16&#8243; custom_padding=&#8220;0px||15px|&#8220; global_colors_info=&#8220;{}&#8220;][et_pb_column type=&#8220;1_4&#8243; _builder_version=&#8220;4.16&#8243; custom_padding=&#8220;|||&#8220; global_colors_info=&#8220;{}&#8220; custom_padding__hover=&#8220;|||&#8220;][et_pb_blurb image=&#8220;https:\/\/unitedprint.com\/wordpress\/wp-content\/uploads\/2018\/07\/business.svg&#8220; admin_label=&#8220;Business&#8220; _builder_version=&#8220;4.16.0&#8243; header_line_height=&#8220;1.7em&#8220; body_line_height=&#8220;1.2em&#8220; custom_padding_tablet=&#8220;||40px|&#8220; custom_padding_phone=&#8220;&#8220; custom_padding_last_edited=&#8220;on|phone&#8220; custom_css_blurb_content=&#8220;color:#2ea3f2;&#8220; global_colors_info=&#8220;{}&#8220;]<\/p>\n<h3 style=\"text-align: center;\"><strong>Business<\/strong><\/h3>\n<p style=\"text-align: center;\"><strong>B-to-C<\/strong><br \/><strong>und B-to-B<\/strong><\/p>\n<p>[\/et_pb_blurb][\/et_pb_column][et_pb_column type=&#8220;1_4&#8243; _builder_version=&#8220;4.16&#8243; custom_padding=&#8220;|||&#8220; global_colors_info=&#8220;{}&#8220; custom_padding__hover=&#8220;|||&#8220;][et_pb_blurb image=&#8220;https:\/\/unitedprint.com\/wordpress\/wp-content\/uploads\/2018\/07\/target.svg&#8220; admin_label=&#8220;Zielgruppe&#8220; _builder_version=&#8220;4.16.0&#8243; body_line_height=&#8220;1.2em&#8220; custom_padding_tablet=&#8220;||40px|&#8220; custom_padding_phone=&#8220;&#8220; custom_padding_last_edited=&#8220;on|phone&#8220; custom_css_blurb_content=&#8220;color:#2ea3f2;&#8220; global_colors_info=&#8220;{}&#8220;]<\/p>\n<h3 style=\"text-align: center;\"><strong>Zielgruppe<\/strong><\/h3>\n<p style=\"text-align: center;\"><strong>Gesch\u00e4fts- und<\/strong><br \/><strong>Privatkunden<\/strong><\/p>\n<p>[\/et_pb_blurb][\/et_pb_column][et_pb_column type=&#8220;1_4&#8243; _builder_version=&#8220;4.16&#8243; custom_padding=&#8220;|||&#8220; global_colors_info=&#8220;{}&#8220; custom_padding__hover=&#8220;|||&#8220;][et_pb_blurb image=&#8220;https:\/\/unitedprint.com\/wordpress\/wp-content\/uploads\/2018\/07\/benefit.svg&#8220; admin_label=&#8220;Benefit&#8220; _builder_version=&#8220;4.16.0&#8243; body_line_height=&#8220;1.2em&#8220; custom_padding_tablet=&#8220;||40px|&#8220; custom_padding_phone=&#8220;&#8220; custom_padding_last_edited=&#8220;on|phone&#8220; custom_css_blurb_content=&#8220;color:#2ea3f2;&#8220; global_colors_info=&#8220;{}&#8220;]<\/p>\n<h3 style=\"text-align: center;\"><strong>Benefit<\/strong><\/h3>\n<p style=\"text-align: center;\"><strong>Innovative Funktionen<\/strong><br \/><strong>und g\u00fcnstige Preise<\/strong><\/p>\n<p>[\/et_pb_blurb][\/et_pb_column][et_pb_column type=&#8220;1_4&#8243; _builder_version=&#8220;4.16&#8243; custom_padding=&#8220;|||&#8220; global_colors_info=&#8220;{}&#8220; custom_padding__hover=&#8220;|||&#8220;][et_pb_blurb image=&#8220;https:\/\/unitedprint.com\/wordpress\/wp-content\/uploads\/2018\/07\/products.svg&#8220; admin_label=&#8220;Produkte&#8220; _builder_version=&#8220;4.16.0&#8243; body_line_height=&#8220;1.2em&#8220; custom_css_blurb_content=&#8220;color:#2ea3f2;&#8220; global_colors_info=&#8220;{}&#8220;]<\/p>\n<h3 style=\"text-align: center;\"><strong>Produkte<\/strong><\/h3>\n<p style=\"text-align: center;\"><strong>Druckerpapier \/ Kopierpapier<\/strong><br \/><strong>und B\u00fcrobedarf<\/strong><\/p>\n<p>[\/et_pb_blurb][\/et_pb_column][\/et_pb_row][\/et_pb_section][et_pb_section fb_built=&#8220;1&#8243; disabled_on=&#8220;off|off|off&#8220; _builder_version=&#8220;4.16.0&#8243; background_color=&#8220;#006eb9&#8243; min_height=&#8220;98px&#8220; custom_margin=&#8220;||0px||false|false&#8220; custom_padding=&#8220;20px||20px|&#8220; custom_css_main_element=&#8220;padding-bottom: 0px !important;||margin-bottom: 0px !important;&#8220; global_module=&#8220;2277&#8243; locked=&#8220;off&#8220; collapsed=&#8220;off&#8220; global_colors_info=&#8220;{}&#8220;][et_pb_row _builder_version=&#8220;4.16.0&#8243; background_size=&#8220;initial&#8220; background_position=&#8220;top_left&#8220; background_repeat=&#8220;repeat&#8220; module_alignment=&#8220;center&#8220; custom_margin=&#8220;0px||0px|&#8220; custom_padding=&#8220;20px||0px||false|false&#8220; global_colors_info=&#8220;{}&#8220;][et_pb_column type=&#8220;4_4&#8243; _builder_version=&#8220;4.16&#8243; custom_padding=&#8220;|||&#8220; global_colors_info=&#8220;{}&#8220; custom_padding__hover=&#8220;|||&#8220;][et_pb_text _builder_version=&#8220;4.16.0&#8243; text_orientation=&#8220;center&#8220; module_alignment=&#8220;center&#8220; custom_margin=&#8220;0px||0px|&#8220; custom_padding=&#8220;0px||0px|&#8220; hover_enabled=&#8220;0&#8243; global_colors_info=&#8220;{}&#8220; sticky_enabled=&#8220;0&#8243;]<\/p>\n<p><a href=\"\/de\/infowerk-2\/\"><img style=\"height: 20px; margin: 0 31px 10px 0;\" src=\"\/wordpress\/wp-content\/uploads\/2025\/03\/IW-Logo-1000x500-1.png\" alt=\"\" \/><\/a><a href=\"\/de\/print24\/\"><img style=\"height: 25px; margin: 0 32px 10px 0;\" src=\"\/wordpress\/wp-content\/uploads\/2018\/07\/print24-logo-weiss.svg\" alt=\"\" border=\"0\" \/><\/a><a href=\"\/de\/easyprint\/\"><img style=\"height: 22px; margin: 0 31px 10px 0;\" src=\"\/wordpress\/wp-content\/uploads\/2025\/03\/Easyprint-Logo_Easyprint-Logo-1.png\" alt=\"\" \/><\/a><a href=\"\/de\/unitedprint-shop-services\/\"><img style=\"height: 25px; margin: 0 0 10px 0;\" src=\"\/wordpress\/wp-content\/uploads\/2018\/10\/unitedprint-shop-service-logo-weiss.svg\" alt=\"\" \/><\/a><\/p>\n<p>[\/et_pb_text][\/et_pb_column][\/et_pb_row][\/et_pb_section]<\/p>\n","protected":false},"excerpt":{"rendered":"<p>EasyprintEasyprint bietet mit \u201eEasyprint Druckerpapier \/ Kopierpapier\u201c g\u00fcnstigen und nachhaltigen Zugang zum wichtigsten B\u00fcromittel. Kunden profitieren von einem optimierten Nutzererlebnis, g\u00fcnstigen Online-Preisen, PEFC-zertifizierten Lieferketten und h\u00f6chster Materialqualit\u00e4t. Mit innovativen Funktionen wie dem Liefer-Abo automatisieren Kunden ihre Materialfl\u00fcsse und sparen dabei Kosten.Niedrigster Preis: Deutlich unter dem \u00fcblichen Marktgef\u00fcgeH\u00f6chste Qualit\u00e4t: \u00dcberlegene Dicke, au\u00dfergew\u00f6hnliche Wei\u00dfe (CIE 160), brillante [&hellip;]<\/p>\n","protected":false},"author":22,"featured_media":0,"parent":0,"menu_order":0,"comment_status":"closed","ping_status":"closed","template":"","meta":{"_et_pb_use_builder":"on","_et_pb_old_content":"","_et_gb_content_width":"","_expiration-date-status":"","_expiration-date":0,"_expiration-date-type":"","_expiration-date-categories":[],"_expiration-date-options":[]},"aioseo_notices":[],"_links":{"self":[{"href":"https:\/\/unitedprint.com\/de\/wp-json\/wp\/v2\/pages\/16059"}],"collection":[{"href":"https:\/\/unitedprint.com\/de\/wp-json\/wp\/v2\/pages"}],"about":[{"href":"https:\/\/unitedprint.com\/de\/wp-json\/wp\/v2\/types\/page"}],"author":[{"embeddable":true,"href":"https:\/\/unitedprint.com\/de\/wp-json\/wp\/v2\/users\/22"}],"replies":[{"embeddable":true,"href":"https:\/\/unitedprint.com\/de\/wp-json\/wp\/v2\/comments?post=16059"}],"version-history":[{"count":20,"href":"https:\/\/unitedprint.com\/de\/wp-json\/wp\/v2\/pages\/16059\/revisions"}],"predecessor-version":[{"id":16128,"href":"https:\/\/unitedprint.com\/de\/wp-json\/wp\/v2\/pages\/16059\/revisions\/16128"}],"wp:attachment":[{"href":"https:\/\/unitedprint.com\/de\/wp-json\/wp\/v2\/media?parent=16059"}],"curies":[{"name":"wp","href":"https:\/\/api.w.org\/{rel}","templated":true}]}}