{"id":3806,"date":"2018-09-28T11:30:25","date_gmt":"2018-09-28T09:30:25","guid":{"rendered":"https:\/\/unitedprint-se.com\/?page_id=3806"},"modified":"2024-07-29T10:58:43","modified_gmt":"2024-07-29T08:58:43","slug":"infowerk-materials-brand","status":"publish","type":"page","link":"https:\/\/unitedprint.com\/de\/infowerk-materials-brand\/","title":{"rendered":"Infowerk Materials"},"content":{"rendered":"<p>[et_pb_section fb_built=&#8220;1&#8243; custom_padding_last_edited=&#8220;on|desktop&#8220; disabled_on=&#8220;on|on|&#8220; _builder_version=&#8220;4.16.0&#8243; use_background_color_gradient=&#8220;on&#8220; background_color_gradient_direction=&#8220;45deg&#8220; background_color_gradient_stops=&#8220;#f6f6f7 30%|#909cae 100%&#8220; background_color_gradient_start=&#8220;#f6f6f7&#8243; background_color_gradient_start_position=&#8220;30%&#8220; background_color_gradient_end=&#8220;#909cae&#8220; background_image=&#8220;https:\/\/unitedprint.com\/wp-content\/uploads\/2024\/05\/01D6545B-EF7A-4F20-8383-52764B66848E.png&#8220; background_size=&#8220;initial&#8220; background_position=&#8220;bottom_right&#8220; max_width=&#8220;1400px&#8220; module_alignment=&#8220;center&#8220; custom_padding=&#8220;0px||0px|&#8220; custom_padding_tablet=&#8220;&#8220; custom_padding_phone=&#8220;&#8220; custom_css_main_element=&#8220;height:292px;&#8220; global_colors_info=&#8220;{}&#8220;][et_pb_row column_structure=&#8220;1_2,1_2&#8243; custom_padding_last_edited=&#8220;on|tablet&#8220; _builder_version=&#8220;4.16.0&#8243; max_width=&#8220;1084px&#8220; module_alignment=&#8220;center&#8220; custom_padding=&#8220;0px||0px|2px|false|false&#8220; custom_padding_tablet=&#8220;&#8220; custom_padding_phone=&#8220;&#8220; use_custom_width=&#8220;on&#8220; custom_width_px=&#8220;1084px&#8220; global_colors_info=&#8220;{}&#8220;][et_pb_column type=&#8220;1_2&#8243; _builder_version=&#8220;4.16&#8243; custom_padding=&#8220;|||&#8220; global_colors_info=&#8220;{}&#8220; custom_padding__hover=&#8220;|||&#8220;][et_pb_image src=&#8220;https:\/\/unitedprint.com\/wp-content\/uploads\/2024\/05\/848D632E-D238-48DB-B357-BFB078BEA2DD.png&#8220; title_text=&#8220;848D632E-D238-48DB-B357-BFB078BEA2DD&#8220; align_tablet=&#8220;center&#8220; align_phone=&#8220;center&#8220; align_last_edited=&#8220;on|desktop&#8220; admin_label=&#8220;Print24&#8243; _builder_version=&#8220;4.16.0&#8243; max_width=&#8220;50%&#8220; custom_margin=&#8220;100px|||0px&#8220; custom_margin_tablet=&#8220;10%||10%|0px&#8220; custom_margin_phone=&#8220;&#8220; custom_margin_last_edited=&#8220;on|desktop&#8220; global_colors_info=&#8220;{}&#8220;][\/et_pb_image][\/et_pb_column][et_pb_column type=&#8220;1_2&#8243; _builder_version=&#8220;4.16&#8243; background_position=&#8220;bottom_right&#8220; custom_padding=&#8220;|||&#8220; global_colors_info=&#8220;{}&#8220; custom_padding__hover=&#8220;|||&#8220;][\/et_pb_column][\/et_pb_row][\/et_pb_section][et_pb_section fb_built=&#8220;1&#8243; disabled_on=&#8220;off|off|on&#8220; _builder_version=&#8220;4.16&#8243; use_background_color_gradient=&#8220;on&#8220; background_color_gradient_direction=&#8220;45deg&#8220; background_color_gradient_stops=&#8220;#f6f6f7 30%|#909cae 100%&#8220; background_color_gradient_start=&#8220;#f6f6f7&#8243; background_color_gradient_start_position=&#8220;30%&#8220; background_color_gradient_end=&#8220;#909cae&#8220; max_width=&#8220;1400px&#8220; max_width_last_edited=&#8220;off|&#8220; module_alignment=&#8220;center&#8220; custom_padding=&#8220;20px||20px|&#8220; global_colors_info=&#8220;{}&#8220;][et_pb_row column_structure=&#8220;1_2,1_2&#8243; _builder_version=&#8220;4.16&#8243; custom_padding=&#8220;20px||20px|&#8220; global_colors_info=&#8220;{}&#8220;][et_pb_column type=&#8220;1_2&#8243; _builder_version=&#8220;4.16&#8243; custom_padding=&#8220;|||&#8220; global_colors_info=&#8220;{}&#8220; custom_padding__hover=&#8220;|||&#8220;][et_pb_image src=&#8220;https:\/\/unitedprint.com\/wp-content\/uploads\/2024\/05\/848D632E-D238-48DB-B357-BFB078BEA2DD.png&#8220; title_text=&#8220;848D632E-D238-48DB-B357-BFB078BEA2DD&#8220; align_tablet=&#8220;center&#8220; align_phone=&#8220;center&#8220; align_last_edited=&#8220;on|desktop&#8220; admin_label=&#8220;Print24&#8243; _builder_version=&#8220;4.16.0&#8243; custom_margin=&#8220;10%|||&#8220; custom_margin_tablet=&#8220;0px||10%|&#8220; custom_margin_phone=&#8220;&#8220; custom_margin_last_edited=&#8220;on|desktop&#8220; hover_enabled=&#8220;0&#8243; global_colors_info=&#8220;{}&#8220; sticky_enabled=&#8220;0&#8243;][\/et_pb_image][\/et_pb_column][et_pb_column type=&#8220;1_2&#8243; _builder_version=&#8220;4.16&#8243; background_position=&#8220;top_right&#8220; custom_padding=&#8220;|||&#8220; global_colors_info=&#8220;{}&#8220; custom_padding__hover=&#8220;|||&#8220;][et_pb_image src=&#8220;https:\/\/unitedprint.com\/wp-content\/uploads\/2024\/05\/4172CA4B-0014-4353-A05E-368C50D84286.png&#8220; title_text=&#8220;4172CA4B-0014-4353-A05E-368C50D84286&#8243; align_tablet=&#8220;center&#8220; align_phone=&#8220;left&#8220; align_last_edited=&#8220;on|tablet&#8220; _builder_version=&#8220;4.16.0&#8243; width=&#8220;100%&#8220; max_width=&#8220;91%&#8220; custom_margin=&#8220;|2px|||false|false&#8220; global_colors_info=&#8220;{}&#8220;][\/et_pb_image][\/et_pb_column][\/et_pb_row][\/et_pb_section][et_pb_section fb_built=&#8220;1&#8243; _builder_version=&#8220;4.16&#8243; background_color=&#8220;#ffffff&#8220; custom_padding=&#8220;20px||0||false|false&#8220; global_colors_info=&#8220;{}&#8220;][et_pb_row _builder_version=&#8220;4.16&#8243; custom_padding=&#8220;7px||0px|&#8220; global_colors_info=&#8220;{}&#8220;][et_pb_column type=&#8220;4_4&#8243; _builder_version=&#8220;4.16&#8243; custom_padding=&#8220;|||&#8220; global_colors_info=&#8220;{}&#8220; custom_padding__hover=&#8220;|||&#8220;][et_pb_text _builder_version=&#8220;4.16.0&#8243; global_colors_info=&#8220;{}&#8220;]<\/p>\n<h1>Infowerk Materials<\/h1>\n<p>[\/et_pb_text][\/et_pb_column][\/et_pb_row][et_pb_row column_structure=&#8220;1_2,1_2&#8243; use_custom_gutter=&#8220;on&#8220; gutter_width=&#8220;3&#8243; _builder_version=&#8220;4.16&#8243; custom_padding=&#8220;7px||20px|&#8220; global_colors_info=&#8220;{}&#8220;][et_pb_column type=&#8220;1_2&#8243; _builder_version=&#8220;4.16&#8243; custom_padding=&#8220;|||&#8220; global_colors_info=&#8220;{}&#8220; custom_padding__hover=&#8220;|||&#8220;][et_pb_text _builder_version=&#8220;4.16.0&#8243; global_colors_info=&#8220;{}&#8220;]<\/p>\n<p>Infowerk Materials ist die Antwort der <a href=\"http:\/\/Unitedprint.com\">Unitedprint.com<\/a> SE auf die steigenden Herausforderungen der Druckindustrie und bietet eine zeitgem\u00e4\u00dfe Alternative zu marktbeherrschenden Materialherstellern und -h\u00e4ndlern.<\/p>\n<p class=\"p1\">Infowerk Materials steht f\u00fcr hochwertige Grafische Papiere, Druckplatten, Druckerpapier \/ Kopierpapier und weitere Materialien f\u00fcr die Druckindustrie.<\/p>\n<p>[\/et_pb_text][\/et_pb_column][et_pb_column type=&#8220;1_2&#8243; _builder_version=&#8220;4.16&#8243; custom_padding=&#8220;|||&#8220; global_colors_info=&#8220;{}&#8220; custom_padding__hover=&#8220;|||&#8220;][et_pb_text _builder_version=&#8220;4.16.0&#8243; global_colors_info=&#8220;{}&#8220;]<\/p>\n<p class=\"p1\">Der Fokus von Infowerk Materials liegt darauf, Qualit\u00e4t, Wirtschaftlichkeit und Zuverl\u00e4ssigkeit zu verbinden, indem die Anforderungen an Materialauswahl, Formatflexibilit\u00e4t und Umweltvertr\u00e4glichkeit perfekt erf\u00fcllt und gleichzeitig Einkaufspreise deutlich unter dem europ\u00e4ischen Marktdurchschnitt erzielt werden.<\/p>\n<p>[\/et_pb_text][\/et_pb_column][\/et_pb_row][et_pb_row _builder_version=&#8220;4.16.0&#8243; _module_preset=&#8220;default&#8220; global_colors_info=&#8220;{}&#8220;][et_pb_column type=&#8220;4_4&#8243; _builder_version=&#8220;4.16.0&#8243; _module_preset=&#8220;default&#8220; global_colors_info=&#8220;{}&#8220;][et_pb_button button_url=&#8220;https:\/\/unitedprint.com\/de\/infowerk-materials\/&#8220; button_text=&#8220;Mehr erfahren&#8220; button_alignment=&#8220;center&#8220; _builder_version=&#8220;4.16.0&#8243; _module_preset=&#8220;default&#8220; custom_button=&#8220;on&#8220; button_use_icon=&#8220;off&#8220; background_layout=&#8220;dark&#8220; global_colors_info=&#8220;{}&#8220; button_border_radius__hover=&#8220;0&#8243; button_border_radius__hover_enabled=&#8220;on&#8220;][\/et_pb_button][\/et_pb_column][\/et_pb_row][\/et_pb_section][et_pb_section fb_built=&#8220;1&#8243; _builder_version=&#8220;4.16&#8243; background_color=&#8220;#ffffff&#8220; custom_padding=&#8220;20px||20px|&#8220; global_colors_info=&#8220;{}&#8220;][et_pb_row column_structure=&#8220;1_4,1_4,1_4,1_4&#8243; _builder_version=&#8220;4.16&#8243; custom_padding=&#8220;0px||15px|&#8220; global_colors_info=&#8220;{}&#8220;][et_pb_column type=&#8220;1_4&#8243; _builder_version=&#8220;4.16&#8243; custom_padding=&#8220;|||&#8220; global_colors_info=&#8220;{}&#8220; custom_padding__hover=&#8220;|||&#8220;][et_pb_blurb image=&#8220;https:\/\/unitedprint.com\/wordpress\/wp-content\/uploads\/2018\/07\/business.svg&#8220; admin_label=&#8220;Business&#8220; _builder_version=&#8220;4.16.0&#8243; header_line_height=&#8220;1.7em&#8220; body_line_height=&#8220;1.2em&#8220; custom_padding_tablet=&#8220;||40px|&#8220; custom_padding_phone=&#8220;&#8220; custom_padding_last_edited=&#8220;on|phone&#8220; custom_css_blurb_content=&#8220;color:#2ea3f2;&#8220; global_colors_info=&#8220;{}&#8220;]<\/p>\n<h3 style=\"text-align: center;\"><strong>Business<\/strong><\/h3>\n<p style=\"text-align: center;\"><b>Materialeinkauf<\/b><\/p>\n<p>[\/et_pb_blurb][\/et_pb_column][et_pb_column type=&#8220;1_4&#8243; _builder_version=&#8220;4.16&#8243; custom_padding=&#8220;|||&#8220; global_colors_info=&#8220;{}&#8220; custom_padding__hover=&#8220;|||&#8220;][et_pb_blurb image=&#8220;https:\/\/unitedprint.com\/wordpress\/wp-content\/uploads\/2018\/07\/target.svg&#8220; admin_label=&#8220;Zielgruppe&#8220; _builder_version=&#8220;4.16.0&#8243; body_line_height=&#8220;1.2em&#8220; custom_padding_tablet=&#8220;||40px|&#8220; custom_padding_phone=&#8220;&#8220; custom_padding_last_edited=&#8220;on|phone&#8220; custom_css_blurb_content=&#8220;color:#2ea3f2;&#8220; global_colors_info=&#8220;{}&#8220;]<\/p>\n<h3 style=\"text-align: center;\"><strong>Zielgruppe<\/strong><\/h3>\n<p style=\"text-align: center;\"><b>Druckindustrie<\/b><\/p>\n<p>[\/et_pb_blurb][\/et_pb_column][et_pb_column type=&#8220;1_4&#8243; _builder_version=&#8220;4.16&#8243; custom_padding=&#8220;|||&#8220; global_colors_info=&#8220;{}&#8220; custom_padding__hover=&#8220;|||&#8220;][et_pb_blurb image=&#8220;https:\/\/unitedprint.com\/wordpress\/wp-content\/uploads\/2018\/07\/benefit.svg&#8220; admin_label=&#8220;Benefit&#8220; _builder_version=&#8220;4.16.0&#8243; body_line_height=&#8220;1.2em&#8220; custom_padding_tablet=&#8220;||40px|&#8220; custom_padding_phone=&#8220;&#8220; custom_padding_last_edited=&#8220;on|phone&#8220; custom_css_blurb_content=&#8220;color:#2ea3f2;&#8220; global_colors_info=&#8220;{}&#8220;]<\/p>\n<h3 style=\"text-align: center;\"><strong>Benefit<\/strong><\/h3>\n<p style=\"text-align: center;\"><b>Niedrige Einkaufspreise<\/b><\/p>\n<p>[\/et_pb_blurb][\/et_pb_column][et_pb_column type=&#8220;1_4&#8243; _builder_version=&#8220;4.16&#8243; custom_padding=&#8220;|||&#8220; global_colors_info=&#8220;{}&#8220; custom_padding__hover=&#8220;|||&#8220;][et_pb_blurb image=&#8220;https:\/\/unitedprint.com\/wordpress\/wp-content\/uploads\/2018\/07\/products.svg&#8220; admin_label=&#8220;Produkte&#8220; _builder_version=&#8220;4.16.0&#8243; body_line_height=&#8220;1.2em&#8220; custom_css_blurb_content=&#8220;color:#2ea3f2;&#8220; global_colors_info=&#8220;{}&#8220;]<\/p>\n<h3 style=\"text-align: center;\"><strong>Produkte<\/strong><\/h3>\n<p style=\"text-align: center;\"><b>Grafische Papiere \/ Druckplatten<br \/><\/b><\/p>\n<p>[\/et_pb_blurb][\/et_pb_column][\/et_pb_row][\/et_pb_section][et_pb_section fb_built=&#8220;1&#8243; disabled_on=&#8220;off|off|off&#8220; _builder_version=&#8220;4.16.0&#8243; background_color=&#8220;#006eb9&#8243; min_height=&#8220;98px&#8220; custom_margin=&#8220;||0px||false|false&#8220; custom_padding=&#8220;20px||20px|&#8220; custom_css_main_element=&#8220;padding-bottom: 0px !important;||margin-bottom: 0px !important;&#8220; global_module=&#8220;2277&#8243; locked=&#8220;off&#8220; collapsed=&#8220;off&#8220; global_colors_info=&#8220;{}&#8220;][et_pb_row _builder_version=&#8220;4.16.0&#8243; background_size=&#8220;initial&#8220; background_position=&#8220;top_left&#8220; background_repeat=&#8220;repeat&#8220; module_alignment=&#8220;center&#8220; custom_margin=&#8220;0px||0px|&#8220; custom_padding=&#8220;20px||0px||false|false&#8220; global_colors_info=&#8220;{}&#8220;][et_pb_column type=&#8220;4_4&#8243; _builder_version=&#8220;4.16&#8243; custom_padding=&#8220;|||&#8220; global_colors_info=&#8220;{}&#8220; custom_padding__hover=&#8220;|||&#8220;][et_pb_text _builder_version=&#8220;4.16.0&#8243; text_orientation=&#8220;center&#8220; module_alignment=&#8220;center&#8220; custom_margin=&#8220;0px||0px|&#8220; custom_padding=&#8220;0px||0px|&#8220; global_colors_info=&#8220;{}&#8220;]<a href=\"\/de\/easyprint\/\"><img style=\"height: 20px; margin: 0 31px 10px 0;\" src=\"\/wordpress\/wp-content\/uploads\/2018\/09\/Infowerk-Logo-Weiss.png\" alt=\"\" \/><\/a><a href=\"\/de\/print24\/\"><img style=\"height: 25px; margin: 0 32px 10px 0;\" src=\"\/wordpress\/wp-content\/uploads\/2018\/07\/print24-logo-weiss.svg\" alt=\"\" border=\"0\" \/><\/a><a href=\"\/de\/unitedprint-shop-services\/\"><img style=\"height: 22px; margin: 0 0 10px 0;\" src=\"\/wordpress\/wp-content\/uploads\/2018\/10\/unitedprint-shop-service-logo-weiss.svg\" alt=\"\" \/><\/a>[\/et_pb_text][\/et_pb_column][\/et_pb_row][\/et_pb_section]<\/p>\n","protected":false},"excerpt":{"rendered":"<p>Infowerk MaterialsInfowerk Materials ist die Antwort der Unitedprint.com SE auf die steigenden Herausforderungen der Druckindustrie und bietet eine zeitgem\u00e4\u00dfe Alternative zu marktbeherrschenden Materialherstellern und -h\u00e4ndlern. Infowerk Materials steht f\u00fcr hochwertige Grafische Papiere, Druckplatten, Druckerpapier \/ Kopierpapier und weitere Materialien f\u00fcr die Druckindustrie.Der Fokus von Infowerk Materials liegt darauf, Qualit\u00e4t, Wirtschaftlichkeit und Zuverl\u00e4ssigkeit zu verbinden, indem [&hellip;]<\/p>\n","protected":false},"author":15,"featured_media":0,"parent":0,"menu_order":2,"comment_status":"closed","ping_status":"closed","template":"","meta":{"_et_pb_use_builder":"on","_et_pb_old_content":"","_et_gb_content_width":"","_expiration-date-status":"","_expiration-date":0,"_expiration-date-type":"","_expiration-date-categories":[],"_expiration-date-options":[]},"aioseo_notices":[],"_links":{"self":[{"href":"https:\/\/unitedprint.com\/de\/wp-json\/wp\/v2\/pages\/3806"}],"collection":[{"href":"https:\/\/unitedprint.com\/de\/wp-json\/wp\/v2\/pages"}],"about":[{"href":"https:\/\/unitedprint.com\/de\/wp-json\/wp\/v2\/types\/page"}],"author":[{"embeddable":true,"href":"https:\/\/unitedprint.com\/de\/wp-json\/wp\/v2\/users\/15"}],"replies":[{"embeddable":true,"href":"https:\/\/unitedprint.com\/de\/wp-json\/wp\/v2\/comments?post=3806"}],"version-history":[{"count":50,"href":"https:\/\/unitedprint.com\/de\/wp-json\/wp\/v2\/pages\/3806\/revisions"}],"predecessor-version":[{"id":14687,"href":"https:\/\/unitedprint.com\/de\/wp-json\/wp\/v2\/pages\/3806\/revisions\/14687"}],"wp:attachment":[{"href":"https:\/\/unitedprint.com\/de\/wp-json\/wp\/v2\/media?parent=3806"}],"curies":[{"name":"wp","href":"https:\/\/api.w.org\/{rel}","templated":true}]}}