{"id":7262,"date":"2019-11-12T09:00:41","date_gmt":"2019-11-12T08:00:41","guid":{"rendered":"https:\/\/unitedprint.info\/?page_id=7262"},"modified":"2025-04-07T15:35:34","modified_gmt":"2025-04-07T13:35:34","slug":"unitedprint-als-arbeitgeber","status":"publish","type":"page","link":"https:\/\/unitedprint.com\/de\/unitedprint-als-arbeitgeber\/","title":{"rendered":"Arbeiten"},"content":{"rendered":"<p>[et_pb_section fb_built=&#8220;1&#8243; _builder_version=&#8220;4.16&#8243; max_width=&#8220;1400px&#8220; module_alignment=&#8220;center&#8220; custom_margin=&#8220;0px||0px|&#8220; custom_padding=&#8220;0px||0px|&#8220; global_colors_info=&#8220;{}&#8220;][et_pb_row module_class=&#8220; et_pb_row_fullwidth&#8220; _builder_version=&#8220;4.16&#8243; width=&#8220;100%&#8220; width_tablet=&#8220;100%&#8220; width_phone=&#8220;100%&#8220; width_last_edited=&#8220;on|desktop&#8220; max_width=&#8220;100%&#8220; max_width_tablet=&#8220;100%&#8220; max_width_phone=&#8220;100%&#8220; max_width_last_edited=&#8220;on|desktop&#8220; module_alignment=&#8220;center&#8220; custom_padding=&#8220;0px||0px|&#8220; make_fullwidth=&#8220;on&#8220; global_colors_info=&#8220;{}&#8220;][et_pb_column type=&#8220;4_4&#8243; _builder_version=&#8220;4.16&#8243; custom_padding=&#8220;|||&#8220; global_colors_info=&#8220;{}&#8220; custom_padding__hover=&#8220;|||&#8220;][et_pb_image src=&#8220;https:\/\/unitedprint.com\/wordpress\/wp-content\/uploads\/2018\/09\/unitedprint-company-small.jpg&#8220; force_fullwidth=&#8220;on&#8220; align_tablet=&#8220;center&#8220; align_phone=&#8220;center&#8220; align_last_edited=&#8220;on|desktop&#8220; admin_label=&#8220;Headerbild&#8220; _builder_version=&#8220;4.16&#8243; global_colors_info=&#8220;{}&#8220;]<\/p>\n<p>&nbsp;<\/p>\n<p>[\/et_pb_image][\/et_pb_column][\/et_pb_row][\/et_pb_section][et_pb_section fb_built=&#8220;1&#8243; _builder_version=&#8220;4.16&#8243; custom_padding=&#8220;20px||20px|&#8220; global_colors_info=&#8220;{}&#8220;][et_pb_row _builder_version=&#8220;4.16&#8243; custom_padding=&#8220;20px||0px|&#8220; global_colors_info=&#8220;{}&#8220;][et_pb_column type=&#8220;4_4&#8243; _builder_version=&#8220;4.16&#8243; custom_padding=&#8220;|||&#8220; global_colors_info=&#8220;{}&#8220; custom_padding__hover=&#8220;|||&#8220;][et_pb_blurb image=&#8220;https:\/\/unitedprint.com\/wordpress\/wp-content\/uploads\/2018\/07\/up-unitedprint-se-icon-2.svg&#8220; icon_placement=&#8220;left&#8220; image_icon_width=&#8220;40px&#8220; content_max_width=&#8220;100%&#8220; admin_label=&#8220;Die Experten im Onlinedruck&#8220; _builder_version=&#8220;4.16&#8243; body_font=&#8220;|||on|||||&#8220; animation=&#8220;off&#8220; image_max_width=&#8220;40px&#8220; saved_tabs=&#8220;all&#8220; global_colors_info=&#8220;{}&#8220;]<\/p>\n<h1>Arbeiten<\/h1>\n<p>[\/et_pb_blurb][\/et_pb_column][\/et_pb_row][et_pb_row column_structure=&#8220;1_2,1_2&#8243; use_custom_gutter=&#8220;on&#8220; gutter_width=&#8220;3&#8243; _builder_version=&#8220;4.16&#8243; global_colors_info=&#8220;{}&#8220;][et_pb_column type=&#8220;1_2&#8243; _builder_version=&#8220;4.16&#8243; custom_padding=&#8220;|||&#8220; global_colors_info=&#8220;{}&#8220; custom_padding__hover=&#8220;|||&#8220;][et_pb_text _builder_version=&#8220;4.16.0&#8243; custom_margin=&#8220;||26px|&#8220; hover_enabled=&#8220;0&#8243; global_colors_info=&#8220;{}&#8220; sticky_enabled=&#8220;0&#8243;]<\/p>\n<p>Unitedprint.com SE ist ein innovatives und global operierendes E-Commerce-Unternehmen im Bereich Design, Marketing, Print und Publishing. Mit \u00fcber 150 Mitarbeitenden aus 32 Nationen z\u00e4hlen wir zu den f\u00fchrenden Anbietern Europas. Unser Fokus liegt auf spannende T\u00e4tigkeiten in den Bereichen IT, Marketing und Design &#8211; die Einsatzm\u00f6glichkeiten sind vielf\u00e4ltig. Bei uns z\u00e4hlt nicht nur das fachliche Know-how: Unser Team aus dynamischen und kreativen K\u00f6pfen verf\u00fcgt \u00fcber ein hohes Ma\u00df an Lernfreude und Neugier. Kurzum: Ein Umfeld, in dem sie ihre kreativen Ideen entfalten k\u00f6nnen und das Arbeiten Spa\u00df macht. Wir bieten unseren Mitarbeitenden nicht nur berufliche Perspektiven und Weiterbildungsm\u00f6glichkeiten, sondern auch ein au\u00dfergew\u00f6hnliches Umfeld, in dem man ihnen mit Respekt und Offenheit begegnet.<\/p>\n<p>[\/et_pb_text][et_pb_image src=&#8220;https:\/\/unitedprint.com\/wordpress\/wp-content\/uploads\/2018\/10\/2.jpg&#8220; force_fullwidth=&#8220;on&#8220; align_tablet=&#8220;center&#8220; align_phone=&#8220;center&#8220; align_last_edited=&#8220;on|desktop&#8220; _builder_version=&#8220;4.16&#8243; custom_padding=&#8220;||5px|&#8220; custom_padding_tablet=&#8220;0px|||&#8220; custom_padding_phone=&#8220;&#8220; custom_padding_last_edited=&#8220;on|desktop&#8220; global_colors_info=&#8220;{}&#8220;]<\/p>\n<p>&nbsp;<\/p>\n<p>[\/et_pb_image][et_pb_text _builder_version=&#8220;4.16.0&#8243; global_colors_info=&#8220;{}&#8220;]<\/p>\n<p>Zudem legen wir einen besonderen Wert auf eine ausgewogene Work-Life-Balance, was sich in unserem umfangreichen Gesundheits- und Vorsorgekonzept widerspiegelt. Dazu z\u00e4hlt eine unternehmenseigene Physiotherapie sowie ein hauseigener Fitnessbereich.<\/p>\n<p>Weitere Zusatzleistungen wie beispielsweise eine\u00a0<strong>betrieblich gef\u00f6rderte Altersvorsorge<\/strong>, <strong>private Unfallversicherung<\/strong>, <strong>Betriebskindergartenpl\u00e4tze<\/strong>\u00a0oder das\u00a0<strong>Jobticket der Dresdner Verkehrsbetriebe<\/strong>\u00a0runden unser Profil ab.<\/p>\n<p>[\/et_pb_text][\/et_pb_column][et_pb_column type=&#8220;1_2&#8243; _builder_version=&#8220;4.16&#8243; custom_padding=&#8220;|||&#8220; global_colors_info=&#8220;{}&#8220; custom_padding__hover=&#8220;|||&#8220;][et_pb_image src=&#8220;https:\/\/unitedprint.com\/wordpress\/wp-content\/uploads\/2018\/10\/6.jpg&#8220; force_fullwidth=&#8220;on&#8220; align_tablet=&#8220;center&#8220; align_phone=&#8220;center&#8220; align_last_edited=&#8220;on|desktop&#8220; _builder_version=&#8220;4.16&#8243; custom_margin=&#8220;||34px|&#8220; custom_padding=&#8220;7px|||&#8220; custom_padding_tablet=&#8220;40px|||&#8220; custom_padding_phone=&#8220;&#8220; custom_padding_last_edited=&#8220;on|desktop&#8220; global_colors_info=&#8220;{}&#8220;]<\/p>\n<p>&nbsp;<\/p>\n<p>[\/et_pb_image][et_pb_text _builder_version=&#8220;4.16.0&#8243; custom_margin=&#8220;||0px|&#8220; custom_padding=&#8220;||25px|&#8220; custom_padding_tablet=&#8220;40px|||&#8220; custom_padding_last_edited=&#8220;off|tablet&#8220; global_colors_info=&#8220;{}&#8220;]<\/p>\n<p>Dank der Unterst\u00fctzung unseres qualifizierten Fachpersonals finden Sie einen optimalen Einstieg in unser Unternehmen und erhalten eine fachgerechte Qualifizierung. Unser speziell f\u00fcr die Berufsausbildung sowie <strong>Fort- und Weiterbildung<\/strong> verantwortlicher Bereich upCampus bietet unseren Mitarbeitenden zahlreiche M\u00f6glichkeiten f\u00fcr ihre ganz <strong>pers\u00f6nliche berufliche Entwicklung. <\/strong>In einem abwechslungsreichen Arbeitsumfeld werden Sie von unserem Fachpersonal in Ihre neue T\u00e4tigkeit eingewiesen und haben zudem die M\u00f6glichkeit, an <strong>umfangreichen Weiterbildungs- und Qualifizierungsma\u00dfnahmen<\/strong> teilzunehmen.<\/p>\n<p>Bei Unitedprint werden Leistungen gew\u00fcrdigt und St\u00e4rken gef\u00f6rdert. Neue Mitarbeitende werden Teil eines engagierten Teams, das Chancen nutzt und Trends setzt.<\/p>\n<p>Wir tragen die begehrte Auszeichnung \u201e<strong>TOP nationaler Arbeitgeber<\/strong>\u201c, vergeben vom Nachrichtenmagazin FOCUS und in Kooperation mit dem Bewertungsportal \u201ekununu&#8220; und sind mehrmals von der IHK Dresden ausgezeichneter Ausbildungsbetrieb.<\/p>\n<p>[\/et_pb_text][\/et_pb_column][\/et_pb_row][et_pb_row column_structure=&#8220;1_2,1_2&#8243; use_custom_gutter=&#8220;on&#8220; gutter_width=&#8220;3&#8243; _builder_version=&#8220;4.16&#8243; custom_padding=&#8220;10px||25px||false|false&#8220; global_colors_info=&#8220;{}&#8220;][et_pb_column type=&#8220;1_2&#8243; _builder_version=&#8220;4.16&#8243; custom_padding=&#8220;|||&#8220; global_colors_info=&#8220;{}&#8220; custom_padding__hover=&#8220;|||&#8220;][et_pb_button button_url=&#8220;\/jobsuche\/&#8220; button_text=&#8220;Unsere Stellen\/Jobs&#8220; button_alignment=&#8220;center&#8220; admin_label=&#8220;Button&#8220; _builder_version=&#8220;4.16.0&#8243; custom_button=&#8220;on&#8220; button_use_icon=&#8220;off&#8220; background_layout=&#8220;dark&#8220; custom_padding_last_edited=&#8220;off|desktop&#8220; button_border_radius_hover=&#8220;0&#8243; global_colors_info=&#8220;{}&#8220; button_text_size__hover_enabled=&#8220;off&#8220; button_one_text_size__hover_enabled=&#8220;off&#8220; button_two_text_size__hover_enabled=&#8220;off&#8220; button_text_color__hover_enabled=&#8220;off&#8220; button_one_text_color__hover_enabled=&#8220;off&#8220; button_two_text_color__hover_enabled=&#8220;off&#8220; button_border_width__hover_enabled=&#8220;off&#8220; button_one_border_width__hover_enabled=&#8220;off&#8220; button_two_border_width__hover_enabled=&#8220;off&#8220; button_border_color__hover_enabled=&#8220;off&#8220; button_one_border_color__hover_enabled=&#8220;off&#8220; button_two_border_color__hover_enabled=&#8220;off&#8220; button_border_radius__hover_enabled=&#8220;on&#8220; button_border_radius__hover=&#8220;0&#8243; button_one_border_radius__hover_enabled=&#8220;off&#8220; button_two_border_radius__hover_enabled=&#8220;off&#8220; button_letter_spacing__hover_enabled=&#8220;off&#8220; button_one_letter_spacing__hover_enabled=&#8220;off&#8220; button_two_letter_spacing__hover_enabled=&#8220;off&#8220; button_bg_color__hover_enabled=&#8220;off&#8220; button_one_bg_color__hover_enabled=&#8220;off&#8220; button_two_bg_color__hover_enabled=&#8220;off&#8220;]<\/p>\n<p>&nbsp;<\/p>\n<p>[\/et_pb_button][\/et_pb_column][et_pb_column type=&#8220;1_2&#8243; _builder_version=&#8220;4.16&#8243; custom_padding=&#8220;|||&#8220; global_colors_info=&#8220;{}&#8220; custom_padding__hover=&#8220;|||&#8220;][et_pb_button button_url=&#8220;\/de\/karriere\/initiativbewerbung\/&#8220; button_text=&#8220;Gleich initiativ bewerben&#8220; button_alignment=&#8220;center&#8220; admin_label=&#8220;Button&#8220; _builder_version=&#8220;4.16&#8243; custom_button=&#8220;on&#8220; button_use_icon=&#8220;off&#8220; background_layout=&#8220;dark&#8220; custom_padding_last_edited=&#8220;off|phone&#8220; button_border_radius_hover=&#8220;0&#8243; global_colors_info=&#8220;{}&#8220; button_text_size__hover_enabled=&#8220;off&#8220; button_one_text_size__hover_enabled=&#8220;off&#8220; button_two_text_size__hover_enabled=&#8220;off&#8220; button_text_color__hover_enabled=&#8220;off&#8220; button_one_text_color__hover_enabled=&#8220;off&#8220; button_two_text_color__hover_enabled=&#8220;off&#8220; button_border_width__hover_enabled=&#8220;off&#8220; button_one_border_width__hover_enabled=&#8220;off&#8220; button_two_border_width__hover_enabled=&#8220;off&#8220; button_border_color__hover_enabled=&#8220;off&#8220; button_one_border_color__hover_enabled=&#8220;off&#8220; button_two_border_color__hover_enabled=&#8220;off&#8220; button_border_radius__hover_enabled=&#8220;on&#8220; button_border_radius__hover=&#8220;0&#8243; button_one_border_radius__hover_enabled=&#8220;off&#8220; button_two_border_radius__hover_enabled=&#8220;off&#8220; button_letter_spacing__hover_enabled=&#8220;off&#8220; button_one_letter_spacing__hover_enabled=&#8220;off&#8220; button_two_letter_spacing__hover_enabled=&#8220;off&#8220; button_bg_color__hover_enabled=&#8220;off&#8220; button_one_bg_color__hover_enabled=&#8220;off&#8220; button_two_bg_color__hover_enabled=&#8220;off&#8220;]<\/p>\n<p>&nbsp;<\/p>\n<p>[\/et_pb_button][\/et_pb_column][\/et_pb_row][\/et_pb_section][et_pb_section fb_built=&#8220;1&#8243; _builder_version=&#8220;4.16&#8243; background_color=&#8220;#006eb9&#8243; custom_padding=&#8220;20px||20px|&#8220; global_colors_info=&#8220;{}&#8220;][et_pb_row _builder_version=&#8220;4.16&#8243; background_size=&#8220;initial&#8220; background_position=&#8220;top_left&#8220; background_repeat=&#8220;repeat&#8220; module_alignment=&#8220;center&#8220; custom_margin=&#8220;0px||0px|&#8220; custom_padding=&#8220;20px||0px|&#8220; global_colors_info=&#8220;{}&#8220;][et_pb_column type=&#8220;4_4&#8243; _builder_version=&#8220;4.16&#8243; custom_padding=&#8220;|||&#8220; global_colors_info=&#8220;{}&#8220; custom_padding__hover=&#8220;|||&#8220;][et_pb_text _builder_version=&#8220;4.16.0&#8243; text_orientation=&#8220;center&#8220; module_alignment=&#8220;center&#8220; custom_margin=&#8220;0px||0px|&#8220; custom_padding=&#8220;0px||0px|&#8220; global_colors_info=&#8220;{}&#8220;]<a href=\"https:\/\/unitedprint.com\/de\/infowerk\/\"><img style=\"height: 20px; margin: 0 31px 10px 0;\" src=\"\/wordpress\/wp-content\/uploads\/2018\/09\/Infowerk-Logo-Weiss.png\" alt=\"\" \/><\/a><a href=\"https:\/\/unitedprint.com\/de\/print24\/\"><img style=\"height: 25px; margin: 0 32px 10px 0;\" src=\"\/wordpress\/wp-content\/uploads\/2018\/07\/print24-logo-weiss.svg\" alt=\"\" border=\"0\" \/><\/a><a href=\"https:\/\/unitedprint.com\/de\/unitedprint-shop-services\/\"><img style=\"height: 22px; margin: 0 0 10px 0;\" src=\"\/wordpress\/wp-content\/uploads\/2018\/10\/unitedprint-shop-service-logo-weiss.svg\" alt=\"\" \/><\/a>[\/et_pb_text][\/et_pb_column][\/et_pb_row][\/et_pb_section]<\/p>\n","protected":false},"excerpt":{"rendered":"<p>&nbsp; Arbeiten Unitedprint.com SE ist ein innovatives und global operierendes E-Commerce-Unternehmen im Bereich Design, Marketing, Print und Publishing. Mit \u00fcber 150 Mitarbeitenden aus 32 Nationen z\u00e4hlen wir zu den f\u00fchrenden Anbietern Europas. Unser Fokus liegt auf spannende T\u00e4tigkeiten in den Bereichen IT, Marketing und Design &#8211; die Einsatzm\u00f6glichkeiten sind vielf\u00e4ltig. Bei uns z\u00e4hlt nicht nur [&hellip;]<\/p>\n","protected":false},"author":16,"featured_media":0,"parent":0,"menu_order":3,"comment_status":"closed","ping_status":"closed","template":"","meta":{"_et_pb_use_builder":"on","_et_pb_old_content":"","_et_gb_content_width":"","_expiration-date-status":"","_expiration-date":0,"_expiration-date-type":"","_expiration-date-categories":[],"_expiration-date-options":[]},"aioseo_notices":[],"_links":{"self":[{"href":"https:\/\/unitedprint.com\/de\/wp-json\/wp\/v2\/pages\/7262"}],"collection":[{"href":"https:\/\/unitedprint.com\/de\/wp-json\/wp\/v2\/pages"}],"about":[{"href":"https:\/\/unitedprint.com\/de\/wp-json\/wp\/v2\/types\/page"}],"author":[{"embeddable":true,"href":"https:\/\/unitedprint.com\/de\/wp-json\/wp\/v2\/users\/16"}],"replies":[{"embeddable":true,"href":"https:\/\/unitedprint.com\/de\/wp-json\/wp\/v2\/comments?post=7262"}],"version-history":[{"count":17,"href":"https:\/\/unitedprint.com\/de\/wp-json\/wp\/v2\/pages\/7262\/revisions"}],"predecessor-version":[{"id":16259,"href":"https:\/\/unitedprint.com\/de\/wp-json\/wp\/v2\/pages\/7262\/revisions\/16259"}],"wp:attachment":[{"href":"https:\/\/unitedprint.com\/de\/wp-json\/wp\/v2\/media?parent=7262"}],"curies":[{"name":"wp","href":"https:\/\/api.w.org\/{rel}","templated":true}]}}