{"id":739,"date":"2018-07-06T15:08:01","date_gmt":"2018-07-06T13:08:01","guid":{"rendered":"http:\/\/unitedprint.dw-staging.de\/?page_id=739"},"modified":"2024-06-05T11:44:02","modified_gmt":"2024-06-05T09:44:02","slug":"infowerk-2","status":"publish","type":"page","link":"https:\/\/unitedprint.com\/de\/infowerk-2\/","title":{"rendered":"Infowerk"},"content":{"rendered":"<p>[et_pb_section fb_built=&#8220;1&#8243; custom_padding_last_edited=&#8220;on|desktop&#8220; disabled_on=&#8220;on|on|&#8220; admin_label=&#8220;Sektion&#8220; _builder_version=&#8220;4.16.0&#8243; use_background_color_gradient=&#8220;on&#8220; background_color_gradient_direction=&#8220;45deg&#8220; background_color_gradient_stops=&#8220;#f6f6f7 30%|#909cae 100%&#8220; background_color_gradient_start=&#8220;#f6f6f7&#8243; background_color_gradient_start_position=&#8220;30%&#8220; background_color_gradient_end=&#8220;#909cae&#8220; background_image=&#8220;https:\/\/unitedprint.com\/wp-content\/uploads\/2023\/12\/DE-1.png&#8220; background_size=&#8220;initial&#8220; background_position=&#8220;bottom_right&#8220; max_width=&#8220;1400px&#8220; max_width_last_edited=&#8220;off|&#8220; module_alignment=&#8220;center&#8220; custom_padding=&#8220;0px||0px|&#8220; custom_padding_tablet=&#8220;&#8220; custom_padding_phone=&#8220;&#8220; custom_css_main_element=&#8220;height:292px;&#8220; global_colors_info=&#8220;{}&#8220;][et_pb_row column_structure=&#8220;1_2,1_2&#8243; custom_padding_last_edited=&#8220;on|tablet&#8220; _builder_version=&#8220;4.16&#8243; custom_padding=&#8220;0px||0px|&#8220; custom_padding_tablet=&#8220;&#8220; custom_padding_phone=&#8220;&#8220; use_custom_width=&#8220;on&#8220; global_colors_info=&#8220;{}&#8220;][et_pb_column type=&#8220;1_2&#8243; _builder_version=&#8220;4.16&#8243; custom_padding=&#8220;|||&#8220; global_colors_info=&#8220;{}&#8220; custom_padding__hover=&#8220;|||&#8220;][et_pb_image src=&#8220;https:\/\/unitedprint.com\/wp-content\/uploads\/2023\/12\/Infowerk-Logo-Portal_sRGB.png&#8220; title_text=&#8220;Infowerk-Logo-Portal_sRGB&#8220; align_tablet=&#8220;center&#8220; align_phone=&#8220;center&#8220; align_last_edited=&#8220;on|desktop&#8220; admin_label=&#8220;Print24&#8243; _builder_version=&#8220;4.16.0&#8243; max_width=&#8220;70%&#8220; custom_margin=&#8220;100px|||0px&#8220; custom_margin_tablet=&#8220;10%||10%|0px&#8220; custom_margin_phone=&#8220;&#8220; custom_margin_last_edited=&#8220;on|desktop&#8220; global_colors_info=&#8220;{}&#8220;][\/et_pb_image][\/et_pb_column][et_pb_column type=&#8220;1_2&#8243; _builder_version=&#8220;4.16&#8243; background_position=&#8220;bottom_right&#8220; custom_padding=&#8220;|||&#8220; global_colors_info=&#8220;{}&#8220; custom_padding__hover=&#8220;|||&#8220;][\/et_pb_column][\/et_pb_row][\/et_pb_section][et_pb_section fb_built=&#8220;1&#8243; disabled_on=&#8220;off|off|on&#8220; _builder_version=&#8220;4.16&#8243; use_background_color_gradient=&#8220;on&#8220; background_color_gradient_direction=&#8220;45deg&#8220; background_color_gradient_stops=&#8220;#f6f6f7 30%|#909cae 100%&#8220; background_color_gradient_start=&#8220;#f6f6f7&#8243; background_color_gradient_start_position=&#8220;30%&#8220; background_color_gradient_end=&#8220;#909cae&#8220; max_width=&#8220;1400px&#8220; max_width_last_edited=&#8220;off|&#8220; module_alignment=&#8220;center&#8220; custom_padding=&#8220;20px||20px|&#8220; global_colors_info=&#8220;{}&#8220;][et_pb_row column_structure=&#8220;1_2,1_2&#8243; _builder_version=&#8220;4.16&#8243; custom_padding=&#8220;20px||20px|&#8220; global_colors_info=&#8220;{}&#8220;][et_pb_column type=&#8220;1_2&#8243; _builder_version=&#8220;4.16&#8243; custom_padding=&#8220;|||&#8220; global_colors_info=&#8220;{}&#8220; custom_padding__hover=&#8220;|||&#8220;][et_pb_image src=&#8220;https:\/\/unitedprint.com\/wp-content\/uploads\/2023\/12\/Infowerk-Logo-Portal_sRGB.png&#8220; title_text=&#8220;Infowerk-Logo-Portal_sRGB&#8220; align_tablet=&#8220;center&#8220; align_phone=&#8220;center&#8220; align_last_edited=&#8220;on|desktop&#8220; admin_label=&#8220;Print24&#8243; _builder_version=&#8220;4.16.0&#8243; max_width=&#8220;200%&#8220; custom_margin=&#8220;10%|||&#8220; custom_margin_tablet=&#8220;0px||10%|&#8220; custom_margin_phone=&#8220;&#8220; custom_margin_last_edited=&#8220;on|desktop&#8220; hover_enabled=&#8220;0&#8243; global_colors_info=&#8220;{}&#8220; sticky_enabled=&#8220;0&#8243;][\/et_pb_image][\/et_pb_column][et_pb_column type=&#8220;1_2&#8243; _builder_version=&#8220;4.16&#8243; background_position=&#8220;top_right&#8220; custom_padding=&#8220;|||&#8220; global_colors_info=&#8220;{}&#8220; custom_padding__hover=&#8220;|||&#8220;][et_pb_image src=&#8220;https:&#x2f;&#47;&#x75;&#110;i&#x74;&#101;d&#x70;&#114;&#x69;&#x6e;t&#x2e;&#99;o&#x6d;&#47;&#x77;&#x70;-&#x63;&#111;n&#x74;&#101;n&#x74;&#47;&#x75;&#112;l&#x6f;&#97;d&#x73;&#47;&#x32;&#x30;2&#x33;&#47;1&#x32;&#47;&#x44;&#x45;&#64;&#x30;&#53;x&#x2d;&#49;&#46;&#x70;&#110;&#x67;&#8220; title_text=&#8220;DE@0,5x (1)&#8220; align=&#8220;center&#8220; align_tablet=&#8220;center&#8220; align_phone=&#8220;center&#8220; align_last_edited=&#8220;on|desktop&#8220; _builder_version=&#8220;4.16.0&#8243; hover_enabled=&#8220;0&#8243; global_colors_info=&#8220;{}&#8220; sticky_enabled=&#8220;0&#8243;][\/et_pb_image][\/et_pb_column][\/et_pb_row][\/et_pb_section][et_pb_section fb_built=&#8220;1&#8243; _builder_version=&#8220;4.16&#8243; background_color=&#8220;#ffffff&#8220; custom_padding=&#8220;20px||20px|&#8220; global_colors_info=&#8220;{}&#8220;][et_pb_row _builder_version=&#8220;4.16&#8243; background_size=&#8220;initial&#8220; background_position=&#8220;top_left&#8220; background_repeat=&#8220;repeat&#8220; custom_padding=&#8220;7px||0px|&#8220; global_colors_info=&#8220;{}&#8220;][et_pb_column type=&#8220;4_4&#8243; _builder_version=&#8220;4.16&#8243; custom_padding=&#8220;|||&#8220; global_colors_info=&#8220;{}&#8220; custom_padding__hover=&#8220;|||&#8220;][et_pb_text _builder_version=&#8220;4.16.0&#8243; background_size=&#8220;initial&#8220; background_position=&#8220;top_left&#8220; background_repeat=&#8220;repeat&#8220; global_colors_info=&#8220;{}&#8220;]<\/p>\n<h1>Infowerk<\/h1>\n<p>[\/et_pb_text][\/et_pb_column][\/et_pb_row][et_pb_row column_structure=&#8220;1_2,1_2&#8243; use_custom_gutter=&#8220;on&#8220; gutter_width=&#8220;3&#8243; _builder_version=&#8220;4.16&#8243; custom_padding=&#8220;7px||20px|&#8220; global_colors_info=&#8220;{}&#8220;][et_pb_column type=&#8220;1_2&#8243; _builder_version=&#8220;4.16&#8243; custom_padding=&#8220;|||&#8220; global_colors_info=&#8220;{}&#8220; custom_padding__hover=&#8220;|||&#8220;][et_pb_text _builder_version=&#8220;4.16.0&#8243; global_colors_info=&#8220;{}&#8220;]<\/p>\n<p><strong>Infowerk<\/strong> ist auf Privatkunden und Kleinunternehmen zugeschnitten, die ihre Produkte kreativ selbst gestalten wollen. Zu diesem Zweck stellt das Portal das intuitiv bedienbare Tool FreeDesign kostenlos bereit, welches es den Kunden erm\u00f6glicht ihre Ideen umzusetzen ohne \u00fcber ausgepr\u00e4gte Designexpertise zu verf\u00fcgen. \u00dcbersichtliche step-by-step Anleitungen, sowie ein ausgedehntes Portfolio an Vorlagen f\u00fcr jede Produktkategorie machen das Portal f\u00fcr Einsteiger als auch f\u00fcr fortgeschrittene User attraktiv.<\/p>\n<p>[\/et_pb_text][\/et_pb_column][et_pb_column type=&#8220;1_2&#8243; _builder_version=&#8220;4.16&#8243; custom_padding=&#8220;|||&#8220; global_colors_info=&#8220;{}&#8220; custom_padding__hover=&#8220;|||&#8220;][et_pb_text _builder_version=&#8220;4.16.0&#8243; global_colors_info=&#8220;{}&#8220;]<\/p>\n<p>Dabei deckt Infowerk jeden Bedarf der sich f\u00fcr seine Kernzielgruppen ergibt: von der Gesch\u00e4ftsausstattung f\u00fcr Kleinunternehmer bis hin zu Foto- und Textilprodukten f\u00fcr Privatkunden.<\/p>\n<p>[\/et_pb_text][\/et_pb_column][\/et_pb_row][et_pb_row custom_padding_last_edited=&#8220;off|desktop&#8220; _builder_version=&#8220;4.16&#8243; module_alignment=&#8220;center&#8220; custom_padding=&#8220;10px||0px|&#8220; custom_padding_tablet=&#8220;10px|||&#8220; custom_css_main_element=&#8220;text-align:center;&#8220; global_colors_info=&#8220;{}&#8220;][et_pb_column type=&#8220;4_4&#8243; _builder_version=&#8220;4.16&#8243; custom_padding=&#8220;|||&#8220; global_colors_info=&#8220;{}&#8220; custom_padding__hover=&#8220;|||&#8220;][et_pb_button button_url=&#8220;https:\/\/infowerk.com\/de&#8220; url_new_window=&#8220;on&#8220; button_text=&#8220;Zu Infowerk.com&#8220; button_alignment=&#8220;center&#8220; admin_label=&#8220;Button&#8220; _builder_version=&#8220;4.16.0&#8243; custom_button=&#8220;on&#8220; button_use_icon=&#8220;off&#8220; background_layout=&#8220;dark&#8220; hover_enabled=&#8220;0&#8243; button_border_radius_hover=&#8220;0&#8243; saved_tabs=&#8220;all&#8220; global_colors_info=&#8220;{}&#8220; button_text_size__hover_enabled=&#8220;off&#8220; button_one_text_size__hover_enabled=&#8220;off&#8220; button_two_text_size__hover_enabled=&#8220;off&#8220; button_text_color__hover_enabled=&#8220;off&#8220; button_one_text_color__hover_enabled=&#8220;off&#8220; button_two_text_color__hover_enabled=&#8220;off&#8220; button_border_width__hover_enabled=&#8220;off&#8220; button_one_border_width__hover_enabled=&#8220;off&#8220; button_two_border_width__hover_enabled=&#8220;off&#8220; button_border_color__hover_enabled=&#8220;off&#8220; button_one_border_color__hover_enabled=&#8220;off&#8220; button_two_border_color__hover_enabled=&#8220;off&#8220; button_border_radius__hover_enabled=&#8220;on&#8220; button_border_radius__hover=&#8220;0&#8243; button_one_border_radius__hover_enabled=&#8220;off&#8220; button_two_border_radius__hover_enabled=&#8220;off&#8220; button_letter_spacing__hover_enabled=&#8220;off&#8220; button_one_letter_spacing__hover_enabled=&#8220;off&#8220; button_two_letter_spacing__hover_enabled=&#8220;off&#8220; button_bg_color__hover_enabled=&#8220;off&#8220; button_one_bg_color__hover_enabled=&#8220;off&#8220; button_two_bg_color__hover_enabled=&#8220;off&#8220; sticky_enabled=&#8220;0&#8243;][\/et_pb_button][\/et_pb_column][\/et_pb_row][\/et_pb_section][et_pb_section fb_built=&#8220;1&#8243; _builder_version=&#8220;4.16&#8243; background_color=&#8220;#ffffff&#8220; custom_padding=&#8220;0||20px||false|false&#8220; global_colors_info=&#8220;{}&#8220;][et_pb_row column_structure=&#8220;1_4,1_4,1_4,1_4&#8243; _builder_version=&#8220;4.16&#8243; custom_padding=&#8220;20px||15px|&#8220; global_colors_info=&#8220;{}&#8220;][et_pb_column type=&#8220;1_4&#8243; _builder_version=&#8220;4.16&#8243; custom_padding=&#8220;|||&#8220; global_colors_info=&#8220;{}&#8220; custom_padding__hover=&#8220;|||&#8220;][et_pb_blurb image=&#8220;https:\/\/unitedprint.com\/wordpress\/wp-content\/uploads\/2018\/07\/business.svg&#8220; admin_label=&#8220;Business&#8220; _builder_version=&#8220;4.16&#8243; header_line_height=&#8220;1.7em&#8220; body_line_height=&#8220;1.2em&#8220; custom_padding_tablet=&#8220;||40px|&#8220; custom_padding_phone=&#8220;&#8220; custom_padding_last_edited=&#8220;on|phone&#8220; custom_css_blurb_content=&#8220;color:#2ea3f2;&#8220; global_colors_info=&#8220;{}&#8220;]<\/p>\n<h3 style=\"text-align: center\"><strong>Business<\/strong><\/h3>\n<p style=\"text-align: center\"><b>B-to-C,<br \/>\nB-to-B<\/b><\/p>\n<p>[\/et_pb_blurb][\/et_pb_column][et_pb_column type=&#8220;1_4&#8243; _builder_version=&#8220;4.16&#8243; custom_padding=&#8220;|||&#8220; global_colors_info=&#8220;{}&#8220; custom_padding__hover=&#8220;|||&#8220;][et_pb_blurb image=&#8220;https:\/\/unitedprint.com\/wordpress\/wp-content\/uploads\/2018\/07\/target.svg&#8220; admin_label=&#8220;Zielgruppe&#8220; _builder_version=&#8220;4.16&#8243; body_line_height=&#8220;1.2em&#8220; custom_padding_tablet=&#8220;||40px|&#8220; custom_padding_phone=&#8220;&#8220; custom_padding_last_edited=&#8220;on|phone&#8220; custom_css_blurb_content=&#8220;color:#2ea3f2;&#8220; global_colors_info=&#8220;{}&#8220;]<\/p>\n<h3 style=\"text-align: center\"><strong>Zielgruppe<\/strong><\/h3>\n<p style=\"text-align: center\"><b>Privatkunden und<br \/>\nKleinunternehmen<\/b><\/p>\n<p>[\/et_pb_blurb][\/et_pb_column][et_pb_column type=&#8220;1_4&#8243; _builder_version=&#8220;4.16&#8243; custom_padding=&#8220;|||&#8220; global_colors_info=&#8220;{}&#8220; custom_padding__hover=&#8220;|||&#8220;][et_pb_blurb image=&#8220;https:\/\/unitedprint.com\/wordpress\/wp-content\/uploads\/2018\/07\/benefit.svg&#8220; admin_label=&#8220;Benefit&#8220; _builder_version=&#8220;4.16&#8243; body_line_height=&#8220;1.2em&#8220; custom_css_blurb_content=&#8220;color:#2ea3f2;&#8220; global_colors_info=&#8220;{}&#8220;]<\/p>\n<h3 style=\"text-align: center\"><strong>Benefit<\/strong><\/h3>\n<p style=\"text-align: center\"><b>Online selbst<br \/>\ngestalten<\/b><\/p>\n<p>[\/et_pb_blurb][\/et_pb_column][et_pb_column type=&#8220;1_4&#8243; _builder_version=&#8220;4.16&#8243; custom_padding=&#8220;|||&#8220; global_colors_info=&#8220;{}&#8220; custom_padding__hover=&#8220;|||&#8220;][et_pb_blurb image=&#8220;https:\/\/unitedprint.com\/wordpress\/wp-content\/uploads\/2018\/07\/products.svg&#8220; admin_label=&#8220;Produkte&#8220; _builder_version=&#8220;4.16&#8243; body_line_height=&#8220;1.2em&#8220; custom_padding_tablet=&#8220;||40px|&#8220; custom_padding_phone=&#8220;&#8220; custom_padding_last_edited=&#8220;on|tablet&#8220; custom_css_blurb_content=&#8220;color:#2ea3f2;&#8220; global_colors_info=&#8220;{}&#8220;]<\/p>\n<h3 style=\"text-align: center\"><strong>Produkte<\/strong><\/h3>\n<p style=\"text-align: center\"><b>Gesch\u00e4ftsausstattung<br \/>\nund Geschenkartikel<\/b><\/p>\n<p>[\/et_pb_blurb][\/et_pb_column][\/et_pb_row][\/et_pb_section][et_pb_section fb_built=&#8220;1&#8243; disabled_on=&#8220;off|off|off&#8220; _builder_version=&#8220;4.16.0&#8243; background_color=&#8220;#006eb9&#8243; min_height=&#8220;98px&#8220; custom_margin=&#8220;||0px||false|false&#8220; custom_padding=&#8220;20px||20px|&#8220; custom_css_main_element=&#8220;padding-bottom: 0px !important;||margin-bottom: 0px !important;&#8220; global_module=&#8220;2277&#8243; locked=&#8220;off&#8220; collapsed=&#8220;off&#8220; global_colors_info=&#8220;{}&#8220;][et_pb_row _builder_version=&#8220;4.16.0&#8243; background_size=&#8220;initial&#8220; background_position=&#8220;top_left&#8220; background_repeat=&#8220;repeat&#8220; module_alignment=&#8220;center&#8220; custom_margin=&#8220;0px||0px|&#8220; custom_padding=&#8220;20px||0px||false|false&#8220; global_colors_info=&#8220;{}&#8220;][et_pb_column type=&#8220;4_4&#8243; _builder_version=&#8220;4.16&#8243; custom_padding=&#8220;|||&#8220; global_colors_info=&#8220;{}&#8220; custom_padding__hover=&#8220;|||&#8220;][et_pb_text _builder_version=&#8220;4.16.0&#8243; text_orientation=&#8220;center&#8220; module_alignment=&#8220;center&#8220; custom_margin=&#8220;0px||0px|&#8220; custom_padding=&#8220;0px||0px|&#8220; global_colors_info=&#8220;{}&#8220;]<a href=\"\/de\/easyprint\/\"><img style=\"height: 20px; margin: 0 31px 10px 0;\" src=\"\/wordpress\/wp-content\/uploads\/2018\/09\/Infowerk-Logo-Weiss.png\" alt=\"\" \/><\/a><a href=\"\/de\/print24\/\"><img style=\"height: 25px; margin: 0 32px 10px 0;\" src=\"\/wordpress\/wp-content\/uploads\/2018\/07\/print24-logo-weiss.svg\" alt=\"\" border=\"0\" \/><\/a><a href=\"\/de\/unitedprint-shop-services\/\"><img style=\"height: 22px; margin: 0 0 10px 0;\" src=\"\/wordpress\/wp-content\/uploads\/2018\/10\/unitedprint-shop-service-logo-weiss.svg\" alt=\"\" \/><\/a>[\/et_pb_text][\/et_pb_column][\/et_pb_row][\/et_pb_section]<\/p>\n","protected":false},"excerpt":{"rendered":"<p>InfowerkInfowerk ist auf Privatkunden und Kleinunternehmen zugeschnitten, die ihre Produkte kreativ selbst gestalten wollen. Zu diesem Zweck stellt das Portal das intuitiv bedienbare Tool FreeDesign kostenlos bereit, welches es den Kunden erm\u00f6glicht ihre Ideen umzusetzen ohne \u00fcber ausgepr\u00e4gte Designexpertise zu verf\u00fcgen. \u00dcbersichtliche step-by-step Anleitungen, sowie ein ausgedehntes Portfolio an Vorlagen f\u00fcr jede Produktkategorie machen das [&hellip;]<\/p>\n","protected":false},"author":15,"featured_media":0,"parent":0,"menu_order":2,"comment_status":"closed","ping_status":"closed","template":"","meta":{"_et_pb_use_builder":"on","_et_pb_old_content":"","_et_gb_content_width":"","_expiration-date-status":"","_expiration-date":0,"_expiration-date-type":"","_expiration-date-categories":[],"_expiration-date-options":[]},"aioseo_notices":[],"_links":{"self":[{"href":"https:\/\/unitedprint.com\/de\/wp-json\/wp\/v2\/pages\/739"}],"collection":[{"href":"https:\/\/unitedprint.com\/de\/wp-json\/wp\/v2\/pages"}],"about":[{"href":"https:\/\/unitedprint.com\/de\/wp-json\/wp\/v2\/types\/page"}],"author":[{"embeddable":true,"href":"https:\/\/unitedprint.com\/de\/wp-json\/wp\/v2\/users\/15"}],"replies":[{"embeddable":true,"href":"https:\/\/unitedprint.com\/de\/wp-json\/wp\/v2\/comments?post=739"}],"version-history":[{"count":57,"href":"https:\/\/unitedprint.com\/de\/wp-json\/wp\/v2\/pages\/739\/revisions"}],"predecessor-version":[{"id":14364,"href":"https:\/\/unitedprint.com\/de\/wp-json\/wp\/v2\/pages\/739\/revisions\/14364"}],"wp:attachment":[{"href":"https:\/\/unitedprint.com\/de\/wp-json\/wp\/v2\/media?parent=739"}],"curies":[{"name":"wp","href":"https:\/\/api.w.org\/{rel}","templated":true}]}}