{"id":753,"date":"2018-07-06T15:10:10","date_gmt":"2018-07-06T13:10:10","guid":{"rendered":"http:\/\/unitedprint.dw-staging.de\/?page_id=753"},"modified":"2018-10-17T16:11:32","modified_gmt":"2018-10-17T14:11:32","slug":"unitedprint-shop-services","status":"publish","type":"page","link":"https:\/\/unitedprint.com\/de\/unitedprint-shop-services\/","title":{"rendered":"USS"},"content":{"rendered":"<p>[et_pb_section bb_built=&#8220;1&#8243; custom_padding_last_edited=&#8220;on|desktop&#8220; disabled_on=&#8220;on|on|&#8220; _builder_version=&#8220;3.14&#8243; use_background_color_gradient=&#8220;on&#8220; background_color_gradient_start=&#8220;#f6f6f7&#8243; background_color_gradient_end=&#8220;#909cae&#8220; background_color_gradient_direction=&#8220;45deg&#8220; background_color_gradient_start_position=&#8220;30%&#8220; background_image=&#8220;https:\/\/unitedprint.com\/wordpress\/wp-content\/uploads\/2018\/09\/portal-unitedprint-shop-service.png&#8220; background_size=&#8220;initial&#8220; background_position=&#8220;bottom_right&#8220; max_width=&#8220;1400px&#8220; max_width_last_edited=&#8220;off|&#8220; module_alignment=&#8220;center&#8220; custom_padding=&#8220;0px||0px|&#8220; custom_css_main_element=&#8220;height:292px;&#8220; next_background_color=&#8220;#ffffff&#8220;][et_pb_row use_custom_width=&#8220;on&#8220; custom_padding=&#8220;0px||0px|&#8220; custom_padding_last_edited=&#8220;on|tablet&#8220; background_position_2=&#8220;bottom_right&#8220; _builder_version=&#8220;3.10.2&#8243;][et_pb_column type=&#8220;1_2&#8243;][et_pb_image admin_label=&#8220;Print24&#8243; src=&#8220;https:\/\/unitedprint.com\/wordpress\/wp-content\/uploads\/2018\/10\/USS_logo_single_vergroessert_111018_rgb_READY.svg&#8220; _builder_version=&#8220;3.14&#8243; max_width=&#8220;40%&#8220; custom_margin=&#8220;100px|||0px&#8220; custom_margin_tablet=&#8220;10%||10%|0px&#8220; custom_margin_last_edited=&#8220;on|desktop&#8220; \/][\/et_pb_column][et_pb_column type=&#8220;1_2&#8243;][\/et_pb_column][\/et_pb_row][\/et_pb_section][et_pb_section bb_built=&#8220;1&#8243; disabled_on=&#8220;off|off|on&#8220; _builder_version=&#8220;3.10.2&#8243; use_background_color_gradient=&#8220;on&#8220; background_color_gradient_start=&#8220;#f6f6f7&#8243; background_color_gradient_end=&#8220;#909cae&#8220; background_color_gradient_direction=&#8220;45deg&#8220; background_color_gradient_start_position=&#8220;30%&#8220; max_width=&#8220;1400px&#8220; max_width_last_edited=&#8220;off|&#8220; module_alignment=&#8220;center&#8220; custom_padding=&#8220;20px||20px|&#8220; prev_background_color=&#8220;#ffffff&#8220; next_background_color=&#8220;#ffffff&#8220;][et_pb_row custom_padding=&#8220;20px||20px|&#8220; background_position_2=&#8220;top_right&#8220; _builder_version=&#8220;3.10.2&#8243;][et_pb_column type=&#8220;1_2&#8243;][et_pb_image admin_label=&#8220;Print24&#8243; src=&#8220;https:\/\/unitedprint.com\/wordpress\/wp-content\/uploads\/2018\/07\/unitedprint-shop-service-logo.svg&#8220; _builder_version=&#8220;3.10.2&#8243; custom_margin=&#8220;10%|||&#8220; custom_margin_tablet=&#8220;0px||10%|&#8220; custom_margin_last_edited=&#8220;on|desktop&#8220; \/][\/et_pb_column][et_pb_column type=&#8220;1_2&#8243;][et_pb_image src=&#8220;https:\/\/unitedprint.com\/wordpress\/wp-content\/uploads\/2018\/10\/USS_Portale_einzeln.png&#8220; align=&#8220;center&#8220; _builder_version=&#8220;3.14&#8243; \/][\/et_pb_column][\/et_pb_row][\/et_pb_section][et_pb_section bb_built=&#8220;1&#8243; _builder_version=&#8220;3.10.2&#8243; background_color=&#8220;#ffffff&#8220; custom_padding=&#8220;20px||20px|&#8220; prev_background_color=&#8220;#000000&#8243; next_background_color=&#8220;#000000&#8243;][et_pb_row custom_padding=&#8220;7px||0px|&#8220; _builder_version=&#8220;3.14&#8243;][et_pb_column type=&#8220;4_4&#8243;][et_pb_text _builder_version=&#8220;3.10.2&#8243;]<\/p>\n<h1>USS<\/h1>\n<p>[\/et_pb_text][\/et_pb_column][\/et_pb_row][et_pb_row use_custom_gutter=&#8220;on&#8220; gutter_width=&#8220;3&#8243; custom_padding=&#8220;7px||3px|&#8220; _builder_version=&#8220;3.14&#8243;][et_pb_column type=&#8220;1_2&#8243;][et_pb_text _builder_version=&#8220;3.10.2&#8243;]<\/p>\n<p>Geld verdienen und erfolgreich sein \u2013 als Partner von Unitedprint: Mit <strong>USS (Unitedprint Shop Services)<\/strong> stellen wir vielf\u00e4ltige und innovative Formen der partnerschaftlichen Zusammenarbeit zur Verf\u00fcgung \u2013 f\u00fcr Reseller, Agenturen, Druckereien, Fotografen und Designer. Diese reichen von Schnittstellen-L\u00f6sungen bis hin zum Online-Printshop, \u00fcber den sich auch eigene Produkte vermarkten lassen.<\/p>\n<p>[\/et_pb_text][\/et_pb_column][et_pb_column type=&#8220;1_2&#8243;][et_pb_text _builder_version=&#8220;3.10.2&#8243;]<\/p>\n<ul>\n<li>Unsere Mission: Wir wollen auch kleinen Unternehmen und Selbst\u00e4ndigen wirtschaftlichen Erfolg im Internet erm\u00f6glichen.<\/li>\n<li>Unsere Philosophie: Der Erfolg unserer Partner steht immer im Mittelpunkt aller \u00dcberlegungen. Ihr Erfolg ist unser Erfolg.<\/li>\n<li>Unsere Programme: USS bietet komplette E-Commerce Gesch\u00e4ftsmodelle f\u00fcr die Printindustrie und Kreativwirtschaft.<\/li>\n<\/ul>\n<p>[\/et_pb_text][\/et_pb_column][\/et_pb_row][et_pb_row custom_padding=&#8220;10px||0px|&#8220; _builder_version=&#8220;3.14&#8243; module_alignment=&#8220;center&#8220; custom_css_main_element=&#8220;text-align:center;&#8220;][et_pb_column type=&#8220;4_4&#8243;][et_pb_button admin_label=&#8220;Button&#8220; button_url=&#8220;https:\/\/unitedprintshopservices.com\/de\/&#8220; url_new_window=&#8220;on&#8220; button_text=&#8220;Zu USS&#8220; button_alignment=&#8220;center&#8220; _builder_version=&#8220;3.14&#8243; custom_button=&#8220;on&#8220; button_use_icon=&#8220;off&#8220; button_border_radius_hover=&#8220;0&#8243; background_layout=&#8220;dark&#8220; saved_tabs=&#8220;all&#8220; \/][\/et_pb_column][\/et_pb_row][\/et_pb_section][et_pb_section bb_built=&#8220;1&#8243; _builder_version=&#8220;3.14&#8243; background_color=&#8220;#ffffff&#8220; custom_padding=&#8220;20px||15px|&#8220; prev_background_color=&#8220;#000000&#8243; next_background_color=&#8220;#006eb9&#8243;][et_pb_row custom_padding=&#8220;0||20px||false|false&#8220; _builder_version=&#8220;3.10.2&#8243;][et_pb_column type=&#8220;1_4&#8243;][et_pb_blurb admin_label=&#8220;Business&#8220; image=&#8220;https:\/\/unitedprint.com\/wordpress\/wp-content\/uploads\/2018\/07\/business.svg&#8220; _builder_version=&#8220;3.10.2&#8243; header_line_height=&#8220;1.7em&#8220; body_line_height=&#8220;1.2em&#8220; custom_padding_tablet=&#8220;||40px|&#8220; custom_padding_last_edited=&#8220;on|tablet&#8220; custom_css_blurb_content=&#8220;color:#2ea3f2;&#8220;]<\/p>\n<h3 style=\"text-align: center\"><strong>Business<\/strong><\/h3>\n<p style=\"text-align: center\"><b>B-to-B<\/b><\/p>\n<p>[\/et_pb_blurb][\/et_pb_column][et_pb_column type=&#8220;1_4&#8243;][et_pb_blurb admin_label=&#8220;Zielgruppe&#8220; image=&#8220;https:\/\/unitedprint.com\/wordpress\/wp-content\/uploads\/2018\/07\/target.svg&#8220; _builder_version=&#8220;3.10.2&#8243; body_line_height=&#8220;1.2em&#8220; custom_padding_tablet=&#8220;||40px|&#8220; custom_padding_last_edited=&#8220;on|tablet&#8220; custom_css_blurb_content=&#8220;color:#2ea3f2;&#8220;]<\/p>\n<h3 style=\"text-align: center\"><strong>Zielgruppe<\/strong><\/h3>\n<p style=\"text-align: center\"><b>Reseller<\/b><\/p>\n<p>[\/et_pb_blurb][\/et_pb_column][et_pb_column type=&#8220;1_4&#8243;][et_pb_blurb admin_label=&#8220;Benefit&#8220; image=&#8220;https:\/\/unitedprint.com\/wordpress\/wp-content\/uploads\/2018\/07\/benefit.svg&#8220; _builder_version=&#8220;3.10.2&#8243; body_line_height=&#8220;1.2em&#8220; custom_padding_tablet=&#8220;||40px|&#8220; custom_padding_last_edited=&#8220;on|tablet&#8220; custom_css_blurb_content=&#8220;color:#2ea3f2;&#8220;]<\/p>\n<h3 style=\"text-align: center\"><strong>Benefit<\/strong><\/h3>\n<p style=\"text-align: center\"><b>Ganzheitliche E-Commerce Gesch\u00e4ftsmodelle<\/b><\/p>\n<p>[\/et_pb_blurb][\/et_pb_column][et_pb_column type=&#8220;1_4&#8243;][et_pb_blurb admin_label=&#8220;Produkte&#8220; image=&#8220;https:\/\/unitedprint.com\/wordpress\/wp-content\/uploads\/2018\/07\/products.svg&#8220; _builder_version=&#8220;3.10.2&#8243; body_line_height=&#8220;1.2em&#8220; custom_css_blurb_content=&#8220;color:#2ea3f2;&#8220;]<\/p>\n<h3 style=\"text-align: center\"><strong>Produkte<\/strong><\/h3>\n<p style=\"text-align: center\"><b>Schnittstellen (APIs)<br \/>\nund Partnershops<\/b><\/p>\n<p>[\/et_pb_blurb][\/et_pb_column][\/et_pb_row][\/et_pb_section][et_pb_section bb_built=&#8220;1&#8243; prev_background_color=&#8220;#ffffff&#8220; _builder_version=&#8220;3.14&#8243; background_color=&#8220;#006eb9&#8243; custom_padding=&#8220;20px||20px|&#8220; global_module=&#8220;2277&#8243;][et_pb_row global_parent=&#8220;2277&#8243; _builder_version=&#8220;3.14&#8243; custom_padding=&#8220;20px||0px|&#8220; custom_margin=&#8220;0px||0px|&#8220;][et_pb_column type=&#8220;4_4&#8243;][et_pb_text global_parent=&#8220;2277&#8243; _builder_version=&#8220;3.14&#8243; custom_margin=&#8220;0px||0px|&#8220; custom_padding=&#8220;0px||0px|&#8220; text_orientation=&#8220;center&#8220;]<\/p>\n<p><a href=\"\/de\/print24\/\"><img style=\"height: 25px;margin: 0 32px 10px 0\" src=\"\/wordpress\/wp-content\/uploads\/2018\/07\/print24-logo-weiss.svg\" alt=\"\" border=\"0\" \/><\/a><a href=\"\/de\/unitedprint\/\"><img style=\"height: 20px;margin: 0 31px 10px 0\" src=\"\/wordpress\/wp-content\/uploads\/2018\/07\/up-unitedprint-logo-weiss.svg\" alt=\"\" \/><\/a><a href=\"\/de\/getprint\/\"><img style=\"height: 20px;margin: 0 31px 10px 0\" src=\"\/wordpress\/wp-content\/uploads\/2018\/07\/getprint-logo-weiss.svg\" alt=\"\" \/><\/a><a href=\"\/de\/printwhat\/\"><img style=\"height: 20px;margin: 0 31px 10px 0\" src=\"\/wordpress\/wp-content\/uploads\/2018\/07\/printwhat-logo-weiss.svg\" alt=\"\" \/><\/a><a href=\"\/de\/firstprint\/\"><img style=\"height: 20px;margin: 0 31px 10px 0\" src=\"\/wordpress\/wp-content\/uploads\/2018\/07\/firstprint-logo-weiss.svg\" alt=\"\" \/><\/a><a href=\"\/de\/ddk-print-big\/\"><img style=\"height: 18px;margin: 0 31px 10px 0\" src=\"\/wordpress\/wp-content\/uploads\/2018\/07\/ddk-print-big-logo-weiss.svg\" alt=\"\" \/><\/a><a href=\"\/de\/easyprint\/\"><img style=\"height: 20px;margin: 0 31px 10px 0\" src=\"\/wordpress\/wp-content\/uploads\/2018\/09\/Infowerk-Logo-Weiss.png\" alt=\"\" \/><\/a><a href=\"\/de\/infowerk\/\"><img style=\"height: 20px;margin: 0 31px 10px 0\" src=\"\/wordpress\/wp-content\/uploads\/2018\/07\/infowerk-logo-weiss.svg\" alt=\"\" \/><\/a><a href=\"\/de\/unitedprint-shop-services\/\"><img style=\"height: 22px;margin: 0 0 10px 0\" src=\"\/wordpress\/wp-content\/uploads\/2018\/10\/unitedprint-shop-service-logo-weiss.svg\" alt=\"\" \/><\/a><\/p>\n<p>[\/et_pb_text][\/et_pb_column][\/et_pb_row][\/et_pb_section]<\/p>\n","protected":false},"excerpt":{"rendered":"<p>USS Geld verdienen und erfolgreich sein \u2013 als Partner von Unitedprint: Mit USS (Unitedprint Shop Services) stellen wir vielf\u00e4ltige und innovative Formen der partnerschaftlichen Zusammenarbeit zur Verf\u00fcgung \u2013 f\u00fcr Reseller, Agenturen, Druckereien, Fotografen und Designer. Diese reichen von Schnittstellen-L\u00f6sungen bis hin zum Online-Printshop, \u00fcber den sich auch eigene Produkte vermarkten lassen. Unsere Mission: Wir wollen [&hellip;]<\/p>\n","protected":false},"author":15,"featured_media":0,"parent":0,"menu_order":2,"comment_status":"closed","ping_status":"closed","template":"","meta":{"_et_pb_use_builder":"on","_et_pb_old_content":"","_et_gb_content_width":"","_expiration-date-status":"","_expiration-date":0,"_expiration-date-type":"","_expiration-date-categories":[],"_expiration-date-options":[]},"aioseo_notices":[],"_links":{"self":[{"href":"https:\/\/unitedprint.com\/de\/wp-json\/wp\/v2\/pages\/753"}],"collection":[{"href":"https:\/\/unitedprint.com\/de\/wp-json\/wp\/v2\/pages"}],"about":[{"href":"https:\/\/unitedprint.com\/de\/wp-json\/wp\/v2\/types\/page"}],"author":[{"embeddable":true,"href":"https:\/\/unitedprint.com\/de\/wp-json\/wp\/v2\/users\/15"}],"replies":[{"embeddable":true,"href":"https:\/\/unitedprint.com\/de\/wp-json\/wp\/v2\/comments?post=753"}],"version-history":[{"count":30,"href":"https:\/\/unitedprint.com\/de\/wp-json\/wp\/v2\/pages\/753\/revisions"}],"predecessor-version":[{"id":5644,"href":"https:\/\/unitedprint.com\/de\/wp-json\/wp\/v2\/pages\/753\/revisions\/5644"}],"wp:attachment":[{"href":"https:\/\/unitedprint.com\/de\/wp-json\/wp\/v2\/media?parent=753"}],"curies":[{"name":"wp","href":"https:\/\/api.w.org\/{rel}","templated":true}]}}