{"id":76,"date":"2018-06-19T14:22:14","date_gmt":"2018-06-19T12:22:14","guid":{"rendered":"http:\/\/unitedprint.dw-staging.de\/?page_id=76"},"modified":"2022-01-19T08:22:53","modified_gmt":"2022-01-19T07:22:53","slug":"datenschutz","status":"publish","type":"page","link":"https:\/\/unitedprint.com\/de\/datenschutz\/","title":{"rendered":"Datenschutz"},"content":{"rendered":"<p>[et_pb_section bb_built=&#8220;1&#8243; specialty=&#8220;off&#8220; next_background_color=&#8220;#000000&#8243; _builder_version=&#8220;3.10.2&#8243; max_width=&#8220;1400px&#8220; custom_margin=&#8220;0px||0px|&#8220; custom_padding=&#8220;0px||0px|&#8220; module_alignment=&#8220;center&#8220;][et_pb_row _builder_version=&#8220;3.10.2&#8243; make_fullwidth=&#8220;on&#8220; module_alignment=&#8220;center&#8220; custom_padding=&#8220;0px||0px|&#8220;][et_pb_column type=&#8220;4_4&#8243;][et_pb_image admin_label=&#8220;Headerbild&#8220; _builder_version=&#8220;3.10.2&#8243; src=&#8220;https:\/\/unitedprint.com\/wordpress\/wp-content\/uploads\/2018\/09\/unitedprint-company-small.jpg&#8220; force_fullwidth=&#8220;on&#8220; \/][\/et_pb_column][\/et_pb_row][\/et_pb_section][et_pb_section bb_built=&#8220;1&#8243; specialty=&#8220;off&#8220; prev_background_color=&#8220;#000000&#8243; _builder_version=&#8220;3.10.2&#8243; custom_padding=&#8220;20px||20px|&#8220; next_background_color=&#8220;#006eb9&#8243;][et_pb_row _builder_version=&#8220;3.14&#8243; custom_padding=&#8220;20px||10px|&#8220;][et_pb_column type=&#8220;4_4&#8243;][et_pb_blurb admin_label=&#8220;Datenschutzerkl\u00e4rung von UNITEDPRINT&#8220; _builder_version=&#8220;3.14&#8243; image=&#8220;https:\/\/unitedprint.com\/wordpress\/wp-content\/uploads\/2018\/07\/up-unitedprint-se-icon-2.svg&#8220; icon_placement=&#8220;left&#8220; animation=&#8220;off&#8220; image_max_width=&#8220;40px&#8220; body_font=&#8220;|||on|||||&#8220; content_max_width=&#8220;100%&#8220; body_text_shadow_vertical_length=&#8220;0.13em&#8220; body_text_shadow_blur_strength=&#8220;0.25em&#8220; body_text_shadow_color=&#8220;rgba(0,0,0,0.3)&#8220; saved_tabs=&#8220;all&#8220;]<\/p>\n<h1>Datenschutzerkl\u00e4rung von UNITEDPRINT<\/h1>\n<p>[\/et_pb_blurb][\/et_pb_column][\/et_pb_row][et_pb_row _builder_version=&#8220;3.14&#8243; custom_padding=&#8220;0px||10px|&#8220;][et_pb_column type=&#8220;4_4&#8243;][et_pb_text _builder_version=&#8220;3.14&#8243;]<\/p>\n<h2>Allgemeine Angaben<\/h2>\n<p>Diese Datenschutzerkl\u00e4rung informiert Sie dar\u00fcber, welche personenbezogenen Daten die UNITEDPRINT auf ihren Internetangeboten erhebt und wie diese Daten verarbeitet werden. N\u00e4here Angaben zu uns finden Sie in unserem Impressum.<\/p>\n<p><strong>Angaben zur verantwortlichen Stelle<\/strong><\/p>\n<table style=\"border: none\">\n<tbody>\n<tr>\n<td style=\"width: 30%;vertical-align: top;border: none;padding: 0px\">Unternehmen:<\/td>\n<td style=\"border: none;padding: 0px\">Unitedprint.com SE<\/td>\n<\/tr>\n<tr>\n<td style=\"width: 30%;vertical-align: top;border: none;padding: 0px\">Gesetzlicher Vertreter:<\/td>\n<td style=\"border: none;padding: 0px\">Holm Winkler, Fabian Frenzel, Frank Winkler<\/td>\n<\/tr>\n<tr>\n<td style=\"width: 30%;vertical-align: top;border: none;padding: 0px\">Adresse:<\/td>\n<td style=\"border: none;padding: 0px\">Friedrich-List-Stra\u00dfe 3, D-1445 Radebeul<\/td>\n<\/tr>\n<tr>\n<td style=\"width: 30%;vertical-align: top;border: none;padding: 0px\">Kontaktdaten Datenschutzbeauftragter:<\/td>\n<td style=\"border: none;padding: 0px\">&#x69;&#x6e;&#x66;&#111;&#64;un&#x69;&#x74;&#x65;&#x64;&#112;&#114;in&#x74;&#x2e;&#x63;&#111;&#109;<\/td>\n<\/tr>\n<\/tbody>\n<\/table>\n<h2>Allgemeine Datenverarbeitungs-Informationen<\/h2>\n<p><strong>Betroffene Daten:<\/strong><br \/>\nPersonenbezogene Daten werden nur erhoben, wenn Sie uns diese von sich aus mitteilen. Dar\u00fcber hinaus werden keine personenbezogenen Daten erhoben. Eine \u00fcber die Reichweite der gesetzlichen Erlaubnistatbest\u00e4nde hinausgehende Verarbeitung Ihrer personenbezogenen Daten erfolgt nur auf Grundlage Ihrer ausdr\u00fccklichen Einwilligung.<\/p>\n<table style=\"border: none\">\n<tbody>\n<tr>\n<td style=\"width: 30%;vertical-align: top;border: none;padding: 0px\">Verarbeitungszweck:<\/td>\n<td style=\"border: none;padding: 0px\">Vertragsdurchf\u00fchrung<\/td>\n<\/tr>\n<tr>\n<td style=\"width: 30%;vertical-align: top;border: none;padding: 0px\">Kategorien von Empf\u00e4ngern:<\/td>\n<td style=\"border: none;padding: 0px\">\u00d6ffentliche Stellen bei Vorliegen vorrangiger Rechtsvorschriften.<\/p>\n<p>Externe Dienstleister oder sonstige Auftragnehmer.<\/p>\n<p>Weitere externe Stellen soweit der Betroffene seine Einwilligung erteilt hat oder eine \u00dcbermittlung aus \u00fcberwiegendem Interesse zul\u00e4ssig ist.<\/td>\n<\/tr>\n<tr>\n<td style=\"width: 30%;vertical-align: top;border: none;padding: 0px\">Drittlandtransfers:<\/td>\n<td style=\"border: none;padding: 0px\">Im Rahmen der Vertragsdurchf\u00fchrung k\u00f6nnen auch Auftragsverarbeiter au\u00dferhalb der Europ\u00e4ischen Union zum Einsatz kommen.<\/td>\n<\/tr>\n<tr>\n<td style=\"width: 30%;vertical-align: top;border: none;padding: 0px\">Dauer Datenspeicherung:<\/td>\n<td style=\"border: none;padding: 0px\">Die Dauer der Datenspeicherung richtet sich nach den gesetzlichen Aufbewahrungspflichten und betr\u00e4gt in der Regel 10 Jahre.<\/td>\n<\/tr>\n<\/tbody>\n<\/table>\n<h2>Spezifische Angaben zur Webseite<\/h2>\n<p><strong>Einsatz eines Newsletters<\/strong><\/p>\n<p>Im Rahmen der Registrierung unseres Newsletters teilen Sie uns Ihre E-Mail-Adresse und optional weitere Daten mit. Diese Angaben verwenden wir ausschlie\u00dflich, um Ihnen den Newsletter zuzusenden. Ihre bei der Newsletter-Anmeldung eingegebenen Daten bleiben bei uns gespeichert, bis Sie sich wieder von unserem Newsletter abmelden. Eine Abmeldung ist jederzeit \u00fcber den daf\u00fcr vorgesehenen Link im Newsletter oder eine entsprechende Mitteilung an uns m\u00f6glich. Mit der Abmeldung widersprechen Sie der Nutzung Ihrer E-Mail-Adresse.<\/p>\n<p>Ihre E-Mailadresse, die wir im Zusammenhang mit dem Verkauf einer Ware oder Dienstleistung erhalten, nutzen wir dar\u00fcber hinaus ausschlie\u00dflich f\u00fcr Direktwerbung in Form unseres Newsletters f\u00fcr eigene \u00e4hnliche Waren oder Dienstleistungen, wie die von Ihnen bestellten, sofern Sie dieser Verwendung nicht widersprochen haben. Sie k\u00f6nnen der Verwendung Ihrer E-Mail-Adresse jederzeit widersprechen, ohne dass hierf\u00fcr andere als die \u00dcbermittlungskosten nach den Basistarifen entstehen. Ihr Widerspruch (und damit die Abbestellung unseres Newsletters) kann durch entsprechende Nachricht an unsere E-Mail-Adresse (siehe Impressum) ausge\u00fcbt werden.<\/p>\n<p><strong>Einsatz von Google Analytics<\/strong><br \/>\nDiese Website benutzt Google Analytics, einen Webanalysedienst der Google Inc. (\u201eGoogle\u201c). Google Analytics verwendet sog. \u201eCookies\u201c, Textdateien, die auf Ihrem Computer gespeichert werden und die eine Analyse der Benutzung der Website durch Sie erm\u00f6glichen. Die durch den Cookie erzeugten Informationen \u00fcber Ihre Benutzung dieser Website werden in der Regel an einen Server von Google in den USA \u00fcbertragen und dort gespeichert. Im Falle der Aktivierung der IP-Anonymisierung auf dieser Webseite, wird Ihre IP-Adresse von Google jedoch innerhalb von Mitgliedstaaten der Europ\u00e4ischen Union oder in anderen Vertragsstaaten des Abkommens \u00fcber den Europ\u00e4ischen Wirtschaftsraum zuvor gek\u00fcrzt. Nur in Ausnahmef\u00e4llen wird die volle IP-Adresse an einen Server von Google in den USA \u00fcbertragen und dort gek\u00fcrzt. Im Auftrag des Betreibers dieser Website wird Google diese Informationen benutzen, um Ihre Nutzung der Website auszuwerten, um Reports \u00fcber die Websiteaktivit\u00e4ten zusammenzustellen und um weitere mit der Websitenutzung und der Internetnutzung verbundene Dienstleistungen gegen\u00fcber dem Websitebetreiber zu erbringen. Die im Rahmen von Google Analytics von Ihrem Browser \u00fcbermittelte IP-Adresse wird nicht mit anderen Daten von Google zusammengef\u00fchrt. Sie k\u00f6nnen die Speicherung der Cookies durch eine entsprechende Einstellung Ihrer Browser-Software verhindern; wir weisen Sie jedoch darauf hin, dass Sie in diesem Fall gegebenenfalls nicht s\u00e4mtliche Funktionen dieser Website vollumf\u00e4nglich werden nutzen k\u00f6nnen. Sie k\u00f6nnen dar\u00fcber hinaus die Erfassung der durch das Cookie erzeugten und auf Ihre Nutzung der Website bezogenen Daten (inkl. Ihrer IP-Adresse) an Google sowie die Verarbeitung dieser Daten durch Google verhindern, indem sie das unter dem folgenden <a title=\"https:\/\/tools.google.com\/dlpage\/gaoptout?hl\" href=\"https:\/\/tools.google.com\/dlpage\/gaoptout?hl\" target=\"_blank\" rel=\"noopener noreferrer\">Link<\/a> verf\u00fcgbare Browser-Plugin herunterladen und installieren. Angesichts der Diskussion um den Einsatz von Analysetools mit vollst\u00e4ndigen IP-Adressen m\u00f6chten wir da-rauf hinweisen, dass diese Website Google Analytics mit der Erweiterung \u201e_anonymizeIp()\u201c verwendet und daher IP-Adressen nur gek\u00fcrzt weiterverarbeitet werden, um eine direkte Personenbeziehbarkeit auszuschlie\u00dfen. Speziell f\u00fcr Browser auf mobilen Ger\u00e4ten klicken Sie bitte diesen <a title=\"https:\/\/tools.google.com\/dlpage\/gaoptout?hl\" href=\"https:\/\/tools.google.com\/dlpage\/gaoptout?hl\" target=\"_blank\" rel=\"noopener noreferrer\">Link<\/a>, um die anonymisierte Erfassung durch Google Analytics auf dieser Webseite f\u00fcr Ihren Browser mittels eines so genannten \u201eOpt-Out-Cookies\u201c zuk\u00fcnftig zu verhindern.<\/p>\n<p><strong>Einsatz eigener \u201eCookies\u201c<\/strong><\/p>\n<p>Diese Webseite verwendet eigene \u201eCookies\u201c, um die Benutzerfreundlichkeit zu erh\u00f6hen (\u201eCookies\u201c sind Datens\u00e4tze, die vom Webserver an den Browser des Nutzers gesandt und dort f\u00fcr einen sp\u00e4teren Abruf gespeichert werden. Sie k\u00f6nnen die Verwendung von \u201eCookies\u201c generell verhindern, wenn Sie in Ihrem Browser die Speicherung von \u201eCookies\u201c untersagen. Dies kann jedoch zu Einschr\u00e4nkungen in der Funktionalit\u00e4t f\u00fchren.<\/p>\n<h2>Angaben zu weiteren Datenverarbeitungsverfahren<\/h2>\n<p><strong>Spezifische Angaben zum Bewerbungsverfahren<\/strong><\/p>\n<table style=\"border: none\">\n<tbody>\n<tr>\n<td style=\"width: 30%;vertical-align: top;border: none;padding: 0px\">Betroffene Daten:<\/td>\n<td style=\"border: none;padding: 0px\">Bewerbungsangaben<\/td>\n<\/tr>\n<tr>\n<td style=\"width: 30%;vertical-align: top;border: none;padding: 0px\">Verarbeitungszweck:<\/td>\n<td style=\"border: none;padding: 0px\">Durchf\u00fchrung Bewerbungsverfahren<\/td>\n<\/tr>\n<tr>\n<td style=\"width: 30%;vertical-align: top;border: none;padding: 0px\">Kategorien von Empf\u00e4ngern:<\/td>\n<td style=\"border: none;padding: 0px\">\u00d6ffentliche Stellen bei Vorliegen vorrangiger Rechtsvorschriften.<\/p>\n<p>Externe Dienstleister oder sonstige Auftragnehmer, u.a. zur Datenverarbeitung und Hosting.<\/p>\n<p>Weitere externe Stellen soweit der Betroffene seine Einwilligung erteilt hat oder eine \u00dcbermittlung aus \u00fcberwiegendem Interesse zul\u00e4ssig ist, u.a. Kunden und Interessenten im Rahmen der Auftragsakquise.<\/td>\n<\/tr>\n<tr>\n<td style=\"width: 30%;vertical-align: top;border: none;padding: 0px\">Drittlandtransfers:<\/td>\n<td style=\"border: none;padding: 0px\">Im Rahmen der Vertragsdurchf\u00fchrung k\u00f6nnen auch Auftragsverarbeiter au\u00dferhalb der Europ\u00e4ischen Union zum Einsatz kommen.<\/td>\n<\/tr>\n<tr>\n<td style=\"width: 30%;vertical-align: top;border: none;padding: 0px\">Dauer Datenspeicherung:<\/td>\n<td style=\"border: none;padding: 0px\">Bewerbungsdaten werden nach Mitteilung der Entscheidung in der Regel binnen drei Monaten gel\u00f6scht, soweit nicht eine Einwilligung in eine l\u00e4ngere Datenspeicherung im Rahme der Aufnahme in den Bewerberpool vorliegt.<\/td>\n<\/tr>\n<\/tbody>\n<\/table>\n<p><strong>Spezifische Angaben zur Verarbeitung von Kundendaten\/Interessentendaten<\/strong><\/p>\n<table style=\"border: none\">\n<tbody>\n<tr>\n<td style=\"width: 30%;vertical-align: top;border: none;padding: 0px\">Betroffene Daten:<\/td>\n<td style=\"border: none;padding: 0px\">Zur Vertragsdurchf\u00fchrung mitgeteilte Daten; ggfs. dar\u00fcber hinaus gehende Daten zur Verarbeitung auf Basis Ihrer ausdr\u00fccklichen Einwilligung.<\/td>\n<\/tr>\n<tr>\n<td style=\"width: 30%;vertical-align: top;border: none;padding: 0px\">Verarbeitungszweck:<\/td>\n<td style=\"border: none;padding: 0px\">Vertragsdurchf\u00fchrung, u.a. Angebote, Auftr\u00e4ge, Verkauf und Rechnungsstellung, Qualit\u00e4tssicherung<\/td>\n<\/tr>\n<tr>\n<td style=\"width: 30%;vertical-align: top;border: none;padding: 0px\">Kategorien von Empf\u00e4ngern:<\/td>\n<td style=\"border: none;padding: 0px\">\u00d6ffentliche Stellen bei Vorliegen vorrangiger Rechtsvorschriften<\/p>\n<p>Externe Dienstleister oder sonstige Auftragnehmer, u.a. zur Datenverarbeitung und Hosting, f\u00fcr Versand, Transport und Logistik, Dienstleister zum Druck und Versand von Informationen.<\/p>\n<p>Weitere externe Stellen soweit der Betroffene seine Einwilligung erteilt hat oder eine \u00dcbermittlung aus \u00fcberwiegendem Interesse zul\u00e4ssig ist, u.a. zur Bonit\u00e4tsauskunft bei Kauf auf Rechnung, zum elektronischen Versand von Informationen, zu Qualit\u00e4tssicherungszwecken.<\/td>\n<\/tr>\n<tr>\n<td style=\"width: 30%;vertical-align: top;border: none;padding: 0px\">Drittlandtransfers:<\/td>\n<td style=\"border: none;padding: 0px\">Im Rahmen der Vertragsdurchf\u00fchrung k\u00f6nnen auch Auftragsverarbeiter au\u00dferhalb der Europ\u00e4ischen Union zum Einsatz kommen.<\/td>\n<\/tr>\n<tr>\n<td style=\"width: 30%;vertical-align: top;border: none;padding: 0px\">Dauer Datenspeicherung:<\/td>\n<td style=\"border: none;padding: 0px\">Die Dauer der Datenspeicherung richtet sich nach den gesetzlichen Aufbewahrungspflichten und betr\u00e4gt in der Regel 10 Jahre.<\/td>\n<\/tr>\n<\/tbody>\n<\/table>\n<p><strong>Spezifische Angaben zur Verarbeitung von Besch\u00e4ftigtendaten<\/strong><\/p>\n<table style=\"border: none\">\n<tbody>\n<tr>\n<td style=\"width: 30%;vertical-align: top;border: none;padding: 0px\">Betroffene Daten:<\/td>\n<td style=\"border: none;padding: 0px\">Zur Vertragsdurchf\u00fchrung mitgeteilte Daten; ggfs. dar\u00fcber hinaus gehende Daten zur Verarbeitung auf Basis Ihrer ausdr\u00fccklichen Einwilligung.<\/td>\n<\/tr>\n<tr>\n<td style=\"width: 30%;vertical-align: top;border: none;padding: 0px\">Verarbeitungszweck:<\/td>\n<td style=\"border: none;padding: 0px\">Vertragsdurchf\u00fchrung im Rahmen des Besch\u00e4ftigungsverh\u00e4ltnisses<\/td>\n<\/tr>\n<tr>\n<td style=\"width: 30%;vertical-align: top;border: none;padding: 0px\">Kategorien von Empf\u00e4ngern:<\/td>\n<td style=\"border: none;padding: 0px\">\u00d6ffentliche Stellen bei Vorliegen vorrangiger Rechtsvorschriften, u.a. Finanzamt, Sozialversicherungstr\u00e4ger, Berufsgenossenschaft<\/p>\n<p>Externe Dienstleister oder sonstige Auftragnehmer, u.a. zur Datenverarbeitung und Hosting, zur Entgeltabrechnung, zur Reisekostenabrechnung, zu Versicherungsleistungen, zur Fahrzeugnutzung.<\/p>\n<p>Weitere externe Stellen soweit der Betroffene seine Einwilligung er-teilt hat oder eine \u00dcbermittlung aus \u00fcberwiegendem Interesse zul\u00e4ssig ist, u.a. zur Auftragsakquise, zu Versicherungsleistungen.<\/td>\n<\/tr>\n<tr>\n<td style=\"width: 30%;vertical-align: top;border: none;padding: 0px\">Drittlandtransfers:<\/td>\n<td style=\"border: none;padding: 0px\">Im Rahmen der Vertragsdurchf\u00fchrung k\u00f6nnen auch Auftragsverarbeiter au\u00dferhalb der Europ\u00e4ischen Union zum Einsatz kommen.<\/td>\n<\/tr>\n<tr>\n<td style=\"width: 30%;vertical-align: top;border: none;padding: 0px\">Dauer Datenspeicherung:<\/td>\n<td style=\"border: none;padding: 0px\">Die Dauer der Datenspeicherung richtet sich nach den gesetzlichen Aufbewahrungspflichten und betr\u00e4gt in der Regel 10 Jahre.<\/td>\n<\/tr>\n<\/tbody>\n<\/table>\n<p><strong>Spezifische Angaben zur Verarbeitung von Lieferantendaten<\/strong><\/p>\n<table style=\"border: none\">\n<tbody>\n<tr>\n<td style=\"width: 30%;vertical-align: top;border: none;padding: 0px\">Betroffene Daten:<\/td>\n<td style=\"border: none;padding: 0px\">Zur Vertragsdurchf\u00fchrung mitgeteilte Daten; ggfs. dar\u00fcber hinaus gehende Daten zur Verarbeitung auf Basis Ihrer ausdr\u00fccklichen Einwilligung.<\/td>\n<\/tr>\n<tr>\n<td style=\"width: 30%;vertical-align: top;border: none;padding: 0px\">Verarbeitungszweck:<\/td>\n<td style=\"border: none;padding: 0px\">Vertragsdurchf\u00fchrung, u.a. Anfragen, Einkauf, Qualit\u00e4tssicherung<\/td>\n<\/tr>\n<tr>\n<td style=\"width: 30%;vertical-align: top;border: none;padding: 0px\">Kategorien von Empf\u00e4ngern:<\/td>\n<td style=\"border: none;padding: 0px\">\u00d6ffentliche Stellen bei Vorliegen vorrangiger Rechtsvorschriften, u.a. Finanzamt, Zoll<\/p>\n<p>Externe Dienstleister oder sonstige Auftragnehmer, u.a. zur Datenverarbeitung und Hosting, Buchhaltung, Zahlungsabwicklung<\/p>\n<p>Weitere externe Stellen soweit der Betroffene seine Einwilligung erteilt hat oder eine \u00dcbermittlung aus \u00fcberwiegendem Interesse zul\u00e4ssig ist.<\/td>\n<\/tr>\n<tr>\n<td style=\"width: 30%;vertical-align: top;border: none;padding: 0px\">Drittlandtransfers:<\/td>\n<td style=\"border: none;padding: 0px\">Im Rahmen der Vertragsdurchf\u00fchrung k\u00f6nnen auch Auftragsverarbeiter au\u00dferhalb der Europ\u00e4ischen Union zum Einsatz kommen, u.a. Email-Provider.<\/td>\n<\/tr>\n<tr>\n<td style=\"width: 30%;vertical-align: top;border: none;padding: 0px\">Dauer Datenspeicherung:<\/td>\n<td style=\"border: none;padding: 0px\">Die Dauer der Datenspeicherung richtet sich nach den gesetzlichen Aufbewahrungspflichten und betr\u00e4gt in der Regel 10 Jahre.<\/td>\n<\/tr>\n<\/tbody>\n<\/table>\n<h2>Weitere Informationen und Kontakte<\/h2>\n<p>Dar\u00fcber hinaus k\u00f6nnen Sie jederzeit ihre Anspr\u00fcche auf Auskunft, Berichtigung oder L\u00f6schung oder auf Einschr\u00e4nkung der Verarbeitung oder der Wahrnehmung Ihres Widerspruchsrechts gegen die Verarbeitung sowie das Recht auf Daten\u00fcbertragbarkeit geltend machen. <a title=\"Impressum\" href=\"https:\/\/unitedprint.com\/de\/impressum\/\" target=\"_blank\" rel=\"noopener noreferrer\">Hier<\/a> finden Sie die M\u00f6glichkeit, uns per E-Mail oder Brief zu kontaktieren. Sie haben ferner das Recht, sich bei Beschwerden an die Datenschutz-Aufsichtsbeh\u00f6rde zu wenden.<\/p>\n<p>[\/et_pb_text][\/et_pb_column][\/et_pb_row][\/et_pb_section][et_pb_section bb_built=&#8220;1&#8243; prev_background_color=&#8220;#ffffff&#8220; _builder_version=&#8220;3.14&#8243; background_color=&#8220;#006eb9&#8243; custom_padding=&#8220;20px||20px|&#8220; global_module=&#8220;2277&#8243;][et_pb_row global_parent=&#8220;2277&#8243; _builder_version=&#8220;3.14&#8243; custom_padding=&#8220;20px||0px|&#8220; custom_margin=&#8220;0px||0px|&#8220; background_position=&#8220;top_left&#8220; background_repeat=&#8220;repeat&#8220; background_size=&#8220;initial&#8220; module_alignment=&#8220;center&#8220;][et_pb_column type=&#8220;4_4&#8243;][et_pb_text global_parent=&#8220;2277&#8243; _builder_version=&#8220;3.14&#8243; custom_margin=&#8220;0px||0px|&#8220; custom_padding=&#8220;0px||0px|&#8220; text_orientation=&#8220;center&#8220; module_alignment=&#8220;center&#8220;]<\/p>\n<p><a href=\"\/de\/print24\/\"><img style=\"height: 25px;margin: 0 32px 10px 0\" src=\"\/wordpress\/wp-content\/uploads\/2018\/07\/print24-logo-weiss.svg\" alt=\"\" border=\"0\" \/><\/a><a href=\"\/de\/unitedprint\/\"><img style=\"height: 20px;margin: 0 31px 10px 0\" src=\"\/wordpress\/wp-content\/uploads\/2018\/07\/up-unitedprint-logo-weiss.svg\" alt=\"\" \/><\/a><a href=\"\/de\/getprint\/\"><img style=\"height: 20px;margin: 0 31px 10px 0\" src=\"\/wordpress\/wp-content\/uploads\/2018\/07\/getprint-logo-weiss.svg\" alt=\"\" \/><\/a><a href=\"\/de\/printwhat\/\"><img style=\"height: 20px;margin: 0 31px 10px 0\" src=\"\/wordpress\/wp-content\/uploads\/2018\/07\/printwhat-logo-weiss.svg\" alt=\"\" \/><\/a><a href=\"\/de\/firstprint\/\"><img style=\"height: 20px;margin: 0 31px 10px 0\" src=\"\/wordpress\/wp-content\/uploads\/2018\/07\/firstprint-logo-weiss.svg\" alt=\"\" \/><\/a><a href=\"\/de\/ddk-print-big\/\"><img style=\"height: 18px;margin: 0 31px 10px 0\" src=\"\/wordpress\/wp-content\/uploads\/2018\/07\/ddk-print-big-logo-weiss.svg\" alt=\"\" \/><\/a><a href=\"\/de\/easyprint\/\"><img style=\"height: 20px;margin: 0 31px 10px 0\" src=\"\/wordpress\/wp-content\/uploads\/2018\/09\/Infowerk-Logo-Weiss.png\" alt=\"\" \/><\/a><a href=\"\/de\/infowerk\/\"><img style=\"height: 20px;margin: 0 31px 10px 0\" src=\"\/wordpress\/wp-content\/uploads\/2018\/07\/infowerk-logo-weiss.svg\" alt=\"\" \/><\/a><a href=\"\/de\/unitedprint-shop-services\/\"><img style=\"height: 22px;margin: 0 0 10px 0\" src=\"\/wordpress\/wp-content\/uploads\/2018\/10\/unitedprint-shop-service-logo-weiss.svg\" alt=\"\" \/><\/a><\/p>\n<p>[\/et_pb_text][\/et_pb_column][\/et_pb_row][\/et_pb_section]<\/p>\n","protected":false},"excerpt":{"rendered":"<p>Datenschutzerkl\u00e4rung von UNITEDPRINT Allgemeine Angaben Diese Datenschutzerkl\u00e4rung informiert Sie dar\u00fcber, welche personenbezogenen Daten die UNITEDPRINT auf ihren Internetangeboten erhebt und wie diese Daten verarbeitet werden. N\u00e4here Angaben zu uns finden Sie in unserem Impressum. Angaben zur verantwortlichen Stelle Unternehmen: Unitedprint.com SE Gesetzlicher Vertreter: Holm Winkler, Fabian Frenzel, Frank Winkler Adresse: Friedrich-List-Stra\u00dfe 3, D-1445 Radebeul Kontaktdaten [&hellip;]<\/p>\n","protected":false},"author":16,"featured_media":0,"parent":0,"menu_order":6,"comment_status":"closed","ping_status":"closed","template":"","meta":{"_et_pb_use_builder":"on","_et_pb_old_content":"","_et_gb_content_width":"","_expiration-date-status":"","_expiration-date":0,"_expiration-date-type":"","_expiration-date-categories":[],"_expiration-date-options":[]},"aioseo_notices":[],"_links":{"self":[{"href":"https:\/\/unitedprint.com\/de\/wp-json\/wp\/v2\/pages\/76"}],"collection":[{"href":"https:\/\/unitedprint.com\/de\/wp-json\/wp\/v2\/pages"}],"about":[{"href":"https:\/\/unitedprint.com\/de\/wp-json\/wp\/v2\/types\/page"}],"author":[{"embeddable":true,"href":"https:\/\/unitedprint.com\/de\/wp-json\/wp\/v2\/users\/16"}],"replies":[{"embeddable":true,"href":"https:\/\/unitedprint.com\/de\/wp-json\/wp\/v2\/comments?post=76"}],"version-history":[{"count":31,"href":"https:\/\/unitedprint.com\/de\/wp-json\/wp\/v2\/pages\/76\/revisions"}],"predecessor-version":[{"id":8836,"href":"https:\/\/unitedprint.com\/de\/wp-json\/wp\/v2\/pages\/76\/revisions\/8836"}],"wp:attachment":[{"href":"https:\/\/unitedprint.com\/de\/wp-json\/wp\/v2\/media?parent=76"}],"curies":[{"name":"wp","href":"https:\/\/api.w.org\/{rel}","templated":true}]}}