{"id":14337,"date":"2024-06-04T10:02:13","date_gmt":"2024-06-04T08:02:13","guid":{"rendered":"https:\/\/unitedprint.com\/?page_id=14337"},"modified":"2024-06-05T08:53:38","modified_gmt":"2024-06-05T06:53:38","slug":"unitedprint-com-colabora-con-pexels-com","status":"publish","type":"page","link":"https:\/\/unitedprint.com\/es\/unitedprint-com-colabora-con-pexels-com\/","title":{"rendered":"UNITEDPRINT.COM COLABORA CON PEXELS.COM"},"content":{"rendered":"<p>[et_pb_section fb_built=&#8221;1&#8243; _builder_version=&#8221;4.16.0&#8243; max_width=&#8221;1150px&#8221; module_alignment=&#8221;center&#8221; custom_margin=&#8221;0px||0px|&#8221; custom_padding=&#8221;0px||0px|&#8221; global_colors_info=&#8221;{}&#8221;][et_pb_row module_class=&#8221; et_pb_row_fullwidth&#8221; _builder_version=&#8221;4.16&#8243; width=&#8221;100%&#8221; width_tablet=&#8221;100%&#8221; width_phone=&#8221;100%&#8221; width_last_edited=&#8221;on|desktop&#8221; max_width=&#8221;100%&#8221; max_width_tablet=&#8221;100%&#8221; max_width_phone=&#8221;100%&#8221; max_width_last_edited=&#8221;on|desktop&#8221; module_alignment=&#8221;center&#8221; custom_padding=&#8221;0px||0px|&#8221; make_fullwidth=&#8221;on&#8221; global_colors_info=&#8221;{}&#8221;][et_pb_column type=&#8221;4_4&#8243; _builder_version=&#8221;4.16&#8243; custom_padding=&#8221;|||&#8221; global_colors_info=&#8221;{}&#8221; custom_padding__hover=&#8221;|||&#8221;][et_pb_image src=&#8221;https:\/\/unitedprint.com\/wp-content\/uploads\/2023\/09\/main-banner-pexels-scaled.jpg&#8221; title_text=&#8221;main-banner-pexels&#8221; align_tablet=&#8221;center&#8221; align_phone=&#8221;center&#8221; align_last_edited=&#8221;on|desktop&#8221; admin_label=&#8221;Headerbild&#8221; _builder_version=&#8221;4.16.0&#8243; global_colors_info=&#8221;{}&#8221;][\/et_pb_image][\/et_pb_column][\/et_pb_row][\/et_pb_section][et_pb_section fb_built=&#8221;1&#8243; custom_padding_last_edited=&#8221;on|desktop&#8221; _builder_version=&#8221;4.16&#8243; custom_padding=&#8221;20px||15px|&#8221; custom_padding_tablet=&#8221;20px|||&#8221; custom_padding_phone=&#8221;&#8221; global_colors_info=&#8221;{}&#8221;][et_pb_row custom_padding_last_edited=&#8221;on|desktop&#8221; _builder_version=&#8221;4.16&#8243; custom_padding=&#8221;20px||0px|&#8221; custom_padding_tablet=&#8221;&#8221; custom_padding_phone=&#8221;&#8221; global_colors_info=&#8221;{}&#8221;][et_pb_column type=&#8221;4_4&#8243; _builder_version=&#8221;4.16&#8243; custom_padding=&#8221;|||&#8221; global_colors_info=&#8221;{}&#8221; custom_padding__hover=&#8221;|||&#8221;][et_pb_blurb image=&#8221;https:\/\/unitedprint.com\/wp-content\/uploads\/2018\/07\/up-unitedprint-se-icon-2.svg&#8221; icon_placement=&#8221;left&#8221; image_icon_width=&#8221;40px&#8221; content_max_width=&#8221;100%&#8221; admin_label=&#8221;Kooperation mit Pexels&#8221; _builder_version=&#8221;4.16.0&#8243; header_level=&#8221;h1&#8243; body_font=&#8221;|||on|||||&#8221; animation=&#8221;off&#8221; hover_enabled=&#8221;0&#8243; image_max_width=&#8221;40px&#8221; saved_tabs=&#8221;all&#8221; global_colors_info=&#8221;{}&#8221; sticky_enabled=&#8221;0&#8243;]<\/p>\n<h1><a href=\"https:\/\/unitedprint.com\/es\/\">Unitedprint.com<\/a> colabora con <a href=\"https:\/\/pexels.com\">Pexels.com<\/a><\/h1>\n<p>[\/et_pb_blurb][\/et_pb_column][\/et_pb_row][et_pb_row custom_padding_last_edited=&#8221;on|desktop&#8221; _builder_version=&#8221;4.16&#8243; custom_padding=&#8221;25px||0px|||&#8221; custom_padding_tablet=&#8221;&#8221; custom_padding_phone=&#8221;&#8221; global_colors_info=&#8221;{}&#8221;][et_pb_column type=&#8221;4_4&#8243; _builder_version=&#8221;4.16&#8243; custom_padding=&#8221;|||&#8221; global_colors_info=&#8221;{}&#8221; custom_padding__hover=&#8221;|||&#8221;][et_pb_text _builder_version=&#8221;4.16.0&#8243; custom_margin=&#8221;0px||0px|&#8221; custom_padding=&#8221;0px||0px|&#8221; hover_enabled=&#8221;0&#8243; global_colors_info=&#8221;{}&#8221; sticky_enabled=&#8221;0&#8243;]<\/p>\n<p>24 de septiembre de 2023 Radebeul (Alemania)<\/p>\n<p>[\/et_pb_text][\/et_pb_column][\/et_pb_row][et_pb_row _builder_version=&#8221;4.16.0&#8243; _module_preset=&#8221;default&#8221; custom_padding=&#8221;5px||0px|||&#8221; global_colors_info=&#8221;{}&#8221;][et_pb_column type=&#8221;4_4&#8243; _builder_version=&#8221;4.16.0&#8243; _module_preset=&#8221;default&#8221; global_colors_info=&#8221;{}&#8221;][et_pb_text admin_label=&#8221;Onlinedruckerei bietet eine Vielzahl an neuen Produkten mit individuellem Textildruck&#8221; _builder_version=&#8221;4.16.0&#8243; custom_margin=&#8221;-8px||0px||false|false&#8221; custom_padding=&#8221;0px||0px|&#8221; hover_enabled=&#8221;0&#8243; global_colors_info=&#8221;{}&#8221; sticky_enabled=&#8221;0&#8243;]<\/p>\n<h2>INFOWERK CON M\u00c1S DE 3 MILLONES DE FOTOS DE ARCHIVO LIBRES DE DERECHOS Y 12 MILLONES DE PLANTILLAS DE DISE\u00d1O GRATUITAS PARA PRODUCTOS DIGITALES E IMPRESOS.<\/h2>\n<p>&nbsp;<\/p>\n<p>[\/et_pb_text][\/et_pb_column][\/et_pb_row][et_pb_row _builder_version=&#8221;4.16.0&#8243; _module_preset=&#8221;default&#8221; custom_padding=&#8221;0px|||||&#8221; global_colors_info=&#8221;{}&#8221;][et_pb_column type=&#8221;4_4&#8243; _builder_version=&#8221;4.16.0&#8243; _module_preset=&#8221;default&#8221; global_colors_info=&#8221;{}&#8221;][et_pb_text _builder_version=&#8221;4.16.0&#8243; _module_preset=&#8221;default&#8221; hover_enabled=&#8221;0&#8243; global_colors_info=&#8221;{}&#8221; sticky_enabled=&#8221;0&#8243;]<\/p>\n<p>La empresa tecnol\u00f3gica de comercio electr\u00f3nico <a href=\"https:\/\/unitedprint.com\/es\/\">Unitedprint.com<\/a> anuncia varias innovaciones interesantes para sus marcas <a class=\"waffle-rich-text-link\" href=\"https:\/\/infowerk.com\/es\">Infowerk.com<\/a> y <a href=\"https:\/\/print24.com\/es\">print24.com<\/a>. Adem\u00e1s de la introducci\u00f3n de visualizaciones interactivas en 2D y 3D de vistas previas de productos, la empresa ampl\u00eda su oferta mediante una asociaci\u00f3n con <a href=\"https:\/\/www.pexels.com\/de-de\/\">Pexels.com<\/a>, una empresa de Canva.com, y pone tambi\u00e9n a disposici\u00f3n de sus usuarios m\u00e1s de 12 millones de plantillas de dise\u00f1o premium.<\/p>\n<p>[\/et_pb_text][\/et_pb_column][\/et_pb_row][et_pb_row custom_padding_last_edited=&#8221;on|phone&#8221; disabled_on=&#8221;off|off|off&#8221; _builder_version=&#8221;4.16.0&#8243; _module_preset=&#8221;default&#8221; custom_margin=&#8221;||||false|false&#8221; custom_margin_tablet=&#8221;-20px||-20px||false|false&#8221; custom_margin_phone=&#8221;-20px||-20px||false|false&#8221; custom_margin_last_edited=&#8221;on|phone&#8221; custom_padding=&#8221;29px|||||&#8221; custom_padding_tablet=&#8221;29px|||||&#8221; custom_padding_phone=&#8221;0px||||false|false&#8221; global_colors_info=&#8221;{}&#8221;][et_pb_column type=&#8221;4_4&#8243; _builder_version=&#8221;4.16.0&#8243; _module_preset=&#8221;default&#8221; global_colors_info=&#8221;{}&#8221;][et_pb_divider show_divider_tablet=&#8221;on&#8221; show_divider_phone=&#8221;off&#8221; show_divider_last_edited=&#8221;on|phone&#8221; _builder_version=&#8221;4.16.0&#8243; _module_preset=&#8221;default&#8221; min_height=&#8221;4.2px&#8221; custom_margin=&#8221;||-45px|||&#8221; custom_padding=&#8221;||0px|||&#8221; global_colors_info=&#8221;{}&#8221;][\/et_pb_divider][\/et_pb_column][\/et_pb_row][et_pb_row _builder_version=&#8221;4.16.0&#8243; _module_preset=&#8221;default&#8221; global_colors_info=&#8221;{}&#8221;][et_pb_column type=&#8221;4_4&#8243; _builder_version=&#8221;4.16.0&#8243; _module_preset=&#8221;default&#8221; global_colors_info=&#8221;{}&#8221;][et_pb_blurb image=&#8221;https:\/\/unitedprint.com\/wp-content\/uploads\/2023\/09\/pexel-banner-text-image-scaled.jpg&#8221; icon_placement=&#8221;left&#8221; image_icon_width=&#8221;420px&#8221; content_max_width=&#8221;100%&#8221; icon_placement_tablet=&#8221;top&#8221; icon_placement_phone=&#8221;top&#8221; icon_placement_last_edited=&#8221;on|desktop&#8221; image_icon_width_tablet=&#8221;100%&#8221; image_icon_width_phone=&#8221;100%&#8221; image_icon_width_last_edited=&#8221;on|phone&#8221; _builder_version=&#8221;4.16.0&#8243; _module_preset=&#8221;default&#8221; body_text_align=&#8221;left&#8221; width=&#8221;100%&#8221; hover_enabled=&#8221;0&#8243; global_colors_info=&#8221;{}&#8221; sticky_enabled=&#8221;0&#8243;]<\/p>\n<p style=\"text-align: left;\"><strong>Cooperaci\u00f3n con <a href=\"https:\/\/pexels.com\">Pexels.com<\/a><\/strong><br \/>En estrecha colaboraci\u00f3n con Pexels, filial de <a href=\"https:\/\/www.canva.com\/de_de\/\">Canva.com<\/a>, Infowerk ampl\u00eda su oferta con 3 millones de fotos de archivo libres de derechos, que los usuarios pueden utilizar gratuitamente y sin restricciones para sus proyectos individuales. \u00abEsta cooperaci\u00f3n permite a nuestros clientes elevar su creatividad a un nivel completamente nuevo, y de forma totalmente gratuita\u00bb, <strong>subraya Fabian Frenzel, CEO de<\/strong> <a href=\"https:\/\/unitedprint.com\/es\/\">Unitedprint.com<\/a> <strong>SE<\/strong>.<\/p>\n<p>[\/et_pb_blurb][\/et_pb_column][\/et_pb_row][et_pb_row custom_padding_last_edited=&#8221;on|phone&#8221; _builder_version=&#8221;4.16.0&#8243; _module_preset=&#8221;default&#8221; custom_margin=&#8221;||||false|false&#8221; custom_margin_tablet=&#8221;-20px||-20px||false|false&#8221; custom_margin_phone=&#8221;-20px||-20px||false|false&#8221; custom_margin_last_edited=&#8221;on|phone&#8221; custom_padding=&#8221;29px||||false|false&#8221; custom_padding_tablet=&#8221;29px||||false|false&#8221; custom_padding_phone=&#8221;0px||||false|false&#8221; global_colors_info=&#8221;{}&#8221;][et_pb_column type=&#8221;4_4&#8243; _builder_version=&#8221;4.16.0&#8243; _module_preset=&#8221;default&#8221; global_colors_info=&#8221;{}&#8221;][et_pb_divider show_divider_tablet=&#8221;on&#8221; show_divider_phone=&#8221;off&#8221; show_divider_last_edited=&#8221;on|phone&#8221; _builder_version=&#8221;4.16.0&#8243; _module_preset=&#8221;default&#8221; custom_margin=&#8221;||-45px||false|false&#8221; custom_padding=&#8221;||0px||false|false&#8221; custom_padding_last_edited=&#8221;off|desktop&#8221; global_colors_info=&#8221;{}&#8221;][\/et_pb_divider][\/et_pb_column][\/et_pb_row][et_pb_row _builder_version=&#8221;4.16.0&#8243; _module_preset=&#8221;default&#8221; global_colors_info=&#8221;{}&#8221;][et_pb_column type=&#8221;4_4&#8243; _builder_version=&#8221;4.16.0&#8243; _module_preset=&#8221;default&#8221; global_colors_info=&#8221;{}&#8221;][et_pb_text _builder_version=&#8221;4.16.0&#8243; _module_preset=&#8221;default&#8221; hover_enabled=&#8221;0&#8243; global_colors_info=&#8221;{}&#8221; sticky_enabled=&#8221;0&#8243;]<\/p>\n<p style=\"text-align: left;\"><strong>M\u00e1s de 12 millones de plantillas de dise\u00f1o para productos digitales e impresos<\/strong><br \/>Los m\u00e1s de 12 millones de plantillas de dise\u00f1o gratuitas de <a href=\"https:\/\/infowerk.com\/es\">Infowerk.com<\/a> no s\u00f3lo permiten a los usuarios dise\u00f1ar libremente y sin restricciones sus productos impresos, como folletos, postales y tarjetas de visita, sino tambi\u00e9n una gran variedad de productos digitales. Ya sean invitaciones digitales, felicitaciones o publicaciones en redes sociales, la elecci\u00f3n es casi infinita.<\/p>\n<p>[\/et_pb_text][\/et_pb_column][\/et_pb_row][et_pb_row _builder_version=&#8221;4.16.0&#8243; _module_preset=&#8221;default&#8221; global_colors_info=&#8221;{}&#8221;][et_pb_column type=&#8221;4_4&#8243; _builder_version=&#8221;4.16.0&#8243; _module_preset=&#8221;default&#8221; global_colors_info=&#8221;{}&#8221;][et_pb_text _builder_version=&#8221;4.16.0&#8243; _module_preset=&#8221;default&#8221; hover_enabled=&#8221;0&#8243; global_colors_info=&#8221;{}&#8221; sticky_enabled=&#8221;0&#8243;]<\/p>\n<p style=\"text-align: left;\"><strong>Innovaci\u00f3n en la visualizaci\u00f3n 2D\/3D <\/strong><br \/>Adem\u00e1s de estas interesantes novedades, <a href=\"https:\/\/unitedprint.com\/es\/\">Unitedprint.com<\/a> presenta innovadoras visualizaciones previas de productos en 2D y 3D. Esta funci\u00f3n permite a los usuarios ver y compartir sus productos de impresi\u00f3n individuales en un entorno real, as\u00ed como animados en tres dimensiones en sus pantallas de escritorio y m\u00f3viles. Los usuarios pueden girar sus productos 360 grados en todas direcciones en una vista 3D y as\u00ed explorarlos intuitivamente desde todos los \u00e1ngulos.<\/p>\n<p>[\/et_pb_text][\/et_pb_column][\/et_pb_row][et_pb_row _builder_version=&#8221;4.16.0&#8243; _module_preset=&#8221;default&#8221; global_colors_info=&#8221;{}&#8221;][et_pb_column type=&#8221;4_4&#8243; _builder_version=&#8221;4.16.0&#8243; _module_preset=&#8221;default&#8221; global_colors_info=&#8221;{}&#8221;][et_pb_text _builder_version=&#8221;4.16.0&#8243; _module_preset=&#8221;default&#8221; global_colors_info=&#8221;{}&#8221;]<\/p>\n<p style=\"text-align: left;\"><em>\u00abLa combinaci\u00f3n de fotos de archivo de alta calidad, amplias plantillas de dise\u00f1o gratuitas para productos digitales e impresos y visualizaciones interactivas 2D\/3D hace que nuestra oferta sea \u00fanica en el mercado\u00bb, explica Fabian Frenzel. \u00abEsto reforzar\u00e1 de forma sostenible nuestra posici\u00f3n como uno de los principales proveedores web-to-print de Europa\u00bb.<\/em><\/p>\n<p>[\/et_pb_text][\/et_pb_column][\/et_pb_row][et_pb_row _builder_version=&#8221;4.16.0&#8243; _module_preset=&#8221;default&#8221; global_colors_info=&#8221;{}&#8221;][et_pb_column type=&#8221;4_4&#8243; _builder_version=&#8221;4.16.0&#8243; _module_preset=&#8221;default&#8221; global_colors_info=&#8221;{}&#8221;][et_pb_text _builder_version=&#8221;4.16.0&#8243; _module_preset=&#8221;default&#8221; hover_enabled=&#8221;0&#8243; global_colors_info=&#8221;{}&#8221; sticky_enabled=&#8221;0&#8243;]<\/p>\n<p style=\"text-align: left;\"><strong>Visi\u00f3n<\/strong><br \/><a href=\"https:\/\/unitedprint.com\/es\/\">Unitedprint.com<\/a> planea utilizar la realidad aumentada (RA) tambi\u00e9n en sus portales de comercio electr\u00f3nico. La RA permite entonces a los usuarios utilizar sus smartphones para proyectar vistas en 3D de sus productos impresos a medida en su entorno natural, creando una experiencia de compra envolvente y divertida.<\/p>\n<p>[\/et_pb_text][\/et_pb_column][\/et_pb_row][et_pb_row custom_padding_last_edited=&#8221;on|desktop&#8221; _builder_version=&#8221;4.16.0&#8243; _module_preset=&#8221;default&#8221; custom_margin=&#8221;|auto||auto|false|false&#8221; custom_margin_tablet=&#8221;-20px||-20px||false|false&#8221; custom_margin_phone=&#8221;-20px||-20px||false|false&#8221; custom_margin_last_edited=&#8221;on|phone&#8221; custom_padding_tablet=&#8221;&#8221; custom_padding_phone=&#8221;0px||||false|false&#8221; global_colors_info=&#8221;{}&#8221;][et_pb_column type=&#8221;4_4&#8243; _builder_version=&#8221;4.16.0&#8243; _module_preset=&#8221;default&#8221; global_colors_info=&#8221;{}&#8221;][et_pb_divider show_divider_tablet=&#8221;on&#8221; show_divider_phone=&#8221;off&#8221; show_divider_last_edited=&#8221;on|phone&#8221; _builder_version=&#8221;4.16.0&#8243; _module_preset=&#8221;default&#8221; custom_margin=&#8221;||-45px||false|false&#8221; custom_padding=&#8221;||0px||false|false&#8221; global_colors_info=&#8221;{}&#8221;][\/et_pb_divider][\/et_pb_column][\/et_pb_row][et_pb_row _builder_version=&#8221;4.16.0&#8243; _module_preset=&#8221;default&#8221; global_colors_info=&#8221;{}&#8221;][et_pb_column type=&#8221;4_4&#8243; _builder_version=&#8221;4.16.0&#8243; _module_preset=&#8221;default&#8221; global_colors_info=&#8221;{}&#8221;][et_pb_text _builder_version=&#8221;4.16.0&#8243; _module_preset=&#8221;default&#8221; min_height=&#8221;65.2px&#8221; hover_enabled=&#8221;0&#8243; global_colors_info=&#8221;{}&#8221; sticky_enabled=&#8221;0&#8243;]<\/p>\n<p style=\"text-align: left;\"><a href=\"https:\/\/unitedprint.com\/es\/\">Unitedprint.com<\/a> SE es una empresa tecnol\u00f3gica de comercio electr\u00f3nico innovadora y activa a escala mundial en los campos del dise\u00f1o, el marketing, la impresi\u00f3n y la edici\u00f3n. Con unos 300 empleados en todo el mundo, <a href=\"https:\/\/unitedprint.com\/es\/\">Unitedprint.com<\/a> SE ofrece a sus clientes una amplia gama de productos y servicios en los siguientes sectores: fotograf\u00eda, mobiliario, restauraci\u00f3n\/hosteler\u00eda, regalos, textil, impresi\u00f3n de gran formato, eventos, material publicitario, tecnolog\u00eda publicitaria y mucho m\u00e1s.<\/p>\n<p>[\/et_pb_text][\/et_pb_column][\/et_pb_row][et_pb_row column_structure=&#8221;1_2,1_2&#8243; _builder_version=&#8221;4.16.0&#8243; _module_preset=&#8221;default&#8221; custom_margin=&#8221;||||false|false&#8221; global_colors_info=&#8221;{}&#8221;][et_pb_column type=&#8221;1_2&#8243; _builder_version=&#8221;4.16.0&#8243; _module_preset=&#8221;default&#8221; custom_padding=&#8221;|10px||10px|false|false&#8221; global_colors_info=&#8221;{}&#8221;][et_pb_image src=&#8221;https:\/\/unitedprint.com\/wp-content\/uploads\/2023\/09\/free-photos-pexels-scaled.jpg&#8221; title_text=&#8221;free-photos-pexels&#8221; _builder_version=&#8221;4.16.0&#8243; _module_preset=&#8221;default&#8221; global_colors_info=&#8221;{}&#8221;][\/et_pb_image][et_pb_text _builder_version=&#8221;4.16.0&#8243; _module_preset=&#8221;default&#8221; custom_margin=&#8221;10px||||false|false&#8221; custom_margin_tablet=&#8221;10px||50px||false|false&#8221; custom_margin_phone=&#8221;10px||50px||false|false&#8221; custom_margin_last_edited=&#8221;on|tablet&#8221; global_colors_info=&#8221;{}&#8221;]<\/p>\n<p><em>M\u00e1s de 3 millones de fotos gratuitas<\/em><\/p>\n<p>[\/et_pb_text][\/et_pb_column][et_pb_column type=&#8221;1_2&#8243; _builder_version=&#8221;4.16.0&#8243; _module_preset=&#8221;default&#8221; custom_padding=&#8221;|10px||10px|false|false&#8221; global_colors_info=&#8221;{}&#8221;][et_pb_image src=&#8221;https:\/\/unitedprint.com\/wp-content\/uploads\/2023\/09\/realistic-two-d-visualisation-scaled.jpg&#8221; title_text=&#8221;realistic-two-d-visualisation&#8221; _builder_version=&#8221;4.16.0&#8243; _module_preset=&#8221;default&#8221; global_colors_info=&#8221;{}&#8221;][\/et_pb_image][et_pb_text _builder_version=&#8221;4.16.0&#8243; _module_preset=&#8221;default&#8221; custom_margin=&#8221;10px||50px||false|false&#8221; global_colors_info=&#8221;{}&#8221;]<\/p>\n<p><em>Visualizaci\u00f3n realista de instant\u00e1neas en 2D<\/em><\/p>\n<p>[\/et_pb_text][\/et_pb_column][\/et_pb_row][et_pb_row column_structure=&#8221;1_2,1_2&#8243; _builder_version=&#8221;4.16.0&#8243; _module_preset=&#8221;default&#8221; custom_margin=&#8221;||||false|false&#8221; global_colors_info=&#8221;{}&#8221;][et_pb_column type=&#8221;1_2&#8243; _builder_version=&#8221;4.16.0&#8243; _module_preset=&#8221;default&#8221; custom_padding=&#8221;|10px||10px|false|false&#8221; global_colors_info=&#8221;{}&#8221;][et_pb_image src=&#8221;https:\/\/unitedprint.com\/wp-content\/uploads\/2023\/09\/free-design-templates-scaled.jpg&#8221; title_text=&#8221;free-design-templates&#8221; _builder_version=&#8221;4.16.0&#8243; _module_preset=&#8221;default&#8221; global_colors_info=&#8221;{}&#8221;][\/et_pb_image][et_pb_text _builder_version=&#8221;4.16.0&#8243; _module_preset=&#8221;default&#8221; custom_margin=&#8221;10px||50px||false|false&#8221; global_colors_info=&#8221;{}&#8221;]<\/p>\n<p><em>M\u00e1s de 12 millones de plantillas de dise\u00f1o gratuitas<\/em><\/p>\n<p>[\/et_pb_text][\/et_pb_column][et_pb_column type=&#8221;1_2&#8243; _builder_version=&#8221;4.16.0&#8243; _module_preset=&#8221;default&#8221; custom_padding=&#8221;|10px||10px|false|false&#8221; global_colors_info=&#8221;{}&#8221;][et_pb_image src=&#8221;https:\/\/unitedprint.com\/wp-content\/uploads\/2023\/09\/three-d-product-preview-scaled.jpg&#8221; title_text=&#8221;three-d-product-preview&#8221; _builder_version=&#8221;4.16.0&#8243; _module_preset=&#8221;default&#8221; global_colors_info=&#8221;{}&#8221;][\/et_pb_image][et_pb_text _builder_version=&#8221;4.16.0&#8243; _module_preset=&#8221;default&#8221; custom_margin=&#8221;10px||50px||false|false&#8221; global_colors_info=&#8221;{}&#8221;]<\/p>\n<p><em>Vista previa del producto en 360\u00b0 en 3D<\/em><\/p>\n<p>[\/et_pb_text][\/et_pb_column][\/et_pb_row][\/et_pb_section][et_pb_section fb_built=&#8221;1&#8243; disabled_on=&#8221;off|off|off&#8221; _builder_version=&#8221;4.16.0&#8243; background_color=&#8221;#006eb9&#8243; min_height=&#8221;98px&#8221; custom_margin=&#8221;||0px||false|false&#8221; custom_padding=&#8221;20px||20px|&#8221; custom_css_main_element=&#8221;padding-bottom: 0px !important;||margin-bottom: 0px !important;&#8221; locked=&#8221;off&#8221; collapsed=&#8221;off&#8221; global_colors_info=&#8221;{}&#8221;][et_pb_row _builder_version=&#8221;4.16.0&#8243; background_size=&#8221;initial&#8221; background_position=&#8221;top_left&#8221; background_repeat=&#8221;repeat&#8221; module_alignment=&#8221;center&#8221; custom_margin=&#8221;0px||0px|&#8221; custom_padding=&#8221;20px||0px||false|false&#8221; global_colors_info=&#8221;{}&#8221;][et_pb_column type=&#8221;4_4&#8243; _builder_version=&#8221;4.16&#8243; custom_padding=&#8221;|||&#8221; global_colors_info=&#8221;{}&#8221; custom_padding__hover=&#8221;|||&#8221;][et_pb_text _builder_version=&#8221;4.16.0&#8243; text_orientation=&#8221;center&#8221; module_alignment=&#8221;center&#8221; custom_margin=&#8221;0px||0px|&#8221; custom_padding=&#8221;0px||0px|&#8221; hover_enabled=&#8221;0&#8243; global_colors_info=&#8221;{}&#8221; sticky_enabled=&#8221;0&#8243;]<a href=\"https:\/\/unitedprint.com\/es\/infowerk\/\"><img style=\"height: 20px; margin: 0 31px 10px 0;\" src=\"\/wordpress\/wp-content\/uploads\/2018\/09\/Infowerk-Logo-Weiss.png\" alt=\"\" \/><\/a><a href=\"https:\/\/unitedprint.com\/es\/print24\/\"><img style=\"height: 25px; margin: 0 32px 10px 0;\" src=\"\/wordpress\/wp-content\/uploads\/2018\/07\/print24-logo-weiss.svg\" alt=\"\" border=\"0\" \/><\/a><a href=\"https:\/\/unitedprint.com\/es\/unitedprint-shop-services\/\"><img style=\"height: 22px; margin: 0 0 10px 0;\" src=\"\/wordpress\/wp-content\/uploads\/2018\/10\/unitedprint-shop-service-logo-weiss.svg\" alt=\"\" \/><\/a>[\/et_pb_text][\/et_pb_column][\/et_pb_row][\/et_pb_section]<\/p>\n","protected":false},"excerpt":{"rendered":"<p>Unitedprint.com colabora con Pexels.com24 de septiembre de 2023 Radebeul (Alemania)INFOWERK CON M\u00c1S DE 3 MILLONES DE FOTOS DE ARCHIVO LIBRES DE DERECHOS Y 12 MILLONES DE PLANTILLAS DE DISE\u00d1O GRATUITAS PARA PRODUCTOS DIGITALES E IMPRESOS. &nbsp;La empresa tecnol\u00f3gica de comercio electr\u00f3nico Unitedprint.com anuncia varias innovaciones interesantes para sus marcas Infowerk.com y print24.com. Adem\u00e1s de la [&hellip;]<\/p>\n","protected":false},"author":25,"featured_media":0,"parent":0,"menu_order":0,"comment_status":"closed","ping_status":"closed","template":"","meta":{"_et_pb_use_builder":"on","_et_pb_old_content":"","_et_gb_content_width":"","_expiration-date-status":"","_expiration-date":0,"_expiration-date-type":"","_expiration-date-categories":[],"_expiration-date-options":[]},"aioseo_notices":[],"_links":{"self":[{"href":"https:\/\/unitedprint.com\/es\/wp-json\/wp\/v2\/pages\/14337"}],"collection":[{"href":"https:\/\/unitedprint.com\/es\/wp-json\/wp\/v2\/pages"}],"about":[{"href":"https:\/\/unitedprint.com\/es\/wp-json\/wp\/v2\/types\/page"}],"author":[{"embeddable":true,"href":"https:\/\/unitedprint.com\/es\/wp-json\/wp\/v2\/users\/25"}],"replies":[{"embeddable":true,"href":"https:\/\/unitedprint.com\/es\/wp-json\/wp\/v2\/comments?post=14337"}],"version-history":[{"count":6,"href":"https:\/\/unitedprint.com\/es\/wp-json\/wp\/v2\/pages\/14337\/revisions"}],"predecessor-version":[{"id":14356,"href":"https:\/\/unitedprint.com\/es\/wp-json\/wp\/v2\/pages\/14337\/revisions\/14356"}],"wp:attachment":[{"href":"https:\/\/unitedprint.com\/es\/wp-json\/wp\/v2\/media?parent=14337"}],"curies":[{"name":"wp","href":"https:\/\/api.w.org\/{rel}","templated":true}]}}