{"id":6022,"date":"2018-12-13T11:05:10","date_gmt":"2018-12-13T10:05:10","guid":{"rendered":"https:\/\/unitedprint-se.com\/ddk-print-big\/"},"modified":"2018-12-13T11:05:11","modified_gmt":"2018-12-13T10:05:11","slug":"ddk-print-big","status":"publish","type":"page","link":"https:\/\/unitedprint.com\/es\/ddk-print-big\/","title":{"rendered":"DDK PRINT BIG"},"content":{"rendered":"<p>[et_pb_section bb_built=&#8221;1&#8243; custom_padding_last_edited=&#8221;on|desktop&#8221; disabled_on=&#8221;on|on|&#8221; _builder_version=&#8221;3.14&#8243; use_background_color_gradient=&#8221;on&#8221; background_color_gradient_start=&#8221;#f6f6f7&#8243; background_color_gradient_end=&#8221;#909cae&#8221; background_color_gradient_direction=&#8221;45deg&#8221; background_color_gradient_start_position=&#8221;30%&#8221; background_image=&#8221;https:\/\/unitedprint.com\/wordpress\/wp-content\/uploads\/2018\/09\/portal-DDK.png&#8221; background_size=&#8221;initial&#8221; background_position=&#8221;bottom_right&#8221; max_width=&#8221;1400px&#8221; max_width_last_edited=&#8221;off|&#8221; module_alignment=&#8221;center&#8221; custom_padding=&#8221;0px||0px|&#8221; custom_css_main_element=&#8221;height:292px;&#8221; next_background_color=&#8221;#ffffff&#8221;][et_pb_row use_custom_width=&#8221;on&#8221; custom_padding=&#8221;0px||0px|&#8221; custom_padding_last_edited=&#8221;on|tablet&#8221; background_position_2=&#8221;bottom_right&#8221; _builder_version=&#8221;3.14&#8243;][et_pb_column type=&#8221;1_2&#8243;][et_pb_image admin_label=&#8221;Print24&#8243; src=&#8221;https:\/\/unitedprint.com\/wordpress\/wp-content\/uploads\/2018\/07\/ddk-print-big-logo.svg&#8221; _builder_version=&#8221;3.10.2&#8243; custom_margin=&#8221;130px|||&#8221; custom_margin_tablet=&#8221;10%||10%|&#8221; custom_margin_last_edited=&#8221;on|desktop&#8221; \/][\/et_pb_column][et_pb_column type=&#8221;1_2&#8243;][\/et_pb_column][\/et_pb_row][\/et_pb_section][et_pb_section bb_built=&#8221;1&#8243; disabled_on=&#8221;off|off|on&#8221; _builder_version=&#8221;3.10.2&#8243; use_background_color_gradient=&#8221;on&#8221; background_color_gradient_start=&#8221;#f6f6f7&#8243; background_color_gradient_end=&#8221;#909cae&#8221; background_color_gradient_direction=&#8221;45deg&#8221; background_color_gradient_start_position=&#8221;30%&#8221; max_width=&#8221;1400px&#8221; max_width_last_edited=&#8221;off|&#8221; module_alignment=&#8221;center&#8221; custom_padding=&#8221;20px||20px|&#8221; prev_background_color=&#8221;#ffffff&#8221; next_background_color=&#8221;#ffffff&#8221;][et_pb_row custom_padding=&#8221;20px||20px|&#8221; background_position_2=&#8221;top_right&#8221; _builder_version=&#8221;3.10.2&#8243;][et_pb_column type=&#8221;1_2&#8243;][et_pb_image admin_label=&#8221;Print24&#8243; src=&#8221;https:\/\/unitedprint.com\/wordpress\/wp-content\/uploads\/2018\/07\/ddk-print-big-logo.svg&#8221; _builder_version=&#8221;3.10.2&#8243; custom_margin_tablet=&#8221;0px||0px|&#8221; custom_margin_last_edited=&#8221;off|desktop&#8221; \/][\/et_pb_column][et_pb_column type=&#8221;1_2&#8243;][et_pb_image src=&#8221;https:\/\/unitedprint.com\/wordpress\/wp-content\/uploads\/2018\/10\/DDK_Portale_einzeln.png&#8221; align=&#8221;center&#8221; _builder_version=&#8221;3.14&#8243; \/][\/et_pb_column][\/et_pb_row][\/et_pb_section][et_pb_section bb_built=&#8221;1&#8243; _builder_version=&#8221;3.14&#8243; background_color=&#8221;#ffffff&#8221; custom_padding=&#8221;20px||20px|&#8221; prev_background_color=&#8221;#000000&#8243; next_background_color=&#8221;#000000&#8243;][et_pb_row custom_padding=&#8221;7px||0px|&#8221; _builder_version=&#8221;3.14&#8243; background_size=&#8221;initial&#8221; background_position=&#8221;top_left&#8221; background_repeat=&#8221;repeat&#8221;][et_pb_column type=&#8221;4_4&#8243;][et_pb_text _builder_version=&#8221;3.10.2&#8243; background_size=&#8221;initial&#8221; background_position=&#8221;top_left&#8221; background_repeat=&#8221;repeat&#8221;]<\/p>\n<h1>DDK PRINT BIG<\/h1>\n<p>[\/et_pb_text][\/et_pb_column][\/et_pb_row][et_pb_row use_custom_gutter=&#8221;on&#8221; gutter_width=&#8221;3&#8243; custom_padding=&#8221;7px||20px|&#8221; _builder_version=&#8221;3.14&#8243;][et_pb_column type=&#8221;1_2&#8243;][et_pb_text _builder_version=&#8221;3.10.2&#8243;]<\/p>\n<p>DDK PRINT BIG est\u00e1 especializada en tecnolog\u00eda publicitaria y en la impresi\u00f3n de gran formato y permite a nuestros clientes B2B satisfacer sus necesidades con asesoramiento y asistencia personalizados. DDK PRINT BIG es la web perfecta para productos de eventos y ferias, permitiendo a nuestros clientes tener productos para anunciar de forma eficaz su empresa y generar la atenci\u00f3n de sus clientes. DDK PRINT BIG cuenta con 25 a\u00f1os de experiencia en la industria gr\u00e1fica de gran formato.<\/p>\n<p>[\/et_pb_text][\/et_pb_column][et_pb_column type=&#8221;1_2&#8243;][et_pb_text _builder_version=&#8221;3.10.2&#8243;]<\/p>\n<p>El sistema de c\u00e1lculo online integrado, proporciona a los clientes una total transparencia en cualquiera de los costes asociados a cualquier producto en tiempo real. La cartera de productos como Mostradores para ferias, Stands port\u00e1tiles y muchas otras posibilidades y combinaciones cubren toda la demanda de grandes formatos y publicidad.<\/p>\n<p>[\/et_pb_text][\/et_pb_column][\/et_pb_row][et_pb_row custom_padding=&#8221;10px||0px|&#8221; custom_padding_tablet=&#8221;10px||20px|&#8221; custom_padding_last_edited=&#8221;off|desktop&#8221; _builder_version=&#8221;3.14&#8243; background_size=&#8221;initial&#8221; background_position=&#8221;top_left&#8221; background_repeat=&#8221;repeat&#8221; module_alignment=&#8221;center&#8221; custom_css_main_element=&#8221;text-align:center;&#8221;][et_pb_column type=&#8221;4_4&#8243;][et_pb_button admin_label=&#8221;Button&#8221; button_url=&#8221;https:\/\/ddkprintbig.com\/es\/&#8221; url_new_window=&#8221;on&#8221; button_text=&#8221;ddkprintbig.com&#8221; button_alignment=&#8221;center&#8221; _builder_version=&#8221;3.14&#8243; custom_button=&#8221;on&#8221; button_use_icon=&#8221;off&#8221; button_border_radius_hover=&#8221;0&#8243; background_layout=&#8221;dark&#8221; custom_margin=&#8221;||0px|&#8221; saved_tabs=&#8221;all&#8221; \/][\/et_pb_column][\/et_pb_row][\/et_pb_section][et_pb_section bb_built=&#8221;1&#8243; _builder_version=&#8221;3.14&#8243; background_color=&#8221;#ffffff&#8221; custom_padding=&#8221;20px||20px|&#8221; prev_background_color=&#8221;#000000&#8243; next_background_color=&#8221;#006eb9&#8243;][et_pb_row custom_padding=&#8221;0px||15px|&#8221; _builder_version=&#8221;3.14&#8243;][et_pb_column type=&#8221;1_4&#8243;][et_pb_blurb admin_label=&#8221;Business&#8221; image=&#8221;https:\/\/unitedprint.com\/wordpress\/wp-content\/uploads\/2018\/07\/business.svg&#8221; _builder_version=&#8221;3.14&#8243; header_line_height=&#8221;1.7em&#8221; body_line_height=&#8221;1.2em&#8221; custom_padding=&#8221;||4px|&#8221; custom_padding_tablet=&#8221;||40px|&#8221; custom_padding_last_edited=&#8221;on|tablet&#8221; custom_css_blurb_content=&#8221;color:#2ea3f2;&#8221;]<\/p>\n<h3 style=\"text-align: center\"><strong>Negocios<\/strong><\/h3>\n<p style=\"text-align: center\"><b>B-to-B<\/b><\/p>\n<p>[\/et_pb_blurb][\/et_pb_column][et_pb_column type=&#8221;1_4&#8243;][et_pb_blurb admin_label=&#8221;Zielgruppe&#8221; image=&#8221;https:\/\/unitedprint.com\/wordpress\/wp-content\/uploads\/2018\/07\/target.svg&#8221; _builder_version=&#8221;3.14&#8243; body_line_height=&#8221;1.2em&#8221; custom_padding_tablet=&#8221;||40px|&#8221; custom_padding_last_edited=&#8221;on|phone&#8221; custom_css_blurb_content=&#8221;color:#2ea3f2;&#8221;]<\/p>\n<h3 style=\"text-align: center\"><strong>GRUPO DESTINATARIO<\/strong><\/h3>\n<p style=\"text-align: center\"><b>Industria de ferias y eventos<\/b><\/p>\n<p>[\/et_pb_blurb][\/et_pb_column][et_pb_column type=&#8221;1_4&#8243;][et_pb_blurb admin_label=&#8221;Benefit&#8221; image=&#8221;https:\/\/unitedprint.com\/wordpress\/wp-content\/uploads\/2018\/07\/benefit.svg&#8221; _builder_version=&#8221;3.10.2&#8243; body_line_height=&#8221;1.2em&#8221; custom_padding_tablet=&#8221;||40px|&#8221; custom_padding_last_edited=&#8221;on|phone&#8221; custom_css_blurb_content=&#8221;color:#2ea3f2;&#8221;]<\/p>\n<h3 style=\"text-align: center\"><strong>BENEFICIOS<\/strong><\/h3>\n<p style=\"text-align: center\"><b>Asesoramiento por especialistas<\/b><\/p>\n<p>[\/et_pb_blurb][\/et_pb_column][et_pb_column type=&#8221;1_4&#8243;][et_pb_blurb admin_label=&#8221;Produkte&#8221; image=&#8221;https:\/\/unitedprint.com\/wordpress\/wp-content\/uploads\/2018\/07\/products.svg&#8221; _builder_version=&#8221;3.14&#8243; body_line_height=&#8221;1.2em&#8221; custom_padding_last_edited=&#8221;off|desktop&#8221; custom_css_blurb_content=&#8221;color:#2ea3f2;&#8221;]<\/p>\n<h3 style=\"text-align: center\"><strong>PRODUCTOS<\/strong><\/h3>\n<p style=\"text-align: center\"><b>Publicidad e impresi\u00f3n de gran formato<\/b><\/p>\n<p>[\/et_pb_blurb][\/et_pb_column][\/et_pb_row][\/et_pb_section][et_pb_section bb_built=&#8221;1&#8243; prev_background_color=&#8221;#ffffff&#8221; _builder_version=&#8221;3.14&#8243; background_color=&#8221;#006eb9&#8243; custom_padding=&#8221;20px||20px|&#8221; global_module=&#8221;2277&#8243;][et_pb_row global_parent=&#8221;2277&#8243; _builder_version=&#8221;3.14&#8243; custom_padding=&#8221;20px||0px|&#8221; custom_margin=&#8221;0px||0px|&#8221;][et_pb_column type=&#8221;4_4&#8243;][et_pb_text global_parent=&#8221;2277&#8243; _builder_version=&#8221;3.14&#8243; custom_margin=&#8221;0px||0px|&#8221; custom_padding=&#8221;0px||0px|&#8221; text_orientation=&#8221;center&#8221;]<\/p>\n<p><a href=\"https:\/\/unitedprint.com\/es\/print24\/\"><img style=\"height: 25px;margin: 0 32px 10px 0\" src=\"\/wordpress\/wp-content\/uploads\/2018\/07\/print24-logo-weiss.svg\" alt=\"\" border=\"0\" \/><\/a><a href=\"https:\/\/unitedprint.com\/es\/unitedprint\/\"><img style=\"height: 20px;margin: 0 31px 10px 0\" src=\"\/wordpress\/wp-content\/uploads\/2018\/07\/up-unitedprint-logo-weiss.svg\" alt=\"\" \/><\/a><a href=\"https:\/\/unitedprint.com\/es\/getprint\/\"><img style=\"height: 20px;margin: 0 31px 10px 0\" src=\"\/wordpress\/wp-content\/uploads\/2018\/07\/getprint-logo-weiss.svg\" alt=\"\" \/><\/a><a href=\"https:\/\/unitedprint.com\/es\/printwhat\/\"><img style=\"height: 20px;margin: 0 31px 10px 0\" src=\"\/wordpress\/wp-content\/uploads\/2018\/07\/printwhat-logo-weiss.svg\" alt=\"\" \/><\/a><a href=\"https:\/\/unitedprint.com\/es\/firstprint\/\"><img style=\"height: 20px;margin: 0 31px 10px 0\" src=\"\/wordpress\/wp-content\/uploads\/2018\/07\/firstprint-logo-weiss.svg\" alt=\"\" \/><\/a><a href=\"https:\/\/unitedprint.com\/es\/ddk-print-big\/\"><img style=\"height: 18px;margin: 0 31px 10px 0\" src=\"\/wordpress\/wp-content\/uploads\/2018\/07\/ddk-print-big-logo-weiss.svg\" alt=\"\" \/><\/a><a href=\"https:\/\/unitedprint.com\/es\/easyprint\/\"><img style=\"height: 20px;margin: 0 31px 10px 0\" src=\"\/wordpress\/wp-content\/uploads\/2018\/09\/Infowerk-Logo-Weiss.png\" alt=\"\" \/><\/a><a href=\"https:\/\/unitedprint.com\/es\/infowerk\/\"><img style=\"height: 20px;margin: 0 31px 10px 0\" src=\"\/wordpress\/wp-content\/uploads\/2018\/07\/infowerk-logo-weiss.svg\" alt=\"\" \/><\/a><a href=\"https:\/\/unitedprint.com\/es\/uss\/\"><img style=\"height: 22px;margin: 0 0 10px 0\" src=\"\/wordpress\/wp-content\/uploads\/2018\/10\/unitedprint-shop-service-logo-weiss.svg\" alt=\"\" \/><\/a><\/p>\n<p>[\/et_pb_text][\/et_pb_column][\/et_pb_row][\/et_pb_section]<\/p>\n","protected":false},"excerpt":{"rendered":"<p>DDK PRINT BIG DDK PRINT BIG est\u00e1 especializada en tecnolog\u00eda publicitaria y en la impresi\u00f3n de gran formato y permite a nuestros clientes B2B satisfacer sus necesidades con asesoramiento y asistencia personalizados. DDK PRINT BIG es la web perfecta para productos de eventos y ferias, permitiendo a nuestros clientes tener productos para anunciar de forma [&hellip;]<\/p>\n","protected":false},"author":15,"featured_media":0,"parent":0,"menu_order":2,"comment_status":"closed","ping_status":"closed","template":"","meta":{"_et_pb_use_builder":"on","_et_pb_old_content":"","_et_gb_content_width":"","_expiration-date-status":"","_expiration-date":0,"_expiration-date-type":"","_expiration-date-categories":[],"_expiration-date-options":[]},"aioseo_notices":[],"_links":{"self":[{"href":"https:\/\/unitedprint.com\/es\/wp-json\/wp\/v2\/pages\/6022"}],"collection":[{"href":"https:\/\/unitedprint.com\/es\/wp-json\/wp\/v2\/pages"}],"about":[{"href":"https:\/\/unitedprint.com\/es\/wp-json\/wp\/v2\/types\/page"}],"author":[{"embeddable":true,"href":"https:\/\/unitedprint.com\/es\/wp-json\/wp\/v2\/users\/15"}],"replies":[{"embeddable":true,"href":"https:\/\/unitedprint.com\/es\/wp-json\/wp\/v2\/comments?post=6022"}],"version-history":[{"count":1,"href":"https:\/\/unitedprint.com\/es\/wp-json\/wp\/v2\/pages\/6022\/revisions"}],"predecessor-version":[{"id":6029,"href":"https:\/\/unitedprint.com\/es\/wp-json\/wp\/v2\/pages\/6022\/revisions\/6029"}],"wp:attachment":[{"href":"https:\/\/unitedprint.com\/es\/wp-json\/wp\/v2\/media?parent=6022"}],"curies":[{"name":"wp","href":"https:\/\/api.w.org\/{rel}","templated":true}]}}