{"id":6030,"date":"2018-12-13T11:08:45","date_gmt":"2018-12-13T10:08:45","guid":{"rendered":"https:\/\/unitedprint-se.com\/easyprint\/"},"modified":"2025-03-25T09:41:15","modified_gmt":"2025-03-25T08:41:15","slug":"infowerk2","status":"publish","type":"page","link":"https:\/\/unitedprint.com\/es\/infowerk2\/","title":{"rendered":"Infowerk"},"content":{"rendered":"<p>[et_pb_section fb_built=&#8221;1&#8243; custom_padding_last_edited=&#8221;on|desktop&#8221; disabled_on=&#8221;on|on|&#8221; _builder_version=&#8221;4.16.0&#8243; use_background_color_gradient=&#8221;on&#8221; background_color_gradient_direction=&#8221;45deg&#8221; background_color_gradient_stops=&#8221;#f6f6f7 30%|#909cae 100%&#8221; background_color_gradient_start=&#8221;#f6f6f7&#8243; background_color_gradient_start_position=&#8221;30%&#8221; background_color_gradient_end=&#8221;#909cae&#8221; background_image=&#8221;https:\/\/unitedprint.com\/wp-content\/uploads\/2023\/12\/ES.png&#8221; background_size=&#8221;initial&#8221; background_position=&#8221;bottom_right&#8221; max_width=&#8221;1400px&#8221; max_width_last_edited=&#8221;off|&#8221; module_alignment=&#8221;center&#8221; custom_padding=&#8221;0px||0px|&#8221; custom_padding_tablet=&#8221;&#8221; custom_padding_phone=&#8221;&#8221; custom_css_main_element=&#8221;height:292px;&#8221; global_colors_info=&#8221;{}&#8221;][et_pb_row column_structure=&#8221;1_2,1_2&#8243; custom_padding_last_edited=&#8221;on|tablet&#8221; _builder_version=&#8221;4.16.0&#8243; custom_padding=&#8221;0px||0px|&#8221; custom_padding_tablet=&#8221;&#8221; custom_padding_phone=&#8221;&#8221; use_custom_width=&#8221;on&#8221; global_colors_info=&#8221;{}&#8221;][et_pb_column type=&#8221;1_2&#8243; _builder_version=&#8221;4.16&#8243; custom_padding=&#8221;|||&#8221; global_colors_info=&#8221;{}&#8221; custom_padding__hover=&#8221;|||&#8221;][et_pb_image src=&#8221;https:\/\/unitedprint.com\/wp-content\/uploads\/2023\/12\/Infowerk-Logo-Portal_sRGB.png&#8221; title_text=&#8221;Infowerk-Logo-Portal_sRGB&#8221; align_tablet=&#8221;center&#8221; align_phone=&#8221;center&#8221; align_last_edited=&#8221;on|desktop&#8221; admin_label=&#8221;Print24&#8243; _builder_version=&#8221;4.16.0&#8243; max_width=&#8221;70%&#8221; custom_margin=&#8221;100px|||0px&#8221; custom_margin_tablet=&#8221;10%||10%|0px&#8221; custom_margin_phone=&#8221;&#8221; custom_margin_last_edited=&#8221;on|desktop&#8221; global_colors_info=&#8221;{}&#8221;][\/et_pb_image][\/et_pb_column][et_pb_column type=&#8221;1_2&#8243; _builder_version=&#8221;4.16&#8243; background_position=&#8221;bottom_right&#8221; custom_padding=&#8221;|||&#8221; global_colors_info=&#8221;{}&#8221; custom_padding__hover=&#8221;|||&#8221;][\/et_pb_column][\/et_pb_row][\/et_pb_section][et_pb_section fb_built=&#8221;1&#8243; disabled_on=&#8221;off|off|on&#8221; _builder_version=&#8221;4.16.0&#8243; use_background_color_gradient=&#8221;on&#8221; background_color_gradient_direction=&#8221;45deg&#8221; background_color_gradient_stops=&#8221;#f6f6f7 30%|#909cae 100%&#8221; background_color_gradient_start=&#8221;#f6f6f7&#8243; background_color_gradient_start_position=&#8221;30%&#8221; background_color_gradient_end=&#8221;#909cae&#8221; max_width=&#8221;1400px&#8221; max_width_last_edited=&#8221;off|&#8221; module_alignment=&#8221;center&#8221; custom_padding=&#8221;20px||20px|&#8221; global_colors_info=&#8221;{}&#8221;][et_pb_row column_structure=&#8221;1_2,1_2&#8243; _builder_version=&#8221;4.16.0&#8243; custom_padding=&#8221;20px||20px|&#8221; global_colors_info=&#8221;{}&#8221;][et_pb_column type=&#8221;1_2&#8243; _builder_version=&#8221;4.16&#8243; custom_padding=&#8221;|||&#8221; global_colors_info=&#8221;{}&#8221; custom_padding__hover=&#8221;|||&#8221;][et_pb_image src=&#8221;https:\/\/unitedprint.com\/wp-content\/uploads\/2023\/12\/Infowerk-Logo-Portal_sRGB.png&#8221; title_text=&#8221;Infowerk-Logo-Portal_sRGB&#8221; align_tablet=&#8221;center&#8221; align_phone=&#8221;center&#8221; align_last_edited=&#8221;on|desktop&#8221; admin_label=&#8221;Print24&#8243; _builder_version=&#8221;4.16.0&#8243; max_width=&#8221;200%&#8221; custom_margin=&#8221;10%|||&#8221; custom_margin_tablet=&#8221;0px||10%|&#8221; custom_margin_phone=&#8221;&#8221; custom_margin_last_edited=&#8221;on|desktop&#8221; global_colors_info=&#8221;{}&#8221;][\/et_pb_image][\/et_pb_column][et_pb_column type=&#8221;1_2&#8243; _builder_version=&#8221;4.16&#8243; background_position=&#8221;top_right&#8221; custom_padding=&#8221;|||&#8221; global_colors_info=&#8221;{}&#8221; custom_padding__hover=&#8221;|||&#8221;][et_pb_image src=&#8221;https:\/\/unitedprint.com\/wp-content\/uploads\/2023\/12\/ES.png&#8221; title_text=&#8221;ES&#8221; align=&#8221;center&#8221; align_tablet=&#8221;center&#8221; align_phone=&#8221;center&#8221; align_last_edited=&#8221;on|desktop&#8221; _builder_version=&#8221;4.16.0&#8243; global_colors_info=&#8221;{}&#8221;][\/et_pb_image][\/et_pb_column][\/et_pb_row][\/et_pb_section][et_pb_section fb_built=&#8221;1&#8243; _builder_version=&#8221;4.16.0&#8243; background_color=&#8221;#ffffff&#8221; custom_padding=&#8221;20px||20px|&#8221; global_colors_info=&#8221;{}&#8221;][et_pb_row _builder_version=&#8221;4.16.0&#8243; background_size=&#8221;initial&#8221; background_position=&#8221;top_left&#8221; background_repeat=&#8221;repeat&#8221; custom_padding=&#8221;7px||0px|&#8221; global_colors_info=&#8221;{}&#8221;][et_pb_column type=&#8221;4_4&#8243; _builder_version=&#8221;4.16&#8243; custom_padding=&#8221;|||&#8221; global_colors_info=&#8221;{}&#8221; custom_padding__hover=&#8221;|||&#8221;][et_pb_text _builder_version=&#8221;4.16.0&#8243; background_size=&#8221;initial&#8221; background_position=&#8221;top_left&#8221; background_repeat=&#8221;repeat&#8221; global_colors_info=&#8221;{}&#8221;]<\/p>\n<h1>Infowerk<\/h1>\n<p>[\/et_pb_text][\/et_pb_column][\/et_pb_row][et_pb_row column_structure=&#8221;1_2,1_2&#8243; use_custom_gutter=&#8221;on&#8221; gutter_width=&#8221;3&#8243; _builder_version=&#8221;4.16&#8243; custom_padding=&#8221;7px||20px|&#8221; global_colors_info=&#8221;{}&#8221;][et_pb_column type=&#8221;1_2&#8243; _builder_version=&#8221;4.16&#8243; custom_padding=&#8221;|||&#8221; global_colors_info=&#8221;{}&#8221; custom_padding__hover=&#8221;|||&#8221;][et_pb_text _builder_version=&#8221;4.16.0&#8243; global_colors_info=&#8221;{}&#8221;]<\/p>\n<p><strong>Infowerk<\/strong> est\u00e1 dise\u00f1ado para clientes y peque\u00f1as empresas que desean dise\u00f1ar sus productos de forma creativa por s\u00ed mismos. Para ello, el portal pone a disposici\u00f3n gratuitamente la herramienta FreeDesign, f\u00e1cil de utilizar, que permite a los clientes realizar sus ideas sin necesidad de tener una gran experiencia en dise\u00f1o. Instrucciones claras paso a paso, y una gran selecci\u00f3n de plantillas para cada categor\u00eda de producto hacen que el portal sea atractivo tanto para usuarios principiantes como avanzados.<\/p>\n<p>[\/et_pb_text][\/et_pb_column][et_pb_column type=&#8221;1_2&#8243; _builder_version=&#8221;4.16&#8243; custom_padding=&#8221;|||&#8221; global_colors_info=&#8221;{}&#8221; custom_padding__hover=&#8221;|||&#8221;][et_pb_text _builder_version=&#8221;4.16.0&#8243; global_colors_info=&#8221;{}&#8221;]<\/p>\n<p><span data-sheets-root=\"1\" data-sheets-value=\"{&quot;1&quot;:2,&quot;2&quot;:&quot;Infowerk cubre todas las necesidades que surgen para sus principales grupos: desde papeler\u00eda comercial para peque\u00f1as empresas hasta productos fotogr\u00e1ficos y textiles para clientes particulares.&quot;}\" data-sheets-userformat=\"{&quot;2&quot;:5055,&quot;3&quot;:{&quot;1&quot;:0},&quot;4&quot;:{&quot;1&quot;:2,&quot;2&quot;:12773375},&quot;5&quot;:{&quot;1&quot;:[{&quot;1&quot;:2,&quot;2&quot;:0,&quot;5&quot;:{&quot;1&quot;:2,&quot;2&quot;:0}},{&quot;1&quot;:0,&quot;2&quot;:0,&quot;3&quot;:3},{&quot;1&quot;:1,&quot;2&quot;:0,&quot;4&quot;:1}]},&quot;6&quot;:{&quot;1&quot;:[{&quot;1&quot;:2,&quot;2&quot;:0,&quot;5&quot;:{&quot;1&quot;:2,&quot;2&quot;:0}},{&quot;1&quot;:0,&quot;2&quot;:0,&quot;3&quot;:3},{&quot;1&quot;:1,&quot;2&quot;:0,&quot;4&quot;:1}]},&quot;7&quot;:{&quot;1&quot;:[{&quot;1&quot;:2,&quot;2&quot;:0,&quot;5&quot;:{&quot;1&quot;:2,&quot;2&quot;:0}},{&quot;1&quot;:0,&quot;2&quot;:0,&quot;3&quot;:3},{&quot;1&quot;:1,&quot;2&quot;:0,&quot;4&quot;:1}]},&quot;8&quot;:{&quot;1&quot;:[{&quot;1&quot;:2,&quot;2&quot;:0,&quot;5&quot;:{&quot;1&quot;:2,&quot;2&quot;:0}},{&quot;1&quot;:0,&quot;2&quot;:0,&quot;3&quot;:3},{&quot;1&quot;:1,&quot;2&quot;:0,&quot;4&quot;:1}]},&quot;10&quot;:0,&quot;11&quot;:4,&quot;12&quot;:0,&quot;15&quot;:&quot;Arial&quot;}\" data-sheets-textstyleruns=\"{&quot;1&quot;:0}\uee10{&quot;1&quot;:69,&quot;2&quot;:{&quot;2&quot;:{&quot;1&quot;:2,&quot;2&quot;:16711680}}}\uee10{&quot;1&quot;:76}\">Infowerk cubre todas las necesidades que surgen para sus principales grupos: desde papeler\u00eda comercial para peque\u00f1as empresas hasta productos fotogr\u00e1ficos y textiles para clientes particulares.<\/span><\/p>\n<p>[\/et_pb_text][\/et_pb_column][\/et_pb_row][et_pb_row custom_padding_last_edited=&#8221;off|desktop&#8221; _builder_version=&#8221;4.16&#8243; module_alignment=&#8221;center&#8221; custom_padding=&#8221;10px||0px|&#8221; custom_padding_tablet=&#8221;10px|||&#8221; custom_css_main_element=&#8221;text-align:center;&#8221; global_colors_info=&#8221;{}&#8221;][et_pb_column type=&#8221;4_4&#8243; _builder_version=&#8221;4.16&#8243; custom_padding=&#8221;|||&#8221; global_colors_info=&#8221;{}&#8221; custom_padding__hover=&#8221;|||&#8221;][et_pb_button button_url=&#8221;https:\/\/infowerk.com\/es&#8221; url_new_window=&#8221;on&#8221; button_text=&#8221;infowerk.com&#8221; button_alignment=&#8221;center&#8221; admin_label=&#8221;Button&#8221; _builder_version=&#8221;4.16.0&#8243; custom_button=&#8221;on&#8221; button_use_icon=&#8221;off&#8221; background_layout=&#8221;dark&#8221; button_border_radius_hover=&#8221;0&#8243; saved_tabs=&#8221;all&#8221; global_colors_info=&#8221;{}&#8221; button_text_size__hover_enabled=&#8221;off&#8221; button_one_text_size__hover_enabled=&#8221;off&#8221; button_two_text_size__hover_enabled=&#8221;off&#8221; button_text_color__hover_enabled=&#8221;off&#8221; button_one_text_color__hover_enabled=&#8221;off&#8221; button_two_text_color__hover_enabled=&#8221;off&#8221; button_border_width__hover_enabled=&#8221;off&#8221; button_one_border_width__hover_enabled=&#8221;off&#8221; button_two_border_width__hover_enabled=&#8221;off&#8221; button_border_color__hover_enabled=&#8221;off&#8221; button_one_border_color__hover_enabled=&#8221;off&#8221; button_two_border_color__hover_enabled=&#8221;off&#8221; button_border_radius__hover_enabled=&#8221;on&#8221; button_border_radius__hover=&#8221;0&#8243; button_one_border_radius__hover_enabled=&#8221;off&#8221; button_two_border_radius__hover_enabled=&#8221;off&#8221; button_letter_spacing__hover_enabled=&#8221;off&#8221; button_one_letter_spacing__hover_enabled=&#8221;off&#8221; button_two_letter_spacing__hover_enabled=&#8221;off&#8221; button_bg_color__hover_enabled=&#8221;off&#8221; button_one_bg_color__hover_enabled=&#8221;off&#8221; button_two_bg_color__hover_enabled=&#8221;off&#8221;][\/et_pb_button][\/et_pb_column][\/et_pb_row][\/et_pb_section][et_pb_section fb_built=&#8221;1&#8243; _builder_version=&#8221;4.16&#8243; background_color=&#8221;#ffffff&#8221; custom_padding=&#8221;0||20px||false|false&#8221; global_colors_info=&#8221;{}&#8221;][et_pb_row column_structure=&#8221;1_4,1_4,1_4,1_4&#8243; _builder_version=&#8221;4.16&#8243; custom_padding=&#8221;20px||15px|&#8221; global_colors_info=&#8221;{}&#8221;][et_pb_column type=&#8221;1_4&#8243; _builder_version=&#8221;4.16&#8243; custom_padding=&#8221;|||&#8221; global_colors_info=&#8221;{}&#8221; custom_padding__hover=&#8221;|||&#8221;][et_pb_blurb image=&#8221;https:\/\/unitedprint.com\/wordpress\/wp-content\/uploads\/2018\/07\/business.svg&#8221; admin_label=&#8221;Business&#8221; _builder_version=&#8221;4.16&#8243; header_line_height=&#8221;1.7em&#8221; body_line_height=&#8221;1.2em&#8221; custom_padding_tablet=&#8221;||40px|&#8221; custom_padding_phone=&#8221;&#8221; custom_padding_last_edited=&#8221;on|phone&#8221; custom_css_blurb_content=&#8221;color:#2ea3f2;&#8221; global_colors_info=&#8221;{}&#8221;]<\/p>\n<h3 style=\"text-align: center\"><strong>NEGOCIOS<\/strong><\/h3>\n<p style=\"text-align: center\"><b>B-to-C,<br \/>\nB-to-B<\/b><\/p>\n<p>[\/et_pb_blurb][\/et_pb_column][et_pb_column type=&#8221;1_4&#8243; _builder_version=&#8221;4.16&#8243; custom_padding=&#8221;|||&#8221; global_colors_info=&#8221;{}&#8221; custom_padding__hover=&#8221;|||&#8221;][et_pb_blurb image=&#8221;https:\/\/unitedprint.com\/wordpress\/wp-content\/uploads\/2018\/07\/target.svg&#8221; admin_label=&#8221;Zielgruppe&#8221; _builder_version=&#8221;4.16&#8243; body_line_height=&#8221;1.2em&#8221; custom_padding_tablet=&#8221;||40px|&#8221; custom_padding_phone=&#8221;&#8221; custom_padding_last_edited=&#8221;on|phone&#8221; custom_css_blurb_content=&#8221;color:#2ea3f2;&#8221; global_colors_info=&#8221;{}&#8221;]<\/p>\n<h3 style=\"text-align: center\"><strong>GRUPO DESTINATARIO<\/strong><\/h3>\n<p style=\"text-align: center\"><b>Clientes privados y peque\u00f1as empresas<\/b><\/p>\n<p>[\/et_pb_blurb][\/et_pb_column][et_pb_column type=&#8221;1_4&#8243; _builder_version=&#8221;4.16&#8243; custom_padding=&#8221;|||&#8221; global_colors_info=&#8221;{}&#8221; custom_padding__hover=&#8221;|||&#8221;][et_pb_blurb image=&#8221;https:\/\/unitedprint.com\/wordpress\/wp-content\/uploads\/2018\/07\/benefit.svg&#8221; admin_label=&#8221;Benefit&#8221; _builder_version=&#8221;4.16&#8243; body_line_height=&#8221;1.2em&#8221; custom_css_blurb_content=&#8221;color:#2ea3f2;&#8221; global_colors_info=&#8221;{}&#8221;]<\/p>\n<h3 style=\"text-align: center\"><strong>BENEFICIOS<\/strong><\/h3>\n<p style=\"text-align: center\"><b>Cree su propio dise\u00f1o en l\u00ednea<\/b><\/p>\n<p>[\/et_pb_blurb][\/et_pb_column][et_pb_column type=&#8221;1_4&#8243; _builder_version=&#8221;4.16&#8243; custom_padding=&#8221;|||&#8221; global_colors_info=&#8221;{}&#8221; custom_padding__hover=&#8221;|||&#8221;][et_pb_blurb image=&#8221;https:\/\/unitedprint.com\/wordpress\/wp-content\/uploads\/2018\/07\/products.svg&#8221; admin_label=&#8221;Produkte&#8221; _builder_version=&#8221;4.16&#8243; body_line_height=&#8221;1.2em&#8221; custom_padding_tablet=&#8221;||40px|&#8221; custom_padding_phone=&#8221;&#8221; custom_padding_last_edited=&#8221;on|tablet&#8221; custom_css_blurb_content=&#8221;color:#2ea3f2;&#8221; global_colors_info=&#8221;{}&#8221;]<\/p>\n<h3 style=\"text-align: center\"><strong>PRODUCTOS<\/strong><\/h3>\n<p style=\"text-align: center\"><b>Material de oficina y productos promoci\u00f3n<\/b><\/p>\n<p>[\/et_pb_blurb][\/et_pb_column][\/et_pb_row][\/et_pb_section][et_pb_section fb_built=&#8221;1&#8243; _builder_version=&#8221;4.16&#8243; background_color=&#8221;#006eb9&#8243; custom_padding=&#8221;20px||20px|&#8221; global_colors_info=&#8221;{}&#8221;][et_pb_row _builder_version=&#8221;4.16&#8243; custom_margin=&#8221;0px||0px|&#8221; custom_padding=&#8221;20px||0px|&#8221; global_colors_info=&#8221;{}&#8221;][et_pb_column type=&#8221;4_4&#8243; _builder_version=&#8221;4.16&#8243; custom_padding=&#8221;|||&#8221; global_colors_info=&#8221;{}&#8221; custom_padding__hover=&#8221;|||&#8221;][et_pb_text _builder_version=&#8221;4.16.0&#8243; text_orientation=&#8221;center&#8221; module_alignment=&#8221;center&#8221; custom_margin=&#8221;0px||0px|&#8221; custom_padding=&#8221;0px||0px|&#8221; hover_enabled=&#8221;0&#8243; global_colors_info=&#8221;{}&#8221; sticky_enabled=&#8221;0&#8243;]<a href=\"\/es\/infowerk2\/\"><img style=\"height: 20px; margin: 0 31px 10px 0;\" src=\"\/wordpress\/wp-content\/uploads\/2025\/03\/IW-Logo-1000x500-1.png\" alt=\"\" \/><\/a><a href=\"\/es\/print24\/\"><img style=\"height: 25px; margin: 0 32px 10px 0;\" src=\"\/wordpress\/wp-content\/uploads\/2018\/07\/print24-logo-weiss.svg\" alt=\"\" border=\"0\" \/><\/a><a href=\"\/es\/easyprint\/\"><img style=\"height: 22px; margin: 0 31px 10px 0;\" src=\"\/wordpress\/wp-content\/uploads\/2025\/03\/Easyprint-Logo_Easyprint-Logo-1.png\" alt=\"\" \/><\/a><a href=\"\/es\/unitedprint-shop-services\/\"><img style=\"height: 25px; margin: 0 0 10px 0;\" src=\"\/wordpress\/wp-content\/uploads\/2018\/10\/unitedprint-shop-service-logo-weiss.svg\" alt=\"\" \/><\/a>[\/et_pb_text][\/et_pb_column][\/et_pb_row][\/et_pb_section]<\/p>\n","protected":false},"excerpt":{"rendered":"<p>InfowerkInfowerk est\u00e1 dise\u00f1ado para clientes y peque\u00f1as empresas que desean dise\u00f1ar sus productos de forma creativa por s\u00ed mismos. Para ello, el portal pone a disposici\u00f3n gratuitamente la herramienta FreeDesign, f\u00e1cil de utilizar, que permite a los clientes realizar sus ideas sin necesidad de tener una gran experiencia en dise\u00f1o. Instrucciones claras paso a paso, [&hellip;]<\/p>\n","protected":false},"author":15,"featured_media":0,"parent":0,"menu_order":2,"comment_status":"closed","ping_status":"closed","template":"","meta":{"_et_pb_use_builder":"on","_et_pb_old_content":"","_et_gb_content_width":"","_expiration-date-status":"","_expiration-date":0,"_expiration-date-type":"","_expiration-date-categories":[],"_expiration-date-options":[]},"aioseo_notices":[],"_links":{"self":[{"href":"https:\/\/unitedprint.com\/es\/wp-json\/wp\/v2\/pages\/6030"}],"collection":[{"href":"https:\/\/unitedprint.com\/es\/wp-json\/wp\/v2\/pages"}],"about":[{"href":"https:\/\/unitedprint.com\/es\/wp-json\/wp\/v2\/types\/page"}],"author":[{"embeddable":true,"href":"https:\/\/unitedprint.com\/es\/wp-json\/wp\/v2\/users\/15"}],"replies":[{"embeddable":true,"href":"https:\/\/unitedprint.com\/es\/wp-json\/wp\/v2\/comments?post=6030"}],"version-history":[{"count":10,"href":"https:\/\/unitedprint.com\/es\/wp-json\/wp\/v2\/pages\/6030\/revisions"}],"predecessor-version":[{"id":16178,"href":"https:\/\/unitedprint.com\/es\/wp-json\/wp\/v2\/pages\/6030\/revisions\/16178"}],"wp:attachment":[{"href":"https:\/\/unitedprint.com\/es\/wp-json\/wp\/v2\/media?parent=6030"}],"curies":[{"name":"wp","href":"https:\/\/api.w.org\/{rel}","templated":true}]}}