{"id":6066,"date":"2018-12-13T12:24:22","date_gmt":"2018-12-13T11:24:22","guid":{"rendered":"https:\/\/unitedprint-se.com\/balance\/"},"modified":"2025-03-25T09:43:43","modified_gmt":"2025-03-25T08:43:43","slug":"balance","status":"publish","type":"page","link":"https:\/\/unitedprint.com\/es\/balance\/","title":{"rendered":"Balance"},"content":{"rendered":"<p>[et_pb_section fb_built=&#8221;1&#8243; _builder_version=&#8221;4.16&#8243; max_width=&#8221;1400px&#8221; module_alignment=&#8221;center&#8221; custom_margin=&#8221;0px||0px|&#8221; custom_padding=&#8221;0px||0px|&#8221; global_colors_info=&#8221;{}&#8221;][et_pb_row module_class=&#8221; et_pb_row_fullwidth&#8221; _builder_version=&#8221;4.16&#8243; width=&#8221;100%&#8221; width_tablet=&#8221;100%&#8221; width_phone=&#8221;100%&#8221; width_last_edited=&#8221;on|desktop&#8221; max_width=&#8221;100%&#8221; max_width_tablet=&#8221;100%&#8221; max_width_phone=&#8221;100%&#8221; max_width_last_edited=&#8221;on|desktop&#8221; module_alignment=&#8221;center&#8221; custom_padding=&#8221;0px||0px|&#8221; make_fullwidth=&#8221;on&#8221; global_colors_info=&#8221;{}&#8221;][et_pb_column type=&#8221;4_4&#8243; _builder_version=&#8221;4.16&#8243; custom_padding=&#8221;|||&#8221; global_colors_info=&#8221;{}&#8221; custom_padding__hover=&#8221;|||&#8221;][et_pb_image src=&#8221;https:\/\/unitedprint.com\/wordpress\/wp-content\/uploads\/2018\/09\/unitedprint-mitarbeiter-ballance.jpg&#8221; force_fullwidth=&#8221;on&#8221; align_tablet=&#8221;center&#8221; align_phone=&#8221;center&#8221; align_last_edited=&#8221;on|desktop&#8221; admin_label=&#8221;Headerbild&#8221; _builder_version=&#8221;4.16&#8243; global_colors_info=&#8221;{}&#8221;][\/et_pb_image][\/et_pb_column][\/et_pb_row][\/et_pb_section][et_pb_section fb_built=&#8221;1&#8243; _builder_version=&#8221;4.16&#8243; custom_padding=&#8221;20px||15px|&#8221; global_colors_info=&#8221;{}&#8221;][et_pb_row _builder_version=&#8221;4.16&#8243; custom_padding=&#8221;20px||0px|&#8221; global_colors_info=&#8221;{}&#8221;][et_pb_column type=&#8221;4_4&#8243; _builder_version=&#8221;4.16&#8243; custom_padding=&#8221;|||&#8221; global_colors_info=&#8221;{}&#8221; custom_padding__hover=&#8221;|||&#8221;][et_pb_blurb image=&#8221;https:\/\/unitedprint.com\/wordpress\/wp-content\/uploads\/2018\/07\/up-unitedprint-se-icon-2.svg&#8221; icon_placement=&#8221;left&#8221; image_icon_width=&#8221;40px&#8221; content_max_width=&#8221;100%&#8221; admin_label=&#8221;Balance&#8221; _builder_version=&#8221;4.16&#8243; body_font=&#8221;|||on|||||&#8221; animation=&#8221;off&#8221; image_max_width=&#8221;40px&#8221; saved_tabs=&#8221;all&#8221; global_colors_info=&#8221;{}&#8221;]<\/p>\n<h1>Balance<\/h1>\n<p>[\/et_pb_blurb][\/et_pb_column][\/et_pb_row][et_pb_row _builder_version=&#8221;4.16&#8243; custom_padding=&#8221;15px||15px|&#8221; global_colors_info=&#8221;{}&#8221;][et_pb_column type=&#8221;4_4&#8243; _builder_version=&#8221;4.16&#8243; custom_padding=&#8221;|||&#8221; global_colors_info=&#8221;{}&#8221; custom_padding__hover=&#8221;|||&#8221;][et_pb_text _builder_version=&#8221;4.16&#8243; global_colors_info=&#8221;{}&#8221;]La armon\u00eda del trabajo diario y la recreaci\u00f3n es particularmente importante para nosotros, por lo que ofrecemos a nuestros empleados en el \u00e1rea social y de salud de nuestra empresa una amplia gama de ofertas para la relajaci\u00f3n o el equilibrio deportivo.<br \/>\n[\/et_pb_text][\/et_pb_column][\/et_pb_row][et_pb_row _builder_version=&#8221;4.16&#8243; custom_padding=&#8221;10px||20px|&#8221; global_colors_info=&#8221;{}&#8221;][et_pb_column type=&#8221;4_4&#8243; _builder_version=&#8221;4.16&#8243; custom_padding=&#8221;|||&#8221; global_colors_info=&#8221;{}&#8221; custom_padding__hover=&#8221;|||&#8221;][et_pb_image src=&#8221;https:\/\/unitedprint.com\/wordpress\/wp-content\/uploads\/2018\/08\/unitedprint-balance-fitness.jpg&#8221; force_fullwidth=&#8221;on&#8221; align_tablet=&#8221;center&#8221; align_phone=&#8221;center&#8221; align_last_edited=&#8221;on|desktop&#8221; _builder_version=&#8221;4.16&#8243; global_colors_info=&#8221;{}&#8221;][\/et_pb_image][\/et_pb_column][\/et_pb_row][et_pb_row column_structure=&#8221;1_2,1_2&#8243; use_custom_gutter=&#8221;on&#8221; gutter_width=&#8221;3&#8243; _builder_version=&#8221;4.16&#8243; custom_padding=&#8221;12px||10px|&#8221; global_colors_info=&#8221;{}&#8221;][et_pb_column type=&#8221;1_2&#8243; _builder_version=&#8221;4.16&#8243; custom_padding=&#8221;|||&#8221; global_colors_info=&#8221;{}&#8221; custom_padding__hover=&#8221;|||&#8221;][et_pb_text _builder_version=&#8221;4.16&#8243; global_colors_info=&#8221;{}&#8221;]<\/p>\n<p><span>En nuestra \u00e1rea de fitness interna, nuestros empleados pueden hacer ejercicio de forma independiente o bajo la direcci\u00f3n de nuestros fisioterapeutas, participar en cursos variados como cardio, back fitness o entrenamiento funcional. Siempre prestamos atenci\u00f3n a la salud de nuestros empleados y ponemos mucha energ\u00eda en la gesti\u00f3n de la salud de nuestra empresa (upHealth) con nuestra propia fisioterapia. Como empleador responsable, damos gran importancia a la reducci\u00f3n del estr\u00e9s en el lugar de trabajo y al mantenimiento del bienestar de nuestros empleados. Adem\u00e1s de los servicios fisioterap\u00e9uticos y deportivos que ofrecemos, nuestro personal especializado y capacitado tambi\u00e9n apoya y asesora a nuestros empleados en el an\u00e1lisis del lugar de trabajo y en la gesti\u00f3n de la reintegraci\u00f3n en la empresa.<\/span><\/p>\n<p>[\/et_pb_text][\/et_pb_column][et_pb_column type=&#8221;1_2&#8243; _builder_version=&#8221;4.16&#8243; custom_padding=&#8221;|||&#8221; global_colors_info=&#8221;{}&#8221; custom_padding__hover=&#8221;|||&#8221;][et_pb_text _builder_version=&#8221;4.16&#8243; custom_margin_tablet=&#8221;20px||20px|&#8221; custom_margin_phone=&#8221;&#8221; custom_margin_last_edited=&#8221;on|tablet&#8221; global_colors_info=&#8221;{}&#8221;]<\/p>\n<p>En nuestra sala de relajaci\u00f3n, las hamacas con vista a un colorido acuario le invitan a descansar y relajarse. La sala de juegos con pinball, futbol\u00edn, juegos de consola llenos de acci\u00f3n y cine invita a los empleados a intercambiar ideas o simplemente a quedarse a descansar. <\/strong><\/span><\/p>\n<p>[\/et_pb_text][\/et_pb_column][\/et_pb_row][\/et_pb_section][et_pb_section fb_built=&#8221;1&#8243; _builder_version=&#8221;4.16&#8243; background_color=&#8221;#006eb9&#8243; custom_margin=&#8221;0px||0px|&#8221; custom_padding=&#8221;20px||20px|&#8221; global_colors_info=&#8221;{}&#8221;][et_pb_row _builder_version=&#8221;4.16&#8243; custom_margin=&#8221;0px||0px|&#8221; custom_padding=&#8221;20px||0px|&#8221; global_colors_info=&#8221;{}&#8221;][et_pb_column type=&#8221;4_4&#8243; _builder_version=&#8221;4.16&#8243; custom_padding=&#8221;|||&#8221; global_colors_info=&#8221;{}&#8221; custom_padding__hover=&#8221;|||&#8221;][et_pb_text admin_label=&#8221;Portale (Logoleiste)&#8221; _builder_version=&#8221;4.16.0&#8243; text_orientation=&#8221;center&#8221; hover_enabled=&#8221;0&#8243; global_colors_info=&#8221;{}&#8221; sticky_enabled=&#8221;0&#8243;]<a href=\"\/es\/infowerk2\/\"><img style=\"height: 20px; margin: 0 31px 10px 0;\" src=\"\/wordpress\/wp-content\/uploads\/2025\/03\/IW-Logo-1000x500-1.png\" alt=\"\" \/><\/a><a href=\"\/es\/print24\/\"><img style=\"height: 25px; margin: 0 32px 10px 0;\" src=\"\/wordpress\/wp-content\/uploads\/2018\/07\/print24-logo-weiss.svg\" alt=\"\" border=\"0\" \/><\/a><a href=\"\/es\/easyprint\/\"><img style=\"height: 22px; margin: 0 31px 10px 0;\" src=\"\/wordpress\/wp-content\/uploads\/2025\/03\/Easyprint-Logo_Easyprint-Logo-1.png\" alt=\"\" \/><\/a><a href=\"\/es\/unitedprint-shop-services\/\"><img style=\"height: 25px; margin: 0 0 10px 0;\" src=\"\/wordpress\/wp-content\/uploads\/2018\/10\/unitedprint-shop-service-logo-weiss.svg\" alt=\"\" \/><\/a>[\/et_pb_text][\/et_pb_column][\/et_pb_row][\/et_pb_section]<\/p>\n","protected":false},"excerpt":{"rendered":"<p>Balance La armon\u00eda del trabajo diario y la recreaci\u00f3n es particularmente importante para nosotros, por lo que ofrecemos a nuestros empleados en el \u00e1rea social y de salud de nuestra empresa una amplia gama de ofertas para la relajaci\u00f3n o el equilibrio deportivo. En nuestra \u00e1rea de fitness interna, nuestros empleados pueden hacer ejercicio de [&hellip;]<\/p>\n","protected":false},"author":15,"featured_media":0,"parent":0,"menu_order":3,"comment_status":"closed","ping_status":"closed","template":"","meta":{"_et_pb_use_builder":"on","_et_pb_old_content":"","_et_gb_content_width":"","_expiration-date-status":"","_expiration-date":0,"_expiration-date-type":"","_expiration-date-categories":[],"_expiration-date-options":[]},"aioseo_notices":[],"_links":{"self":[{"href":"https:\/\/unitedprint.com\/es\/wp-json\/wp\/v2\/pages\/6066"}],"collection":[{"href":"https:\/\/unitedprint.com\/es\/wp-json\/wp\/v2\/pages"}],"about":[{"href":"https:\/\/unitedprint.com\/es\/wp-json\/wp\/v2\/types\/page"}],"author":[{"embeddable":true,"href":"https:\/\/unitedprint.com\/es\/wp-json\/wp\/v2\/users\/15"}],"replies":[{"embeddable":true,"href":"https:\/\/unitedprint.com\/es\/wp-json\/wp\/v2\/comments?post=6066"}],"version-history":[{"count":4,"href":"https:\/\/unitedprint.com\/es\/wp-json\/wp\/v2\/pages\/6066\/revisions"}],"predecessor-version":[{"id":16184,"href":"https:\/\/unitedprint.com\/es\/wp-json\/wp\/v2\/pages\/6066\/revisions\/16184"}],"wp:attachment":[{"href":"https:\/\/unitedprint.com\/es\/wp-json\/wp\/v2\/media?parent=6066"}],"curies":[{"name":"wp","href":"https:\/\/api.w.org\/{rel}","templated":true}]}}