{"id":12005,"date":"2023-06-21T15:15:16","date_gmt":"2023-06-21T13:15:16","guid":{"rendered":"https:\/\/unitedprint.info\/news-slide-1-neu\/"},"modified":"2024-06-10T10:17:59","modified_gmt":"2024-06-10T08:17:59","slug":"news-slide-1-neu","status":"publish","type":"page","link":"https:\/\/unitedprint.com\/fr\/news-slide-1-neu\/","title":{"rendered":"News Slide 1 &#8211; neu"},"content":{"rendered":"<p>[et_pb_section fb_built=&#8221;1&#8243; _builder_version=&#8221;4.16.0&#8243; _module_preset=&#8221;default&#8221; custom_margin=&#8221;0px||||false|false&#8221; custom_padding=&#8221;0px||||false|false&#8221; locked=&#8221;off&#8221; global_colors_info=&#8221;{}&#8221;][et_pb_row column_structure=&#8221;1_3,1_3,1_3&#8243; use_custom_gutter=&#8221;on&#8221; gutter_width=&#8221;3&#8243; custom_padding_last_edited=&#8221;on|desktop&#8221; _builder_version=&#8221;4.16.0&#8243; custom_margin=&#8221;0px||||false|false&#8221; custom_padding=&#8221;7px||20px|&#8221; custom_padding_tablet=&#8221;7px|0px|0px|0px&#8221; custom_padding_phone=&#8221;&#8221; collapsed=&#8221;off&#8221; global_colors_info=&#8221;{}&#8221;][et_pb_column type=&#8221;1_3&#8243; _builder_version=&#8221;4.16&#8243; custom_padding=&#8221;|||&#8221; global_colors_info=&#8221;{}&#8221; custom_padding__hover=&#8221;|||&#8221;][et_pb_image src=&#8221;https:\/\/unitedprint.com\/wp-content\/uploads\/2018\/09\/shoppartner-werden-team-small.jpg&#8221; title_text=&#8221;shoppartner-werden-team-small&#8221; url=&#8221;https:\/\/unitedprint.com\/fr\/partenaire-commercial\/&#8221; align_tablet=&#8221;center&#8221; align_phone=&#8221;&#8221; align_last_edited=&#8221;on|desktop&#8221; module_class=&#8221;sliderelement&#8221; _builder_version=&#8221;4.16.0&#8243; custom_margin=&#8221;35px||15px||false|false&#8221; custom_margin_tablet=&#8221;35px||15px||false|false&#8221; custom_margin_phone=&#8221;35px||15px||false|false&#8221; custom_margin_last_edited=&#8221;on|desktop&#8221; custom_padding=&#8221;0px||||false|false&#8221; global_colors_info=&#8221;{}&#8221;][\/et_pb_image][et_pb_text _builder_version=&#8221;4.16.0&#8243; header_2_font_size=&#8221;20px&#8221; header_2_line_height=&#8221;24px&#8221; custom_margin=&#8221;||15px|&#8221; custom_margin_tablet=&#8221;||0px|&#8221; custom_margin_phone=&#8221;&#8221; custom_margin_last_edited=&#8221;on|desktop&#8221; global_colors_info=&#8221;{}&#8221;]<\/p>\n<h2><a href=\"\/fr\/partenaire-commercial\/\">CONQU\u00c9RIR DES MARCH\u00c9S AVEC SA PROPRE BOUTIQUE EN LIGNE : SIMPLE &#8211; GRATUIT &#8211; IMM\u00c9DIAT<\/a><\/h2>\n<p>Vendez avec votre propre boutique Web-to-Print et profitez de l&#8217;exp\u00e9rience et de la performance d&#8217;une des entreprises Web-to-Print les plus performantes d&#8217;Europe. Partez \u00e0 la conqu\u00eate de votre march\u00e9 local \/ r\u00e9gional &#8211; sans aucun risque !<\/p>\n<p>[\/et_pb_text][et_pb_code admin_label=&#8221;Link&#8221; _builder_version=&#8221;4.16.0&#8243; text_orientation=&#8221;left&#8221; custom_margin_tablet=&#8221;&#8221; custom_margin_phone=&#8221;&#8221; custom_margin_last_edited=&#8221;on|phone&#8221; custom_css_main_element=&#8221;font-weight: 600;&#8221; global_colors_info=&#8221;{}&#8221;]<a href=\"\/fr\/partenaire-commercial\/\">Lire plus<\/a>[\/et_pb_code][\/et_pb_column][et_pb_column type=&#8221;1_3&#8243; _builder_version=&#8221;4.16&#8243; custom_padding=&#8221;|||&#8221; global_colors_info=&#8221;{}&#8221; custom_padding__hover=&#8221;|||&#8221;][et_pb_image src=&#8221;https:\/\/unitedprint.com\/wp-content\/uploads\/2019\/09\/1-1.png&#8221; title_text=&#8221;La journ\u00e9e des partenaires 2019 a \u00e9t\u00e9 un grand succ\u00e8s !&#8221; url=&#8221;https:\/\/unitedprint.com\/fr\/infowerk-materials\/&#8221; align_tablet=&#8221;center&#8221; align_phone=&#8221;&#8221; align_last_edited=&#8221;on|desktop&#8221; module_class=&#8221;sliderelement&#8221; _builder_version=&#8221;4.16.0&#8243; custom_margin=&#8221;35px||15px||false|false&#8221; custom_margin_tablet=&#8221;35px||15px||false|false&#8221; custom_margin_phone=&#8221;35px||15px||false|false&#8221; custom_margin_last_edited=&#8221;on|desktop&#8221; custom_padding=&#8221;0px|||&#8221; locked=&#8221;off&#8221; global_colors_info=&#8221;{}&#8221;][\/et_pb_image][et_pb_text _builder_version=&#8221;4.16.0&#8243; header_2_font_size=&#8221;20px&#8221; header_2_line_height=&#8221;24px&#8221; custom_margin=&#8221;||15px|&#8221; custom_margin_tablet=&#8221;||0px|&#8221; custom_margin_phone=&#8221;&#8221; custom_margin_last_edited=&#8221;on|desktop&#8221; locked=&#8221;off&#8221; global_colors_info=&#8221;{}&#8221;]<\/p>\n<h2><a href=\"\/fr\/infowerk-materials\/\">DU PAPIER ET DES PLAQUES DE LA PART D\u2019IMPRIMEURS POUR DES IMPRIMEURS<\/a><\/h2>\n<p>Avec des prix pouvant \u00eatre deux fois moins \u00e9lev\u00e9s et une disponibilit\u00e9 illimit\u00e9e de papiers de haute qualit\u00e9 et de plaques d\u2019impression haut de gamme, Unitedprint offre aux imprimeurs de toute l\u2019Europe un acc\u00e8s comp\u00e9titif et adapt\u00e9 au march\u00e9 \u00e0 leurs principaux mat\u00e9riaux.<\/p>\n<p>[\/et_pb_text][et_pb_code admin_label=&#8221;Link&#8221; _builder_version=&#8221;4.16.0&#8243; text_orientation=&#8221;left&#8221; custom_margin_tablet=&#8221;&#8221; custom_margin_phone=&#8221;&#8221; custom_margin_last_edited=&#8221;on|phone&#8221; custom_css_main_element=&#8221;font-weight: 600;&#8221; locked=&#8221;off&#8221; global_colors_info=&#8221;{}&#8221;]<a href=\"\/fr\/infowerk-materials\/\">Lire plus<\/a>[\/et_pb_code][\/et_pb_column][et_pb_column type=&#8221;1_3&#8243; _builder_version=&#8221;4.16&#8243; custom_padding=&#8221;|||&#8221; global_colors_info=&#8221;{}&#8221; custom_padding__hover=&#8221;|||&#8221;][et_pb_image src=&#8221;https:\/\/unitedprint.com\/wp-content\/uploads\/2018\/09\/produktionspartner-werden-small.jpg&#8221; title_text=&#8221;produktionspartner-werden-small&#8221; url=&#8221;https:\/\/unitedprint.com\/fr\/devenir-partenaire-de-production\/&#8221; align_tablet=&#8221;center&#8221; align_phone=&#8221;&#8221; align_last_edited=&#8221;on|desktop&#8221; module_class=&#8221;sliderelement&#8221; _builder_version=&#8221;4.16.0&#8243; custom_margin=&#8221;35px||15px||false|false&#8221; custom_margin_tablet=&#8221;35px||15px||false|false&#8221; custom_margin_phone=&#8221;35px||15px||false|false&#8221; custom_margin_last_edited=&#8221;on|desktop&#8221; custom_padding=&#8221;0px|||&#8221; hover_enabled=&#8221;0&#8243; global_colors_info=&#8221;{}&#8221; sticky_enabled=&#8221;0&#8243;][\/et_pb_image][et_pb_text _builder_version=&#8221;4.16.0&#8243; link_text_color=&#8221;#003764&#8243; header_2_font_size=&#8221;20px&#8221; header_2_line_height=&#8221;24px&#8221; custom_margin=&#8221;||15px|&#8221; custom_margin_tablet=&#8221;||0px|&#8221; custom_margin_phone=&#8221;&#8221; custom_margin_last_edited=&#8221;on|phone&#8221; hover_enabled=&#8221;0&#8243; global_colors_info=&#8221;{}&#8221; sticky_enabled=&#8221;0&#8243;]<\/p>\n<h2 class=\"entry-title\"><a href=\"\/fr\/devenir-partenaire-de-production\/\">PARTICIPER \u00c0 LA CROISSANCE DE UNITEDPRINT EN TANT QUE PARTENAIRE DE PRODUCTION<\/a><\/h2>\n<p>Si hier, seuls les produits les plus simples pouvaient \u00eatre command\u00e9s en ligne, aujourd&#8217;hui, ce sont d\u00e9j\u00e0 plusieurs millions de configurations qui sont propos\u00e9es. Les possibilit\u00e9s du Web-to-Print de demain sont presque illimit\u00e9es. Vous et votre production en ferez partie ? Unitedprint vous y emm\u00e8ne volontiers !<\/p>\n<p>[\/et_pb_text][et_pb_code admin_label=&#8221;Link&#8221; _builder_version=&#8221;4.16.0&#8243; text_orientation=&#8221;left&#8221; custom_margin_tablet=&#8221;||20px|&#8221; custom_margin_phone=&#8221;&#8221; custom_margin_last_edited=&#8221;on|tablet&#8221; custom_css_main_element=&#8221;font-weight: 600;&#8221; global_colors_info=&#8221;{}&#8221;]<a href=\"\/fr\/devenir-partenaire-de-production\/\">Lire plus<\/a>[\/et_pb_code][\/et_pb_column][\/et_pb_row][\/et_pb_section]<\/p>\n","protected":false},"excerpt":{"rendered":"<p>CONQU\u00c9RIR DES MARCH\u00c9S AVEC SA PROPRE BOUTIQUE EN LIGNE : SIMPLE &#8211; GRATUIT &#8211; IMM\u00c9DIAT Vendez avec votre propre boutique Web-to-Print et profitez de l&#8217;exp\u00e9rience et de la performance d&#8217;une des entreprises Web-to-Print les plus performantes d&#8217;Europe. Partez \u00e0 la conqu\u00eate de votre march\u00e9 local \/ r\u00e9gional &#8211; sans aucun risque !DU PAPIER ET DES [&hellip;]<\/p>\n","protected":false},"author":24,"featured_media":0,"parent":0,"menu_order":0,"comment_status":"closed","ping_status":"closed","template":"","meta":{"_et_pb_use_builder":"on","_et_pb_old_content":"","_et_gb_content_width":"","_expiration-date-status":"","_expiration-date":0,"_expiration-date-type":"","_expiration-date-categories":[],"_expiration-date-options":[]},"aioseo_notices":[],"_links":{"self":[{"href":"https:\/\/unitedprint.com\/fr\/wp-json\/wp\/v2\/pages\/12005"}],"collection":[{"href":"https:\/\/unitedprint.com\/fr\/wp-json\/wp\/v2\/pages"}],"about":[{"href":"https:\/\/unitedprint.com\/fr\/wp-json\/wp\/v2\/types\/page"}],"author":[{"embeddable":true,"href":"https:\/\/unitedprint.com\/fr\/wp-json\/wp\/v2\/users\/24"}],"replies":[{"embeddable":true,"href":"https:\/\/unitedprint.com\/fr\/wp-json\/wp\/v2\/comments?post=12005"}],"version-history":[{"count":8,"href":"https:\/\/unitedprint.com\/fr\/wp-json\/wp\/v2\/pages\/12005\/revisions"}],"predecessor-version":[{"id":14406,"href":"https:\/\/unitedprint.com\/fr\/wp-json\/wp\/v2\/pages\/12005\/revisions\/14406"}],"wp:attachment":[{"href":"https:\/\/unitedprint.com\/fr\/wp-json\/wp\/v2\/media?parent=12005"}],"curies":[{"name":"wp","href":"https:\/\/api.w.org\/{rel}","templated":true}]}}