{"id":4958,"date":"2018-07-20T10:58:26","date_gmt":"2018-07-20T08:58:26","guid":{"rendered":"https:\/\/unitedprint-se.com\/initiativbewerbung\/"},"modified":"2018-10-19T15:32:51","modified_gmt":"2018-10-19T13:32:51","slug":"initiativbewerbung","status":"publish","type":"page","link":"https:\/\/unitedprint.com\/fr\/initiativbewerbung\/","title":{"rendered":"Initiativbewerbung"},"content":{"rendered":"<p>[et_pb_section fb_built=&#8221;1&#8243; _builder_version=&#8221;3.10.2&#8243; max_width=&#8221;1400px&#8221; module_alignment=&#8221;center&#8221; custom_margin=&#8221;0px||0px|&#8221; custom_padding=&#8221;0px||0px|&#8221;][et_pb_row make_fullwidth=&#8221;on&#8221; custom_padding=&#8221;0px||0px|&#8221; _builder_version=&#8221;3.10.2&#8243; module_alignment=&#8221;center&#8221;][et_pb_column type=&#8221;4_4&#8243; _builder_version=&#8221;3.0.47&#8243; parallax=&#8221;off&#8221; parallax_method=&#8221;on&#8221;][et_pb_image src=&#8221;https:\/\/unitedprint.com\/wordpress\/wp-content\/uploads\/2018\/09\/unitedprint-company-small.jpg&#8221; force_fullwidth=&#8221;on&#8221; admin_label=&#8221;Headerbild&#8221; _builder_version=&#8221;3.10.2&#8243;][\/et_pb_image][\/et_pb_column][\/et_pb_row][\/et_pb_section][et_pb_section fb_built=&#8221;1&#8243; _builder_version=&#8221;3.10.2&#8243; custom_padding=&#8221;20px||20px|&#8221;][et_pb_row custom_padding=&#8221;20px||0px|&#8221; _builder_version=&#8221;3.14&#8243;][et_pb_column type=&#8221;4_4&#8243; _builder_version=&#8221;3.0.47&#8243; parallax=&#8221;off&#8221; parallax_method=&#8221;on&#8221;][et_pb_blurb image=&#8221;https:\/\/unitedprint.com\/wordpress\/wp-content\/uploads\/2018\/07\/up-unitedprint-se-icon-2.svg&#8221; icon_placement=&#8221;left&#8221; image_max_width=&#8221;40px&#8221; content_max_width=&#8221;100%&#8221; admin_label=&#8221;Initiativbewerbung&#8221; _builder_version=&#8221;3.14&#8243; body_font=&#8221;|||on|||||&#8221; animation=&#8221;off&#8221; saved_tabs=&#8221;all&#8221;]<\/p>\n<h1><span>CANDIDATURE SPONTAN\u00c9E<\/span><\/h1>\n<p>[\/et_pb_blurb][\/et_pb_column][\/et_pb_row][et_pb_row custom_padding=&#8221;15px||0px|&#8221; _builder_version=&#8221;3.14&#8243;][et_pb_column type=&#8221;4_4&#8243; _builder_version=&#8221;3.0.47&#8243; parallax=&#8221;off&#8221; parallax_method=&#8221;on&#8221;][et_pb_text _builder_version=&#8221;3.14&#8243;]<\/p>\n<p><span>Nous vous remercions de l&#8217;int\u00e9r\u00eat que vous portez \u00e0 notre entreprise.<\/span><\/p>\n<p><span>Si vous n&#8217;avez pas trouv\u00e9 un poste qui vous convient, nous nous r\u00e9jouissons de recevoir votre candidature spontan\u00e9e.<\/span><\/p>\n<p>[\/et_pb_text][\/et_pb_column][\/et_pb_row][et_pb_row custom_padding=&#8221;15px||0px|&#8221; _builder_version=&#8221;3.14&#8243;][et_pb_column type=&#8221;4_4&#8243; _builder_version=&#8221;3.0.47&#8243; parallax=&#8221;off&#8221; parallax_method=&#8221;on&#8221;][et_pb_button button_url=&#8221;\/fr\/bewerbung-fach-fuehrungskraefte\/&#8221; button_text=&#8221;SP\u00c9CIALISTES ET MANAGERS&#8221; admin_label=&#8221;Button&#8221; _builder_version=&#8221;3.14&#8243; custom_button=&#8221;on&#8221; button_use_icon=&#8221;off&#8221; background_layout=&#8221;dark&#8221;][\/et_pb_button][et_pb_button button_url=&#8221;\/fr\/bewerbung-schueler-studenten-auszubildende\/&#8221; button_text=&#8221;\u00c9L\u00c8VES, \u00c9TUDIANTS ET APPRENTIS&#8221; admin_label=&#8221;Button&#8221; _builder_version=&#8221;3.14&#8243; custom_button=&#8221;on&#8221; button_use_icon=&#8221;off&#8221; background_layout=&#8221;dark&#8221;][\/et_pb_button][\/et_pb_column][\/et_pb_row][\/et_pb_section][et_pb_section fb_built=&#8221;1&#8243; _builder_version=&#8221;3.14&#8243; background_color=&#8221;#006eb9&#8243; custom_padding=&#8221;20px||20px|&#8221;][et_pb_row custom_padding=&#8221;20px||0px|&#8221; custom_margin=&#8221;0px||0px|&#8221; _builder_version=&#8221;3.14&#8243;][et_pb_column type=&#8221;4_4&#8243; _builder_version=&#8221;3.0.47&#8243; parallax=&#8221;off&#8221; parallax_method=&#8221;on&#8221;][et_pb_text _builder_version=&#8221;3.14&#8243; text_orientation=&#8221;center&#8221; custom_margin=&#8221;0px||0px|&#8221; custom_padding=&#8221;0px||0px|&#8221;]<\/p>\n<p><a href=\"https:\/\/unitedprint.com\/fr\/print24\/\"><img style=\"height: 25px;margin: 0 32px 10px 0\" src=\"\/wordpress\/wp-content\/uploads\/2018\/07\/print24-logo-weiss.svg\" alt=\"\" border=\"0\"><\/a><a href=\"https:\/\/unitedprint.com\/fr\/unitedprint\/\"><img style=\"height: 20px;margin: 0 31px 10px 0\" src=\"\/wordpress\/wp-content\/uploads\/2018\/07\/up-unitedprint-logo-weiss.svg\" alt=\"\"><\/a><a href=\"https:\/\/unitedprint.com\/fr\/getprint\/\"><img style=\"height: 20px;margin: 0 31px 10px 0\" src=\"\/wordpress\/wp-content\/uploads\/2018\/07\/getprint-logo-weiss.svg\" alt=\"\"><\/a><a href=\"https:\/\/unitedprint.com\/fr\/printwhat\/\"><img style=\"height: 20px;margin: 0 31px 10px 0\" src=\"\/wordpress\/wp-content\/uploads\/2018\/07\/printwhat-logo-weiss.svg\" alt=\"\"><\/a><a href=\"https:\/\/unitedprint.com\/fr\/firstprint\/\"><img style=\"height: 20px;margin: 0 31px 10px 0\" src=\"\/wordpress\/wp-content\/uploads\/2018\/07\/firstprint-logo-weiss.svg\" alt=\"\"><\/a><a href=\"https:\/\/unitedprint.com\/fr\/ddk-print-big\/\"><img style=\"height: 18px;margin: 0 31px 10px 0\" src=\"\/wordpress\/wp-content\/uploads\/2018\/07\/ddk-print-big-logo-weiss.svg\" alt=\"\"><\/a><a href=\"https:\/\/unitedprint.com\/fr\/easyprint\/\"><img style=\"height: 20px;margin: 0 31px 10px 0\" src=\"\/wordpress\/wp-content\/uploads\/2018\/09\/Infowerk-Logo-Weiss.png\" alt=\"\"><\/a><a href=\"https:\/\/unitedprint.com\/fr\/infowerk\/\"><img style=\"height: 20px;margin: 0 31px 10px 0\" src=\"\/wordpress\/wp-content\/uploads\/2018\/07\/infowerk-logo-weiss.svg\" alt=\"\"><\/a><a href=\"https:\/\/unitedprint.com\/fr\/unitedprint-shop-services\/\"><img style=\"height: 22px;margin: 0 0 10px 0\" src=\"\/wordpress\/wp-content\/uploads\/2018\/10\/unitedprint-shop-service-logo-weiss.svg\" alt=\"\"><\/a><\/p>\n<p>[\/et_pb_text][\/et_pb_column][\/et_pb_row][\/et_pb_section]<\/p>\n","protected":false},"excerpt":{"rendered":"<p>CANDIDATURE SPONTAN\u00c9ENous vous remercions de l&#8217;int\u00e9r\u00eat que vous portez \u00e0 notre entreprise. Si vous n&#8217;avez pas trouv\u00e9 un poste qui vous convient, nous nous r\u00e9jouissons de recevoir votre candidature spontan\u00e9e.<\/p>\n","protected":false},"author":15,"featured_media":0,"parent":0,"menu_order":3,"comment_status":"closed","ping_status":"closed","template":"page-template-initiative.php","meta":{"_et_pb_use_builder":"on","_et_pb_old_content":"","_et_gb_content_width":"","_expiration-date-status":"","_expiration-date":0,"_expiration-date-type":"","_expiration-date-categories":[],"_expiration-date-options":[]},"aioseo_notices":[],"_links":{"self":[{"href":"https:\/\/unitedprint.com\/fr\/wp-json\/wp\/v2\/pages\/4958"}],"collection":[{"href":"https:\/\/unitedprint.com\/fr\/wp-json\/wp\/v2\/pages"}],"about":[{"href":"https:\/\/unitedprint.com\/fr\/wp-json\/wp\/v2\/types\/page"}],"author":[{"embeddable":true,"href":"https:\/\/unitedprint.com\/fr\/wp-json\/wp\/v2\/users\/15"}],"replies":[{"embeddable":true,"href":"https:\/\/unitedprint.com\/fr\/wp-json\/wp\/v2\/comments?post=4958"}],"version-history":[{"count":2,"href":"https:\/\/unitedprint.com\/fr\/wp-json\/wp\/v2\/pages\/4958\/revisions"}],"predecessor-version":[{"id":4961,"href":"https:\/\/unitedprint.com\/fr\/wp-json\/wp\/v2\/pages\/4958\/revisions\/4961"}],"wp:attachment":[{"href":"https:\/\/unitedprint.com\/fr\/wp-json\/wp\/v2\/media?parent=4958"}],"curies":[{"name":"wp","href":"https:\/\/api.w.org\/{rel}","templated":true}]}}