{"id":5807,"date":"2018-11-14T08:14:37","date_gmt":"2018-11-14T07:14:37","guid":{"rendered":"https:\/\/unitedprint-se.com\/formazione\/"},"modified":"2025-03-25T09:52:53","modified_gmt":"2025-03-25T08:52:53","slug":"formazione","status":"publish","type":"page","link":"https:\/\/unitedprint.com\/it\/formazione\/","title":{"rendered":"Formazione"},"content":{"rendered":"<p>[et_pb_section fb_built=&#8221;1&#8243; _builder_version=&#8221;4.16&#8243; max_width=&#8221;1400px&#8221; module_alignment=&#8221;center&#8221; custom_margin=&#8221;0px||0px|&#8221; custom_padding=&#8221;0px||0px|&#8221; global_colors_info=&#8221;{}&#8221;][et_pb_row module_class=&#8221; et_pb_row_fullwidth&#8221; _builder_version=&#8221;4.16&#8243; width=&#8221;100%&#8221; width_tablet=&#8221;100%&#8221; width_phone=&#8221;100%&#8221; width_last_edited=&#8221;on|desktop&#8221; max_width=&#8221;100%&#8221; max_width_tablet=&#8221;100%&#8221; max_width_phone=&#8221;100%&#8221; max_width_last_edited=&#8221;on|desktop&#8221; module_alignment=&#8221;center&#8221; custom_padding=&#8221;0px||0px|&#8221; make_fullwidth=&#8221;on&#8221; global_colors_info=&#8221;{}&#8221;][et_pb_column type=&#8221;4_4&#8243; _builder_version=&#8221;4.16&#8243; custom_padding=&#8221;|||&#8221; global_colors_info=&#8221;{}&#8221; custom_padding__hover=&#8221;|||&#8221;][et_pb_image src=&#8221;https:\/\/unitedprint.com\/wordpress\/wp-content\/uploads\/2018\/09\/unitedprint-company-small.jpg&#8221; force_fullwidth=&#8221;on&#8221; align_tablet=&#8221;center&#8221; align_phone=&#8221;center&#8221; align_last_edited=&#8221;on|desktop&#8221; admin_label=&#8221;Headerbild&#8221; _builder_version=&#8221;4.16&#8243; global_colors_info=&#8221;{}&#8221;]&nbsp;<br \/>\n[\/et_pb_image][\/et_pb_column][\/et_pb_row][\/et_pb_section][et_pb_section fb_built=&#8221;1&#8243; custom_padding_last_edited=&#8221;off|desktop&#8221; _builder_version=&#8221;4.16&#8243; custom_padding=&#8221;20px||10px|&#8221; custom_padding_tablet=&#8221;20px|||&#8221; global_colors_info=&#8221;{}&#8221;][et_pb_row _builder_version=&#8221;4.16&#8243; background_size=&#8221;initial&#8221; background_position=&#8221;top_left&#8221; background_repeat=&#8221;repeat&#8221; custom_padding=&#8221;20px||0px|&#8221; global_colors_info=&#8221;{}&#8221;][et_pb_column type=&#8221;4_4&#8243; _builder_version=&#8221;4.16&#8243; custom_padding=&#8221;|||&#8221; global_colors_info=&#8221;{}&#8221; custom_padding__hover=&#8221;|||&#8221;][et_pb_blurb image=&#8221;https:\/\/unitedprint.com\/wordpress\/wp-content\/uploads\/2018\/07\/up-unitedprint-se-icon-2.svg&#8221; icon_placement=&#8221;left&#8221; image_icon_width=&#8221;40px&#8221; content_max_width=&#8221;100%&#8221; admin_label=&#8221;Ausbildung&#8221; _builder_version=&#8221;4.16&#8243; body_font=&#8221;|||on|||||&#8221; animation=&#8221;off&#8221; image_max_width=&#8221;40px&#8221; saved_tabs=&#8221;all&#8221; global_colors_info=&#8221;{}&#8221;]<\/p>\n<h1>FORMAZIONE<\/h1>\n<p>[\/et_pb_blurb][\/et_pb_column][\/et_pb_row][et_pb_row column_structure=&#8221;1_2,1_2&#8243; use_custom_gutter=&#8221;on&#8221; gutter_width=&#8221;3&#8243; _builder_version=&#8221;4.16&#8243; custom_padding=&#8221;15px||0px|&#8221; global_colors_info=&#8221;{}&#8221;][et_pb_column type=&#8221;1_2&#8243; _builder_version=&#8221;4.16&#8243; custom_padding=&#8221;|||&#8221; global_colors_info=&#8221;{}&#8221; custom_padding__hover=&#8221;|||&#8221;][et_pb_text _builder_version=&#8221;4.16&#8243; background_size=&#8221;initial&#8221; background_position=&#8221;top_left&#8221; background_repeat=&#8221;repeat&#8221; global_colors_info=&#8221;{}&#8221;]Il nostro team dinamico combina forze straordinarie come curiosit\u00e0, disponibilit\u00e0 all&#8217;apprendimento e creativit\u00e0, spirito innovativo e impegno &#8211; e soprattutto il massimo orientamento al cliente. Siamo sempre alla ricerca di persone di talento e motivate per rafforzare il nostro team, arricchire la nostra cultura e vivere i nostri valori con noi.<br \/>\n[\/et_pb_text][\/et_pb_column][et_pb_column type=&#8221;1_2&#8243; _builder_version=&#8221;4.16&#8243; custom_padding=&#8221;|||&#8221; global_colors_info=&#8221;{}&#8221; custom_padding__hover=&#8221;|||&#8221;][et_pb_text _builder_version=&#8221;4.16&#8243; background_size=&#8221;initial&#8221; background_position=&#8221;top_left&#8221; background_repeat=&#8221;repeat&#8221; global_colors_info=&#8221;{}&#8221;]Offriamo ai nostri stagisti e collaboratori non solo prospettive professionali e opportunit\u00e0 di formazione continua, ma anche un ambiente straordinario in cui incontrarsi con rispetto e apertura e in cui sviluppare le proprie idee creative.<br \/>\n[\/et_pb_text][\/et_pb_column][\/et_pb_row][et_pb_row column_structure=&#8221;1_2,1_2&#8243; _builder_version=&#8221;4.16&#8243; background_image=&#8221;https:\/\/unitedprint.com\/wordpress\/wp-content\/uploads\/2018\/11\/ausbildung_UPSE.jpg&#8221; background_position=&#8221;top_center&#8221; custom_margin=&#8221;25px||15px|&#8221; custom_padding=&#8221;25px|40px|12px|40px&#8221; global_colors_info=&#8221;{}&#8221;][et_pb_column type=&#8221;1_2&#8243; _builder_version=&#8221;4.16&#8243; custom_padding=&#8221;|||&#8221; global_colors_info=&#8221;{}&#8221; custom_padding__hover=&#8221;|||&#8221;][et_pb_text _builder_version=&#8221;4.16.0&#8243; background_size=&#8221;initial&#8221; background_position=&#8221;top_left&#8221; background_repeat=&#8221;repeat&#8221; global_colors_info=&#8221;{}&#8221;]<\/p>\n<h2><span>FORMIAMO NELLE SEGUENTI AREE<\/span>:<\/h2>\n<ul>\n<li><span>Operatori di e-commerce (f\/m\/d)<\/span><\/li>\n<li><span>Assistente alla direzione industriale (f\/m\/d)<\/span><\/li>\n<li><span>Specialista IT per lo sviluppo di applicazioni (f\/m\/d)<\/span><\/li>\n<li><span>Designer multimediale per il digitale e la stampa (f\/m\/d)<\/span><\/li>\n<\/ul>\n<p>[\/et_pb_text][\/et_pb_column][et_pb_column type=&#8221;1_2&#8243; _builder_version=&#8221;4.16&#8243; custom_padding=&#8221;|||&#8221; global_colors_info=&#8221;{}&#8221; custom_padding__hover=&#8221;|||&#8221;][\/et_pb_column][\/et_pb_row][\/et_pb_section][et_pb_section fb_built=&#8221;1&#8243; _builder_version=&#8221;4.16&#8243; custom_padding=&#8221;0px||0px|&#8221; global_colors_info=&#8221;{}&#8221;][et_pb_row _builder_version=&#8221;4.16&#8243; custom_padding=&#8221;0px||0px|&#8221; global_colors_info=&#8221;{}&#8221;][et_pb_column type=&#8221;4_4&#8243; _builder_version=&#8221;4.16&#8243; custom_padding=&#8221;|||&#8221; global_colors_info=&#8221;{}&#8221; custom_padding__hover=&#8221;|||&#8221;][et_pb_text admin_label=&#8221;HABEN WIR IHR INTERESSE GEWECKT?&#8221; _builder_version=&#8221;4.16&#8243; background_size=&#8221;initial&#8221; background_position=&#8221;top_left&#8221; background_repeat=&#8221;repeat&#8221; global_colors_info=&#8221;{}&#8221;]<\/p>\n<h2>ABBIAMO SUSCITATO IL SUO INTERESSE?<\/h2>\n<p>In tal caso, invii la sua candidatura dettagliata per posta, e-mail o online a<br \/>\n[\/et_pb_text][\/et_pb_column][\/et_pb_row][et_pb_row column_structure=&#8221;1_3,1_3,1_3&#8243; _builder_version=&#8221;4.16&#8243; custom_padding=&#8221;0px||0px|&#8221; global_colors_info=&#8221;{}&#8221;][et_pb_column type=&#8221;1_3&#8243; _builder_version=&#8221;4.16&#8243; custom_padding=&#8221;|||&#8221; global_colors_info=&#8221;{}&#8221; custom_padding__hover=&#8221;|||&#8221;][et_pb_text admin_label=&#8221;Per Postweg&#8221; _builder_version=&#8221;4.16.0&#8243; global_colors_info=&#8221;{}&#8221;]<\/p>\n<p>&nbsp;<\/p>\n<p>Unitedprint.com SE<br \/>Romy Bitterlich<br \/>Friedrich-List-Stra\u00dfe 3<br \/>01445 Radebeul<br \/>Germania<\/p>\n<p>[\/et_pb_text][\/et_pb_column][et_pb_column type=&#8221;1_3&#8243; _builder_version=&#8221;4.16&#8243; custom_padding=&#8221;|||&#8221; global_colors_info=&#8221;{}&#8221; custom_padding__hover=&#8221;|||&#8221;][et_pb_text admin_label=&#8221;Per Postweg&#8221; _builder_version=&#8221;4.16.0&#8243; global_colors_info=&#8221;{}&#8221;]<\/p>\n<p>&nbsp;<\/p>\n<p>Romy Bitterlich<br \/><a href=\"&#x6d;&#x61;&#105;l&#x74;&#x6f;&#58;&#106;o&#x62;&#x73;&#64;&#117;n&#x69;&#x74;&#101;dp&#x72;&#x69;&#110;t&#x2e;&#x64;&#101;\">j&#111;&#x62;&#x73;&#64;&#117;&#x6e;&#x69;t&#101;&#x64;&#x70;r&#105;&#x6e;&#x74;&#46;&#100;&#x65;<\/a><\/p>\n<p>[\/et_pb_text][\/et_pb_column][et_pb_column type=&#8221;1_3&#8243; _builder_version=&#8221;4.16&#8243; custom_padding=&#8221;|||&#8221; global_colors_info=&#8221;{}&#8221; custom_padding__hover=&#8221;|||&#8221;][et_pb_button button_url=&#8221;https:\/\/unitedprint.com\/it\/posti-di-lavoro\/&#8221; button_text=&#8221;Si candidi online adesso!&#8221; admin_label=&#8221;Button&#8221; _builder_version=&#8221;4.16.0&#8243; custom_button=&#8221;on&#8221; button_use_icon=&#8221;off&#8221; background_layout=&#8221;dark&#8221; global_colors_info=&#8221;{}&#8221; button_text_size__hover_enabled=&#8221;off&#8221; button_one_text_size__hover_enabled=&#8221;off&#8221; button_two_text_size__hover_enabled=&#8221;off&#8221; button_text_color__hover_enabled=&#8221;off&#8221; button_one_text_color__hover_enabled=&#8221;off&#8221; button_two_text_color__hover_enabled=&#8221;off&#8221; button_border_width__hover_enabled=&#8221;off&#8221; button_one_border_width__hover_enabled=&#8221;off&#8221; button_two_border_width__hover_enabled=&#8221;off&#8221; button_border_color__hover_enabled=&#8221;off&#8221; button_one_border_color__hover_enabled=&#8221;off&#8221; button_two_border_color__hover_enabled=&#8221;off&#8221; button_border_radius__hover_enabled=&#8221;off&#8221; button_one_border_radius__hover_enabled=&#8221;off&#8221; button_two_border_radius__hover_enabled=&#8221;off&#8221; button_letter_spacing__hover_enabled=&#8221;off&#8221; button_one_letter_spacing__hover_enabled=&#8221;off&#8221; button_two_letter_spacing__hover_enabled=&#8221;off&#8221; button_bg_color__hover_enabled=&#8221;off&#8221; button_one_bg_color__hover_enabled=&#8221;off&#8221; button_two_bg_color__hover_enabled=&#8221;off&#8221;]&nbsp;<br \/>\n[\/et_pb_button][\/et_pb_column][\/et_pb_row][et_pb_row _builder_version=&#8221;4.16&#8243; custom_padding=&#8221;20px||25px|&#8221; global_colors_info=&#8221;{}&#8221;][et_pb_column type=&#8221;4_4&#8243; _builder_version=&#8221;4.16&#8243; custom_padding=&#8221;|||&#8221; global_colors_info=&#8221;{}&#8221; custom_padding__hover=&#8221;|||&#8221;][et_pb_text admin_label=&#8221;Wir freuen uns auf Ihre Bewerbung&#8221; _builder_version=&#8221;4.16&#8243; custom_padding=&#8221;||0px|&#8221; global_colors_info=&#8221;{}&#8221;]<strong>Saremo lieti di ricevere la sua candidatura!<\/strong><br \/>\n[\/et_pb_text][\/et_pb_column][\/et_pb_row][\/et_pb_section][et_pb_section fb_built=&#8221;1&#8243; _builder_version=&#8221;4.16&#8243; background_color=&#8221;#006eb9&#8243; custom_padding=&#8221;20px||20px|&#8221; global_colors_info=&#8221;{}&#8221;][et_pb_row _builder_version=&#8221;4.16&#8243; background_size=&#8221;initial&#8221; background_position=&#8221;top_left&#8221; background_repeat=&#8221;repeat&#8221; module_alignment=&#8221;center&#8221; custom_margin=&#8221;0px||0px|&#8221; custom_padding=&#8221;20px||0px|&#8221; global_colors_info=&#8221;{}&#8221;][et_pb_column type=&#8221;4_4&#8243; _builder_version=&#8221;4.16&#8243; custom_padding=&#8221;|||&#8221; global_colors_info=&#8221;{}&#8221; custom_padding__hover=&#8221;|||&#8221;][et_pb_text _builder_version=&#8221;4.16.0&#8243; text_orientation=&#8221;center&#8221; module_alignment=&#8221;center&#8221; custom_margin=&#8221;0px||0px|&#8221; custom_padding=&#8221;0px||0px|&#8221; hover_enabled=&#8221;0&#8243; global_colors_info=&#8221;{}&#8221; sticky_enabled=&#8221;0&#8243;]<a href=\"\/it\/infowerk2\/\"><img style=\"height: 20px; margin: 0 31px 10px 0;\" src=\"\/wordpress\/wp-content\/uploads\/2025\/03\/IW-Logo-1000x500-1.png\" alt=\"\" \/><\/a><a href=\"\/it\/print24\/\"><img style=\"height: 25px; margin: 0 32px 10px 0;\" src=\"\/wordpress\/wp-content\/uploads\/2018\/07\/print24-logo-weiss.svg\" alt=\"\" border=\"0\" \/><\/a><a href=\"\/it\/easyprint\/\"><img style=\"height: 22px; margin: 0 31px 10px 0;\" src=\"\/wordpress\/wp-content\/uploads\/2025\/03\/Easyprint-Logo_Easyprint-Logo-1.png\" alt=\"\" \/><\/a><a href=\"\/it\/unitedprint-shop-services\/\"><img style=\"height: 25px; margin: 0 0 10px 0;\" src=\"\/wordpress\/wp-content\/uploads\/2018\/10\/unitedprint-shop-service-logo-weiss.svg\" alt=\"\" \/><\/a>[\/et_pb_text][\/et_pb_column][\/et_pb_row][\/et_pb_section]<\/p>\n","protected":false},"excerpt":{"rendered":"<p>&nbsp; FORMAZIONE Il nostro team dinamico combina forze straordinarie come curiosit\u00e0, disponibilit\u00e0 all&#8217;apprendimento e creativit\u00e0, spirito innovativo e impegno &#8211; e soprattutto il massimo orientamento al cliente. Siamo sempre alla ricerca di persone di talento e motivate per rafforzare il nostro team, arricchire la nostra cultura e vivere i nostri valori con noi. Offriamo ai [&hellip;]<\/p>\n","protected":false},"author":15,"featured_media":0,"parent":0,"menu_order":3,"comment_status":"closed","ping_status":"closed","template":"","meta":{"_et_pb_use_builder":"on","_et_pb_old_content":"","_et_gb_content_width":"","_expiration-date-status":"","_expiration-date":0,"_expiration-date-type":"","_expiration-date-categories":[],"_expiration-date-options":[]},"aioseo_notices":[],"_links":{"self":[{"href":"https:\/\/unitedprint.com\/it\/wp-json\/wp\/v2\/pages\/5807"}],"collection":[{"href":"https:\/\/unitedprint.com\/it\/wp-json\/wp\/v2\/pages"}],"about":[{"href":"https:\/\/unitedprint.com\/it\/wp-json\/wp\/v2\/types\/page"}],"author":[{"embeddable":true,"href":"https:\/\/unitedprint.com\/it\/wp-json\/wp\/v2\/users\/15"}],"replies":[{"embeddable":true,"href":"https:\/\/unitedprint.com\/it\/wp-json\/wp\/v2\/comments?post=5807"}],"version-history":[{"count":22,"href":"https:\/\/unitedprint.com\/it\/wp-json\/wp\/v2\/pages\/5807\/revisions"}],"predecessor-version":[{"id":16201,"href":"https:\/\/unitedprint.com\/it\/wp-json\/wp\/v2\/pages\/5807\/revisions\/16201"}],"wp:attachment":[{"href":"https:\/\/unitedprint.com\/it\/wp-json\/wp\/v2\/media?parent=5807"}],"curies":[{"name":"wp","href":"https:\/\/api.w.org\/{rel}","templated":true}]}}